{"id":3759,"date":"2025-12-15T12:27:32","date_gmt":"2025-12-15T11:27:32","guid":{"rendered":"https:\/\/dinamobesturing.nl\/rm-c-1-rev04-complet\/"},"modified":"2025-12-15T12:27:32","modified_gmt":"2025-12-15T11:27:32","slug":"rm-c-1-rev04-complet","status":"publish","type":"product","link":"https:\/\/dinamobesturing.nl\/fr\/rm-c-1-rev04-complet\/","title":{"rendered":"RM-C\/1+ Rev04 Complet"},"content":{"rendered":"<p>Le RM-C1+ est l\u2019\u00e9l\u00e9ment central de tout syst\u00e8me Dinamo. En tant que pivot du r\u00e9seau, ce module connecte vos composants Dinamo TM44, OC32 et UCCI \u00e0 l\u2019ordinateur. Le RM-C\/1+ est un module \u00e0 bus unique qui peut \u00eatre plac\u00e9 au d\u00e9but ou au milieu du bus RS485. Le module peut accueillir 32 modules TM44 et 16 modules OC32. Si un UCCI y est connect\u00e9, il faut tenir compte du fait que l\u2019UCCI \u00e9quivaut \u00e0 deux modules TM44.    <\/p>\n","protected":false},"excerpt":{"rendered":"<p>L\u2019unit\u00e9 centrale de base pour Dinamo<\/p>\n","protected":false},"featured_media":2951,"template":"","meta":{"_acf_changed":false},"product_brand":[],"product_cat":[208],"product_tag":[],"class_list":{"0":"post-3759","1":"product","2":"type-product","3":"status-publish","4":"has-post-thumbnail","6":"product_cat-produit-dinamo","7":"product_shipping_class-paquet","9":"first","10":"instock","11":"taxable","12":"shipping-taxable","13":"product-type-simple"},"acf":[],"jetpack_sharing_enabled":true,"_links":{"self":[{"href":"https:\/\/dinamobesturing.nl\/fr\/wp-json\/wp\/v2\/product\/3759","targetHints":{"allow":["GET"]}}],"collection":[{"href":"https:\/\/dinamobesturing.nl\/fr\/wp-json\/wp\/v2\/product"}],"about":[{"href":"https:\/\/dinamobesturing.nl\/fr\/wp-json\/wp\/v2\/types\/product"}],"wp:featuredmedia":[{"embeddable":true,"href":"https:\/\/dinamobesturing.nl\/fr\/wp-json\/wp\/v2\/media\/2951"}],"wp:attachment":[{"href":"https:\/\/dinamobesturing.nl\/fr\/wp-json\/wp\/v2\/media?parent=3759"}],"wp:term":[{"taxonomy":"product_brand","embeddable":true,"href":"https:\/\/dinamobesturing.nl\/fr\/wp-json\/wp\/v2\/product_brand?post=3759"},{"taxonomy":"product_cat","embeddable":true,"href":"https:\/\/dinamobesturing.nl\/fr\/wp-json\/wp\/v2\/product_cat?post=3759"},{"taxonomy":"product_tag","embeddable":true,"href":"https:\/\/dinamobesturing.nl\/fr\/wp-json\/wp\/v2\/product_tag?post=3759"}],"curies":[{"name":"wp","href":"https:\/\/api.w.org\/{rel}","templated":true}]}}