{"id":3757,"date":"2025-12-15T12:27:33","date_gmt":"2025-12-15T11:27:33","guid":{"rendered":"https:\/\/dinamobesturing.nl\/sp04a-rev00\/"},"modified":"2025-12-15T12:27:33","modified_gmt":"2025-12-15T11:27:33","slug":"sp04a-rev00","status":"publish","type":"product","link":"https:\/\/dinamobesturing.nl\/fr\/sp04a-rev00\/","title":{"rendered":"SP04A Rev00"},"content":{"rendered":"<p>Le SP04A est sp\u00e9cialement con\u00e7u pour stabiliser et antiparasiter les servos sur place. Le SP04A peut accueillir 4 servos et compl\u00e8te la s\u00e9rie OC32. <\/p>\n","protected":false},"excerpt":{"rendered":"<p>Module de connexion pour 4 servos<\/p>\n","protected":false},"featured_media":2957,"template":"","meta":{"_acf_changed":false},"product_brand":[],"product_cat":[200],"product_tag":[],"class_list":{"0":"post-3757","1":"product","2":"type-product","3":"status-publish","4":"has-post-thumbnail","6":"product_cat-produit-oc32","7":"product_shipping_class-paquet","9":"first","10":"instock","11":"taxable","12":"shipping-taxable","13":"product-type-simple"},"acf":[],"jetpack_sharing_enabled":true,"_links":{"self":[{"href":"https:\/\/dinamobesturing.nl\/fr\/wp-json\/wp\/v2\/product\/3757","targetHints":{"allow":["GET"]}}],"collection":[{"href":"https:\/\/dinamobesturing.nl\/fr\/wp-json\/wp\/v2\/product"}],"about":[{"href":"https:\/\/dinamobesturing.nl\/fr\/wp-json\/wp\/v2\/types\/product"}],"wp:featuredmedia":[{"embeddable":true,"href":"https:\/\/dinamobesturing.nl\/fr\/wp-json\/wp\/v2\/media\/2957"}],"wp:attachment":[{"href":"https:\/\/dinamobesturing.nl\/fr\/wp-json\/wp\/v2\/media?parent=3757"}],"wp:term":[{"taxonomy":"product_brand","embeddable":true,"href":"https:\/\/dinamobesturing.nl\/fr\/wp-json\/wp\/v2\/product_brand?post=3757"},{"taxonomy":"product_cat","embeddable":true,"href":"https:\/\/dinamobesturing.nl\/fr\/wp-json\/wp\/v2\/product_cat?post=3757"},{"taxonomy":"product_tag","embeddable":true,"href":"https:\/\/dinamobesturing.nl\/fr\/wp-json\/wp\/v2\/product_tag?post=3757"}],"curies":[{"name":"wp","href":"https:\/\/api.w.org\/{rel}","templated":true}]}}