{"id":3754,"date":"2025-12-15T12:27:31","date_gmt":"2025-12-15T11:27:31","guid":{"rendered":"https:\/\/dinamobesturing.nl\/capteur-a-effet-hall-pour-shdec-pack-de-8\/"},"modified":"2025-12-15T12:27:31","modified_gmt":"2025-12-15T11:27:31","slug":"capteur-a-effet-hall-pour-shdec-pack-de-8","status":"publish","type":"product","link":"https:\/\/dinamobesturing.nl\/fr\/capteur-a-effet-hall-pour-shdec-pack-de-8\/","title":{"rendered":"Capteur \u00e0 effet Hall pour SHdec &#8211; pack de 8"},"content":{"rendered":"<p>Capteurs \u00e0 effet Hall suppl\u00e9mentaires pour le Shdec<\/p>\n","protected":false},"excerpt":{"rendered":"<p>Capteurs \u00e0 effet Hall suppl\u00e9mentaires pour le Shdec<\/p>\n","protected":false},"featured_media":2978,"template":"","meta":{"_acf_changed":false},"product_brand":[],"product_cat":[210],"product_tag":[],"class_list":{"0":"post-3754","1":"product","2":"type-product","3":"status-publish","4":"has-post-thumbnail","6":"product_cat-produit-mcc","7":"product_shipping_class-paquet","9":"first","10":"instock","11":"taxable","12":"shipping-taxable","13":"product-type-simple"},"acf":[],"jetpack_sharing_enabled":true,"_links":{"self":[{"href":"https:\/\/dinamobesturing.nl\/fr\/wp-json\/wp\/v2\/product\/3754","targetHints":{"allow":["GET"]}}],"collection":[{"href":"https:\/\/dinamobesturing.nl\/fr\/wp-json\/wp\/v2\/product"}],"about":[{"href":"https:\/\/dinamobesturing.nl\/fr\/wp-json\/wp\/v2\/types\/product"}],"wp:featuredmedia":[{"embeddable":true,"href":"https:\/\/dinamobesturing.nl\/fr\/wp-json\/wp\/v2\/media\/2978"}],"wp:attachment":[{"href":"https:\/\/dinamobesturing.nl\/fr\/wp-json\/wp\/v2\/media?parent=3754"}],"wp:term":[{"taxonomy":"product_brand","embeddable":true,"href":"https:\/\/dinamobesturing.nl\/fr\/wp-json\/wp\/v2\/product_brand?post=3754"},{"taxonomy":"product_cat","embeddable":true,"href":"https:\/\/dinamobesturing.nl\/fr\/wp-json\/wp\/v2\/product_cat?post=3754"},{"taxonomy":"product_tag","embeddable":true,"href":"https:\/\/dinamobesturing.nl\/fr\/wp-json\/wp\/v2\/product_tag?post=3754"}],"curies":[{"name":"wp","href":"https:\/\/api.w.org\/{rel}","templated":true}]}}