{"id":3751,"date":"2025-12-15T12:27:32","date_gmt":"2025-12-15T11:27:32","guid":{"rendered":"https:\/\/dinamobesturing.nl\/oc32-ng-ad-complet\/"},"modified":"2025-12-15T12:27:32","modified_gmt":"2025-12-15T11:27:32","slug":"oc32-ng-ad-complet","status":"publish","type":"product","link":"https:\/\/dinamobesturing.nl\/fr\/oc32-ng-ad-complet\/","title":{"rendered":"OC32\/NG-AD Complet"},"content":{"rendered":"<p>OC32 \u2013 Le d\u00e9codeur d\u2019accessoires polyvalent par excellence. Pilotez des aiguillages, des servos, des moteurs, des \u00e9clairages et des signaux avec un seul et m\u00eame contr\u00f4leur. Le contr\u00f4leur d\u2019accessoires multifonction OC32\/NG vous permet d\u2019utiliser librement 32 sorties pour tous vos aiguillages, signaux et autres accessoires sur et le long de votre r\u00e9seau ferroviaire. Une fonctionnalit\u00e9 maximale dans un seul module. \u00c9quip\u00e9 de banques d\u2019amplificateurs ADM pour des pilotes renforc\u00e9s jusqu\u2019\u00e0 2 500 mA, d\u2019une interface DCC, d\u2019une interface RS485 et de diverses options de pilotes. \u00c9quip\u00e9 de s\u00e9rie de 4 pilotes sink de 500 mA. Les pilotes peuvent \u00eatre remplac\u00e9s ou compl\u00e9t\u00e9s par des pilotes source ou des banques de r\u00e9sistances par groupes de 8 sorties. Vous pouvez \u00e9galement faire varier la tension de commutation par groupes de 16 sorties \u00e0 l\u2019aide de 2 cavaliers, sans influencer l\u2019alimentation centrale.       <\/p>\n","protected":false},"excerpt":{"rendered":"<p>Module avec bo\u00eetier<\/p>\n","protected":false},"featured_media":2937,"template":"","meta":{"_acf_changed":false},"product_brand":[],"product_cat":[200],"product_tag":[],"class_list":{"0":"post-3751","1":"product","2":"type-product","3":"status-publish","4":"has-post-thumbnail","6":"product_cat-produit-oc32","7":"product_shipping_class-paquet","9":"first","10":"instock","11":"taxable","12":"shipping-taxable","13":"product-type-simple"},"acf":[],"jetpack_sharing_enabled":true,"_links":{"self":[{"href":"https:\/\/dinamobesturing.nl\/fr\/wp-json\/wp\/v2\/product\/3751","targetHints":{"allow":["GET"]}}],"collection":[{"href":"https:\/\/dinamobesturing.nl\/fr\/wp-json\/wp\/v2\/product"}],"about":[{"href":"https:\/\/dinamobesturing.nl\/fr\/wp-json\/wp\/v2\/types\/product"}],"wp:featuredmedia":[{"embeddable":true,"href":"https:\/\/dinamobesturing.nl\/fr\/wp-json\/wp\/v2\/media\/2937"}],"wp:attachment":[{"href":"https:\/\/dinamobesturing.nl\/fr\/wp-json\/wp\/v2\/media?parent=3751"}],"wp:term":[{"taxonomy":"product_brand","embeddable":true,"href":"https:\/\/dinamobesturing.nl\/fr\/wp-json\/wp\/v2\/product_brand?post=3751"},{"taxonomy":"product_cat","embeddable":true,"href":"https:\/\/dinamobesturing.nl\/fr\/wp-json\/wp\/v2\/product_cat?post=3751"},{"taxonomy":"product_tag","embeddable":true,"href":"https:\/\/dinamobesturing.nl\/fr\/wp-json\/wp\/v2\/product_tag?post=3751"}],"curies":[{"name":"wp","href":"https:\/\/api.w.org\/{rel}","templated":true}]}}