{"id":3748,"date":"2025-12-15T12:27:33","date_gmt":"2025-12-15T11:27:33","guid":{"rendered":"https:\/\/dinamobesturing.nl\/rm-c-2-rev04-complet\/"},"modified":"2025-12-15T12:27:33","modified_gmt":"2025-12-15T11:27:33","slug":"rm-c-2-rev04-complet","status":"publish","type":"product","link":"https:\/\/dinamobesturing.nl\/fr\/rm-c-2-rev04-complet\/","title":{"rendered":"RM-C\/2 Rev04 Complet"},"content":{"rendered":"<p>La RM-C2 est l\u2019\u00e9l\u00e9ment central de tout syst\u00e8me Dinamo. V\u00e9ritable pivot, ce module connecte vos composants Dinamo TM44, OC32 et UCCI \u00e0 l\u2019ordinateur. La RM-C\/2 est un module \u00e0 double bus, ce qui signifie que deux bus Dinamo peuvent \u00eatre configur\u00e9s. Le module peut accueillir 64 modules TM44 et 32 modules OC32. Si une unit\u00e9 UCCI est connect\u00e9e, veuillez noter qu\u2019une UCCI \u00e9quivaut \u00e0 deux modules TM44.    <\/p>\n","protected":false},"excerpt":{"rendered":"<p>L\u2019unit\u00e9 centrale \u00e0 double bus pour Dinamo<\/p>\n","protected":false},"featured_media":2953,"template":"","meta":{"_acf_changed":false},"product_brand":[],"product_cat":[208],"product_tag":[],"class_list":{"0":"post-3748","1":"product","2":"type-product","3":"status-publish","4":"has-post-thumbnail","6":"product_cat-produit-dinamo","7":"product_shipping_class-paquet","9":"first","10":"instock","11":"taxable","12":"shipping-taxable","13":"product-type-simple"},"acf":[],"jetpack_sharing_enabled":true,"_links":{"self":[{"href":"https:\/\/dinamobesturing.nl\/fr\/wp-json\/wp\/v2\/product\/3748","targetHints":{"allow":["GET"]}}],"collection":[{"href":"https:\/\/dinamobesturing.nl\/fr\/wp-json\/wp\/v2\/product"}],"about":[{"href":"https:\/\/dinamobesturing.nl\/fr\/wp-json\/wp\/v2\/types\/product"}],"wp:featuredmedia":[{"embeddable":true,"href":"https:\/\/dinamobesturing.nl\/fr\/wp-json\/wp\/v2\/media\/2953"}],"wp:attachment":[{"href":"https:\/\/dinamobesturing.nl\/fr\/wp-json\/wp\/v2\/media?parent=3748"}],"wp:term":[{"taxonomy":"product_brand","embeddable":true,"href":"https:\/\/dinamobesturing.nl\/fr\/wp-json\/wp\/v2\/product_brand?post=3748"},{"taxonomy":"product_cat","embeddable":true,"href":"https:\/\/dinamobesturing.nl\/fr\/wp-json\/wp\/v2\/product_cat?post=3748"},{"taxonomy":"product_tag","embeddable":true,"href":"https:\/\/dinamobesturing.nl\/fr\/wp-json\/wp\/v2\/product_tag?post=3748"}],"curies":[{"name":"wp","href":"https:\/\/api.w.org\/{rel}","templated":true}]}}