{"id":3744,"date":"2025-12-15T12:27:32","date_gmt":"2025-12-15T11:27:32","guid":{"rendered":"https:\/\/dinamobesturing.nl\/oc32-adm-pfh\/"},"modified":"2025-12-15T12:27:32","modified_gmt":"2025-12-15T11:27:32","slug":"oc32-adm-pfh","status":"publish","type":"product","link":"https:\/\/dinamobesturing.nl\/fr\/oc32-adm-pfh\/","title":{"rendered":"OC32-ADM\/PFH"},"content":{"rendered":"<p>Module d\u2019amplification FULL H-Bridge. Convient \u00e9galement pour le multiplexage de bobines d\u2019aiguillage (MX). Ce module permet d\u2019amplifier un groupe de 8 broches de 500 mA \u00e0 5 000 mA. Avec un Full H-Bridge, il est possible de piloter des moteurs devant tourner dans deux directions. Ce module est \u00e9galement requis pour la commande de bobines magn\u00e9tiques \u00e0 2 fils telles que Tillig et Kato.   <\/p>\n","protected":false},"excerpt":{"rendered":"<p>Pour moteurs et bobines magn\u00e9tiques \u00e0 2 fils<\/p>\n","protected":false},"featured_media":2945,"template":"","meta":{"_acf_changed":false},"product_brand":[],"product_cat":[200],"product_tag":[],"class_list":{"0":"post-3744","1":"product","2":"type-product","3":"status-publish","4":"has-post-thumbnail","6":"product_cat-produit-oc32","7":"product_shipping_class-paquet","9":"first","10":"instock","11":"taxable","12":"shipping-taxable","13":"product-type-simple"},"acf":[],"jetpack_sharing_enabled":true,"_links":{"self":[{"href":"https:\/\/dinamobesturing.nl\/fr\/wp-json\/wp\/v2\/product\/3744","targetHints":{"allow":["GET"]}}],"collection":[{"href":"https:\/\/dinamobesturing.nl\/fr\/wp-json\/wp\/v2\/product"}],"about":[{"href":"https:\/\/dinamobesturing.nl\/fr\/wp-json\/wp\/v2\/types\/product"}],"wp:featuredmedia":[{"embeddable":true,"href":"https:\/\/dinamobesturing.nl\/fr\/wp-json\/wp\/v2\/media\/2945"}],"wp:attachment":[{"href":"https:\/\/dinamobesturing.nl\/fr\/wp-json\/wp\/v2\/media?parent=3744"}],"wp:term":[{"taxonomy":"product_brand","embeddable":true,"href":"https:\/\/dinamobesturing.nl\/fr\/wp-json\/wp\/v2\/product_brand?post=3744"},{"taxonomy":"product_cat","embeddable":true,"href":"https:\/\/dinamobesturing.nl\/fr\/wp-json\/wp\/v2\/product_cat?post=3744"},{"taxonomy":"product_tag","embeddable":true,"href":"https:\/\/dinamobesturing.nl\/fr\/wp-json\/wp\/v2\/product_tag?post=3744"}],"curies":[{"name":"wp","href":"https:\/\/api.w.org\/{rel}","templated":true}]}}