{"id":3742,"date":"2025-12-15T12:27:32","date_gmt":"2025-12-15T11:27:32","guid":{"rendered":"https:\/\/dinamobesturing.nl\/mddec-rev02p\/"},"modified":"2025-12-15T12:27:32","modified_gmt":"2025-12-15T11:27:32","slug":"mddec-rev02p","status":"publish","type":"product","link":"https:\/\/dinamobesturing.nl\/fr\/mddec-rev02p\/","title":{"rendered":"MDdec Rev02P"},"content":{"rendered":"<p>Le manuel OC32 3.0 d\u00e9crit comment raccorder des bobines d\u2019aiguillage \u00e0 l\u2019OC32. Chaque aiguillage n\u00e9cessite deux sorties OC32 plus 2 transistors pour amplifier le courant. Si vous utilisez un DS32, cela vous co\u00fbte \u00e9galement deux connexions sur le DS32. L\u2019ensemble reste une solution relativement \u00e9conomique, mais il est possible de gagner en efficacit\u00e9. C\u2019est particuli\u00e8rement int\u00e9ressant si vous souhaitez raccorder un grand nombre d\u2019aiguillages. Le multiplexage d\u2019aiguillages permet d\u2019\u00e9conomiser sur l\u2019\u00e9lectronique de puissance et le c\u00e2blage. Pour commander 32 aiguillages, vous avez normalement besoin de 65 fils et 64 sorties : un fil et une sortie par bobine, plus un fil commun pour toutes les connexions centrales des entra\u00eenements \u00e0 double bobine. Avec le multiplexage, ce nombre est r\u00e9duit \u00e0 16 fils et 16 sorties. Dans le cas de l\u2019OC32, vous pouvez r\u00e9utiliser les sorties \u00e9conomis\u00e9es pour d\u2019autres applications. L\u2019\u00e9conomie cro\u00eet de mani\u00e8re exponentielle. Jusqu\u2019\u00e0 4 aiguillages, l\u2019\u00e9conomie est minimale, voire n\u00e9gative. Plus il y a d\u2019aiguillages, plus vous \u00e9conomisez. Vous pouvez cr\u00e9er la matrice vous-m\u00eame avec des fils, ajouter les diodes et \u00e9ventuellement des composants d\u2019antiparasitage. Cependant, vous pouvez aussi utiliser le MDdec. Ce circuit imprim\u00e9 est lui-m\u00eame une petite matrice de 4 x 4, int\u00e9grant d\u00e9j\u00e0 les diodes et les condensateurs d\u2019antiparasitage, et assure le couplage vers 8 aiguillages. Il s\u2019agit donc en fait de deux fois le sch\u00e9ma de la figure 3. Les MDdecs peuvent \u00eatre mont\u00e9s en cascade pour former une matrice plus grande. Avec 2 MDdecs, vous cr\u00e9ez une matrice 4 x 8 et avec 4 MDdecs, une matrice 8 x 8.                 <\/p>\n","protected":false},"excerpt":{"rendered":"<p>Avec connecteurs<\/p>\n","protected":false},"featured_media":2933,"template":"","meta":{"_acf_changed":false},"product_brand":[],"product_cat":[200],"product_tag":[],"class_list":{"0":"post-3742","1":"product","2":"type-product","3":"status-publish","4":"has-post-thumbnail","6":"product_cat-produit-oc32","7":"product_shipping_class-paquet","9":"first","10":"instock","11":"taxable","12":"shipping-taxable","13":"product-type-simple"},"acf":[],"jetpack_sharing_enabled":true,"_links":{"self":[{"href":"https:\/\/dinamobesturing.nl\/fr\/wp-json\/wp\/v2\/product\/3742","targetHints":{"allow":["GET"]}}],"collection":[{"href":"https:\/\/dinamobesturing.nl\/fr\/wp-json\/wp\/v2\/product"}],"about":[{"href":"https:\/\/dinamobesturing.nl\/fr\/wp-json\/wp\/v2\/types\/product"}],"wp:featuredmedia":[{"embeddable":true,"href":"https:\/\/dinamobesturing.nl\/fr\/wp-json\/wp\/v2\/media\/2933"}],"wp:attachment":[{"href":"https:\/\/dinamobesturing.nl\/fr\/wp-json\/wp\/v2\/media?parent=3742"}],"wp:term":[{"taxonomy":"product_brand","embeddable":true,"href":"https:\/\/dinamobesturing.nl\/fr\/wp-json\/wp\/v2\/product_brand?post=3742"},{"taxonomy":"product_cat","embeddable":true,"href":"https:\/\/dinamobesturing.nl\/fr\/wp-json\/wp\/v2\/product_cat?post=3742"},{"taxonomy":"product_tag","embeddable":true,"href":"https:\/\/dinamobesturing.nl\/fr\/wp-json\/wp\/v2\/product_tag?post=3742"}],"curies":[{"name":"wp","href":"https:\/\/api.w.org\/{rel}","templated":true}]}}