{"id":3737,"date":"2025-12-15T12:27:31","date_gmt":"2025-12-15T11:27:31","guid":{"rendered":"https:\/\/dinamobesturing.nl\/set-dtsv2-100-hs\/"},"modified":"2025-12-15T12:27:31","modified_gmt":"2025-12-15T11:27:31","slug":"set-dtsv2-100-hs","status":"publish","type":"product","link":"https:\/\/dinamobesturing.nl\/fr\/set-dtsv2-100-hs\/","title":{"rendered":"Set DTSv2-100\/HS"},"content":{"rendered":"<p>Module de d\u00e9tection DTS100 pour plaques tournantes H0 de Fleischmann et M\u00e4rklin. Aimant avec support inclus, kit de montage DTS100, c\u00e2ble d\u2019alimentation DTS, c\u00e2ble de donn\u00e9es DTS. <\/p>\n","protected":false},"excerpt":{"rendered":"<p>Version \u00e0 l\u2019\u00e9chelle H0<\/p>\n","protected":false},"featured_media":3222,"template":"","meta":{"_acf_changed":false},"product_brand":[],"product_cat":[198],"product_tag":[],"class_list":{"0":"post-3737","1":"product","2":"type-product","3":"status-publish","4":"has-post-thumbnail","6":"product_cat-produit-dinasys","7":"product_shipping_class-paquet","9":"first","10":"instock","11":"taxable","12":"shipping-taxable","13":"product-type-simple"},"acf":[],"jetpack_sharing_enabled":true,"_links":{"self":[{"href":"https:\/\/dinamobesturing.nl\/fr\/wp-json\/wp\/v2\/product\/3737","targetHints":{"allow":["GET"]}}],"collection":[{"href":"https:\/\/dinamobesturing.nl\/fr\/wp-json\/wp\/v2\/product"}],"about":[{"href":"https:\/\/dinamobesturing.nl\/fr\/wp-json\/wp\/v2\/types\/product"}],"wp:featuredmedia":[{"embeddable":true,"href":"https:\/\/dinamobesturing.nl\/fr\/wp-json\/wp\/v2\/media\/3222"}],"wp:attachment":[{"href":"https:\/\/dinamobesturing.nl\/fr\/wp-json\/wp\/v2\/media?parent=3737"}],"wp:term":[{"taxonomy":"product_brand","embeddable":true,"href":"https:\/\/dinamobesturing.nl\/fr\/wp-json\/wp\/v2\/product_brand?post=3737"},{"taxonomy":"product_cat","embeddable":true,"href":"https:\/\/dinamobesturing.nl\/fr\/wp-json\/wp\/v2\/product_cat?post=3737"},{"taxonomy":"product_tag","embeddable":true,"href":"https:\/\/dinamobesturing.nl\/fr\/wp-json\/wp\/v2\/product_tag?post=3737"}],"curies":[{"name":"wp","href":"https:\/\/api.w.org\/{rel}","templated":true}]}}