{"id":3736,"date":"2025-12-15T12:27:31","date_gmt":"2025-12-15T11:27:31","guid":{"rendered":"https:\/\/dinamobesturing.nl\/module-mccdec03-mc-mcc-mc\/"},"modified":"2025-12-15T12:27:31","modified_gmt":"2025-12-15T11:27:31","slug":"module-mccdec03-mc-mcc-mc","status":"publish","type":"product","link":"https:\/\/dinamobesturing.nl\/fr\/module-mccdec03-mc-mcc-mc\/","title":{"rendered":"Module MCCdec03\/MC + MCC-MC"},"content":{"rendered":"<p>Dans un monde miniature moderne, on trouve de plus en plus souvent des voitures miniatures roulantes. Dans la plupart des cas, les voitures sont guid\u00e9es par un fil d\u2019acier ou une bande magn\u00e9tique suivis par un aimant dans la direction du v\u00e9hicule. Le syst\u00e8me Dinamo\/MCC permet de piloter ces voitures de mani\u00e8re avanc\u00e9e. \u00c0 cet effet, les voitures sont \u00e9quip\u00e9es d\u2019un d\u00e9codeur qui re\u00e7oit des commandes via un syst\u00e8me de transmission sans fil int\u00e9gr\u00e9 \u00e0 la chauss\u00e9e. Les v\u00e9hicules peuvent \u00eatre des mod\u00e8les analogiques existants convertis en mod\u00e8les num\u00e9riques Dinamo\/MCC, ou des mod\u00e8les statiques \u00e9quip\u00e9s d\u2019un moteur, d\u2019une batterie, d\u2019une direction et d\u2019une commande num\u00e9rique. Les possibilit\u00e9s de commande d\u2019un v\u00e9hicule num\u00e9ris\u00e9 avec Dinamo\/MCC incluent notamment : \u2022 R\u00e9glage de la vitesse avec 15 niveaux (\u00e9tapes) \u2022 R\u00e9gulation de charge \u2022 Acc\u00e9l\u00e9ration et freinage progressifs automatiques avec diff\u00e9rentes caract\u00e9ristiques \u2022 Commande des phares, feux stop, feux arri\u00e8re, clignotants et diverses fonctions suppl\u00e9mentaires. Sur le plan technologique, le MCCdec03 est en fait d\u00e9riv\u00e9 du MCCdec01. Le MCCdec03 fonctionne directement sur la tension de la batterie. Le MCCdec03 a \u00e9t\u00e9 con\u00e7u pour offrir les dimensions les plus r\u00e9duites possibles alli\u00e9es \u00e0 une fonctionnalit\u00e9 maximale. Le MCCdec03 est optimis\u00e9 pour l\u2019utilisation de batteries LiPo, car celles-ci offrent actuellement le meilleur rapport capacit\u00e9\/volume pour les petits v\u00e9hicules. Le MCCdec03 n\u00e9cessite une tension de batterie minimale de 2,9 V. Dimensions : 12,1 x 11,8 x 3,5 mm           <\/p>\n","protected":false},"excerpt":{"rendered":"<p>D\u00e9codeur de v\u00e9hicule MCC<\/p>\n","protected":false},"featured_media":2932,"template":"","meta":{"_acf_changed":false},"product_brand":[],"product_cat":[210],"product_tag":[],"class_list":{"0":"post-3736","1":"product","2":"type-product","3":"status-publish","4":"has-post-thumbnail","6":"product_cat-produit-mcc","7":"product_shipping_class-paquet","9":"first","10":"instock","11":"taxable","12":"shipping-taxable","13":"product-type-simple"},"acf":[],"jetpack_sharing_enabled":true,"_links":{"self":[{"href":"https:\/\/dinamobesturing.nl\/fr\/wp-json\/wp\/v2\/product\/3736","targetHints":{"allow":["GET"]}}],"collection":[{"href":"https:\/\/dinamobesturing.nl\/fr\/wp-json\/wp\/v2\/product"}],"about":[{"href":"https:\/\/dinamobesturing.nl\/fr\/wp-json\/wp\/v2\/types\/product"}],"wp:featuredmedia":[{"embeddable":true,"href":"https:\/\/dinamobesturing.nl\/fr\/wp-json\/wp\/v2\/media\/2932"}],"wp:attachment":[{"href":"https:\/\/dinamobesturing.nl\/fr\/wp-json\/wp\/v2\/media?parent=3736"}],"wp:term":[{"taxonomy":"product_brand","embeddable":true,"href":"https:\/\/dinamobesturing.nl\/fr\/wp-json\/wp\/v2\/product_brand?post=3736"},{"taxonomy":"product_cat","embeddable":true,"href":"https:\/\/dinamobesturing.nl\/fr\/wp-json\/wp\/v2\/product_cat?post=3736"},{"taxonomy":"product_tag","embeddable":true,"href":"https:\/\/dinamobesturing.nl\/fr\/wp-json\/wp\/v2\/product_tag?post=3736"}],"curies":[{"name":"wp","href":"https:\/\/api.w.org\/{rel}","templated":true}]}}