{"id":3733,"date":"2025-12-15T12:27:30","date_gmt":"2025-12-15T11:27:30","guid":{"rendered":"https:\/\/dinamobesturing.nl\/module-dtgv1-1\/"},"modified":"2025-12-15T12:27:30","modified_gmt":"2025-12-15T11:27:30","slug":"module-dtgv1-1","status":"publish","type":"product","link":"https:\/\/dinamobesturing.nl\/fr\/module-dtgv1-1\/","title":{"rendered":"Module DTGv1.1"},"content":{"rendered":"<p>Le DTG est un nouveau module de la famille DinaSys. DTG signifie DinaSys Turntable Gateway. Le DTG est en fait un module de traduction qui vous permet de piloter un pont tournant command\u00e9 par DTC avec des protocoles que le DTC lui-m\u00eame ne comprend pas. Comme la m\u00e9thode Draai15, de sorte que le DTC soit \u00e9galement pilotable via Koploper. Ou au moyen de l\u2019interface DCC en tant qu\u2019accessoire sur votre centrale num\u00e9rique. Ainsi, vous pouvez \u00e9galement commander votre pont tournant via une commande \u00e0 main. Le logiciel DTG est encore en plein d\u00e9veloppement. Ne vous laissez toutefois pas freiner dans l\u2019utilisation du DTG si les fonctions disponibles r\u00e9pondent \u00e0 vos besoins. Le DTG est \u00e9quip\u00e9 d\u2019un \u00ab bootloader \u00bb, vous permettant d\u2019ajouter vous-m\u00eame de nouvelles fonctions d\u00e8s qu\u2019elles sont disponibles. Le DTG est disponible en 2 versions : &#8211; DTG avec interface CAN, RS485, USB et DCC &#8211; DTG\/R avec interface CAN et RS485. Le DTG avec le micrologiciel 1.0 offre le pilotage du pont tournant via le protocole Draai15 : &#8211; Via une entr\u00e9e DCC sur le DTG. &#8211; En connectant le DTG \u00e0 un port USB. &#8211; En connectant le DTG comme OC32 \u00e0 un bus OC32-RS485 existant. &#8211; En connectant le DTG comme OC32 \u00e0 un bus Dinamo-RS485 existant. Sur le DTG, vous trouverez 4 sorties optocoupleurs avec lesquelles le DTG renvoie l\u2019\u00e9tat de votre pont tournant \u00e0 votre syst\u00e8me d\u2019exploitation. Pour cela, vous devez connecter une sortie DTG \u00e0 un module de r\u00e9troaction de votre syst\u00e8me. Lorsque vous connectez le DTG \u00e0 un port USB, ce port USB peut \u00e9muler un U485 + OC32. En d\u2019autres termes : cela fonctionne comme si vous aviez connect\u00e9 un OC32 \u00e0 votre PC via un U485. Vous pouvez cependant aussi connecter imm\u00e9diatement des OC32 \u00e0 l\u2019interface RS485 du DTG. Tout ce qui n\u2019est pas destin\u00e9 au DTG lui-m\u00eame est transmis sur le bus RS485.                  <\/p>\n","protected":false},"excerpt":{"rendered":"<p>Passerelle pour pont tournant compl\u00e8te<\/p>\n","protected":false},"featured_media":2918,"template":"","meta":{"_acf_changed":false},"product_brand":[],"product_cat":[198],"product_tag":[],"class_list":{"0":"post-3733","1":"product","2":"type-product","3":"status-publish","4":"has-post-thumbnail","6":"product_cat-produit-dinasys","7":"product_shipping_class-paquet","9":"first","10":"instock","11":"taxable","12":"shipping-taxable","13":"product-type-simple"},"acf":[],"jetpack_sharing_enabled":true,"_links":{"self":[{"href":"https:\/\/dinamobesturing.nl\/fr\/wp-json\/wp\/v2\/product\/3733","targetHints":{"allow":["GET"]}}],"collection":[{"href":"https:\/\/dinamobesturing.nl\/fr\/wp-json\/wp\/v2\/product"}],"about":[{"href":"https:\/\/dinamobesturing.nl\/fr\/wp-json\/wp\/v2\/types\/product"}],"wp:featuredmedia":[{"embeddable":true,"href":"https:\/\/dinamobesturing.nl\/fr\/wp-json\/wp\/v2\/media\/2918"}],"wp:attachment":[{"href":"https:\/\/dinamobesturing.nl\/fr\/wp-json\/wp\/v2\/media?parent=3733"}],"wp:term":[{"taxonomy":"product_brand","embeddable":true,"href":"https:\/\/dinamobesturing.nl\/fr\/wp-json\/wp\/v2\/product_brand?post=3733"},{"taxonomy":"product_cat","embeddable":true,"href":"https:\/\/dinamobesturing.nl\/fr\/wp-json\/wp\/v2\/product_cat?post=3733"},{"taxonomy":"product_tag","embeddable":true,"href":"https:\/\/dinamobesturing.nl\/fr\/wp-json\/wp\/v2\/product_tag?post=3733"}],"curies":[{"name":"wp","href":"https:\/\/api.w.org\/{rel}","templated":true}]}}