{"id":3719,"date":"2026-04-11T18:13:02","date_gmt":"2026-04-11T16:13:02","guid":{"rendered":"https:\/\/dinamobesturing.nl\/kit-de-montage-dps1x8\/"},"modified":"2026-04-11T18:13:02","modified_gmt":"2026-04-11T16:13:02","slug":"kit-de-montage-dps1x8","status":"publish","type":"product","link":"https:\/\/dinamobesturing.nl\/fr\/kit-de-montage-dps1x8\/","title":{"rendered":"Kit de montage DPS1X8"},"content":{"rendered":"<p>Le module id\u00e9al pour piloter des cantons via une seule sortie de canton. Anciennement module DTRv2 CAN et PAR. Ce module peut alimenter 8 voies de garage en parall\u00e8le \u00e0 partir d\u2019une sortie de canton, permettant aux utilisateurs de commuter les cantons via des relais. C\u2019est une solution tr\u00e8s \u00e9conomique pour les gares cach\u00e9es et les rotondes.   <\/p>\n","protected":false},"excerpt":{"rendered":"<p>Pour cantons command\u00e9s par relais<\/p>\n","protected":false},"featured_media":3502,"template":"","meta":{"_acf_changed":false},"product_brand":[],"product_cat":[208],"product_tag":[],"class_list":{"0":"post-3719","1":"product","2":"type-product","3":"status-publish","4":"has-post-thumbnail","6":"product_cat-produit-dinamo","7":"product_shipping_class-enveloppe","9":"first","10":"instock","11":"taxable","12":"shipping-taxable","13":"product-type-simple"},"acf":[],"jetpack_sharing_enabled":true,"_links":{"self":[{"href":"https:\/\/dinamobesturing.nl\/fr\/wp-json\/wp\/v2\/product\/3719","targetHints":{"allow":["GET"]}}],"collection":[{"href":"https:\/\/dinamobesturing.nl\/fr\/wp-json\/wp\/v2\/product"}],"about":[{"href":"https:\/\/dinamobesturing.nl\/fr\/wp-json\/wp\/v2\/types\/product"}],"wp:featuredmedia":[{"embeddable":true,"href":"https:\/\/dinamobesturing.nl\/fr\/wp-json\/wp\/v2\/media\/3502"}],"wp:attachment":[{"href":"https:\/\/dinamobesturing.nl\/fr\/wp-json\/wp\/v2\/media?parent=3719"}],"wp:term":[{"taxonomy":"product_brand","embeddable":true,"href":"https:\/\/dinamobesturing.nl\/fr\/wp-json\/wp\/v2\/product_brand?post=3719"},{"taxonomy":"product_cat","embeddable":true,"href":"https:\/\/dinamobesturing.nl\/fr\/wp-json\/wp\/v2\/product_cat?post=3719"},{"taxonomy":"product_tag","embeddable":true,"href":"https:\/\/dinamobesturing.nl\/fr\/wp-json\/wp\/v2\/product_tag?post=3719"}],"curies":[{"name":"wp","href":"https:\/\/api.w.org\/{rel}","templated":true}]}}