{"id":3718,"date":"2025-12-17T21:18:28","date_gmt":"2025-12-17T20:18:28","guid":{"rendered":"https:\/\/dinamobesturing.nl\/couvercle-de-borne-meanwell-tbc-07-lang\/"},"modified":"2025-12-17T21:18:28","modified_gmt":"2025-12-17T20:18:28","slug":"couvercle-de-borne-meanwell-tbc-07-lang","status":"publish","type":"product","link":"https:\/\/dinamobesturing.nl\/fr\/couvercle-de-borne-meanwell-tbc-07-lang\/","title":{"rendered":"Couvercle de borne Meanwell TBC-07 Lang"},"content":{"rendered":"<p>Le <strong>Mean Well TBC-07<\/strong> est un couvercle de borne sp\u00e9cialement con\u00e7u pour les alimentations Mean Well \u00e0 partir de <strong>75 W<\/strong>. Ce capot de protection prot\u00e8ge les bornes de raccordement contre les contacts accidentels et les courts-circuits, assurant une s\u00e9curit\u00e9 suppl\u00e9mentaire lors de l\u2019installation et de l\u2019utilisation. <\/p>\n<p>Le TBC-07 est facile \u00e0 monter et est largement utilis\u00e9 dans les environnements industriels, les armoires de commande et autres installations o\u00f9 la s\u00e9curit\u00e9 et la fiabilit\u00e9 sont importantes.<\/p>\n<h3>Mod\u00e8les compatibles<\/h3>\n<ul>\n<li>RSP-100<\/li>\n<li>RSP-150<\/li>\n<li>RSP-200<\/li>\n<li>RSP-320<\/li>\n<li>RS-100<\/li>\n<li>RS-150<\/li>\n<li>RS-200<\/li>\n<li>RS-320<\/li>\n<li>NES-100<\/li>\n<li>NES-150<\/li>\n<li>NES-200<\/li>\n<li>NES-300<\/li>\n<li>LRS-100<\/li>\n<li>LRS-150<\/li>\n<li>LRS-200<\/li>\n<li>LRS-350<\/li>\n<\/ul>\n","protected":false},"excerpt":{"rendered":"<p>Couvercle de protection pour bornes \u00e0 vis LRS-100 et LRS-150F<\/p>\n","protected":false},"featured_media":3126,"template":"","meta":{"_acf_changed":false},"product_brand":[],"product_cat":[206],"product_tag":[],"class_list":{"0":"post-3718","1":"product","2":"type-product","3":"status-publish","4":"has-post-thumbnail","6":"product_cat-produit-alimentations","7":"product_shipping_class-enveloppe","9":"first","10":"instock","11":"taxable","12":"shipping-taxable","13":"product-type-simple"},"acf":[],"jetpack_sharing_enabled":true,"_links":{"self":[{"href":"https:\/\/dinamobesturing.nl\/fr\/wp-json\/wp\/v2\/product\/3718","targetHints":{"allow":["GET"]}}],"collection":[{"href":"https:\/\/dinamobesturing.nl\/fr\/wp-json\/wp\/v2\/product"}],"about":[{"href":"https:\/\/dinamobesturing.nl\/fr\/wp-json\/wp\/v2\/types\/product"}],"wp:featuredmedia":[{"embeddable":true,"href":"https:\/\/dinamobesturing.nl\/fr\/wp-json\/wp\/v2\/media\/3126"}],"wp:attachment":[{"href":"https:\/\/dinamobesturing.nl\/fr\/wp-json\/wp\/v2\/media?parent=3718"}],"wp:term":[{"taxonomy":"product_brand","embeddable":true,"href":"https:\/\/dinamobesturing.nl\/fr\/wp-json\/wp\/v2\/product_brand?post=3718"},{"taxonomy":"product_cat","embeddable":true,"href":"https:\/\/dinamobesturing.nl\/fr\/wp-json\/wp\/v2\/product_cat?post=3718"},{"taxonomy":"product_tag","embeddable":true,"href":"https:\/\/dinamobesturing.nl\/fr\/wp-json\/wp\/v2\/product_tag?post=3718"}],"curies":[{"name":"wp","href":"https:\/\/api.w.org\/{rel}","templated":true}]}}