{"id":3706,"date":"2025-12-15T12:27:33","date_gmt":"2025-12-15T11:27:33","guid":{"rendered":"https:\/\/dinamobesturing.nl\/tm44-rev01-complet\/"},"modified":"2025-12-15T12:27:33","modified_gmt":"2025-12-15T11:27:33","slug":"tm44-rev01-complet","status":"publish","type":"product","link":"https:\/\/dinamobesturing.nl\/fr\/tm44-rev01-complet\/","title":{"rendered":"TM44 Rev01 Complet"},"content":{"rendered":"<p>Le <strong>TM44<\/strong> est un nouveau module pour le pilotage des trains sur votre r\u00e9seau de mod\u00e9lisme et la signalisation de leurs positions. Le TM44 fait partie du concept <strong>Dinamo Plug and Play<\/strong>, mais peut \u00e9galement \u00eatre int\u00e9gr\u00e9 \u00e0 un syst\u00e8me Dinamo existant. <\/p>\n<h3>Que propose le TM44 ?<\/h3>\n<ul>\n<li>Pilotage de <strong>4 cantons<\/strong><\/li>\n<li>D\u00e9tection des trains dans <strong>4 sections par canton<\/strong><\/li>\n<li>Pilotage de trains analogiques par <strong>modulation de largeur d\u2019impulsion en 127 paliers<\/strong><\/li>\n<li><strong>\u00c9clairage permanent<\/strong> des trains analogiques<\/li>\n<li>Pilotage de trains num\u00e9riques via <strong>DCC<\/strong><\/li>\n<li><strong>Protection contre les courts-circuits<\/strong> par canton<\/li>\n<li>Communication via <strong>RS485<\/strong><\/li>\n<li><strong>Alimentation unique<\/strong><\/li>\n<\/ul>\n<p>Toutes les connexions du TM44 s\u2019effectuent par connecteurs \u00e0 vis ou <em>bornes \u00e0 clip<\/em>. Ainsi, <strong>aucune soudure n\u2019est n\u00e9cessaire<\/strong> pour raccorder le TM44. <\/p>\n<p>Le pilotage des cantons et la d\u00e9tection des trains sont <strong>100 % compatibles<\/strong> \u00e9lectriquement avec la combinaison <strong>TM-H \/ CD16<\/strong>. Les deux modules peuvent \u00eatre utilis\u00e9s ensemble sans probl\u00e8me. <\/p>\n<p>Le TM44 est exclusivement <strong>livr\u00e9 assembl\u00e9<\/strong>. En raison du grand nombre de composants CMS, il est presque impossible pour un amateur de construire ce module soi-m\u00eame. <\/p>\n<h3>Pilotage des cantons<\/h3>\n<p>Le TM44 dispose de sorties pour piloter <strong>4 cantons de mani\u00e8re individuelle et ind\u00e9pendante<\/strong>. Le pilotage par canton peut \u00eatre aussi bien <strong>analogique que num\u00e9rique<\/strong>. <\/p>\n<p>La commutation entre l\u2019analogique et le num\u00e9rique s\u2019effectue de mani\u00e8re <strong>dynamique<\/strong> sous le contr\u00f4le du <strong>module RM-U<\/strong>. Cela permet aux trains analogiques et num\u00e9riques de circuler simultan\u00e9ment sur la m\u00eame voie. <\/p>\n<h3>D\u00e9tection des trains<\/h3>\n<p>Chaque sortie de canton du TM44 est divis\u00e9e en <strong>4 sections<\/strong> pour la signalisation de position des trains par <strong>d\u00e9tection de courant<\/strong>. Cela permet un positionnement pr\u00e9cis des trains dans toutes les situations. <\/p>\n<p>Contrairement \u00e0 de nombreux autres d\u00e9tecteurs d\u2019occupation, la d\u00e9tection de courant du TM44 est enti\u00e8rement <strong>sym\u00e9trique<\/strong>. La m\u00eame \u00e9lectronique est int\u00e9gr\u00e9e dans les deux rails, ce qui augmente consid\u00e9rablement la fiabilit\u00e9 et la pr\u00e9cision lors des transitions de cantons et des boucles de retournement. <\/p>\n<h3>Trains analogiques<\/h3>\n<p>Le pilotage des trains analogiques s\u2019effectue par <strong>modulation de largeur d\u2019impulsion<\/strong>. Cette m\u00e9thode garantit un excellent comportement de conduite, \u00e0 condition que le mat\u00e9riel soit techniquement en bon \u00e9tat. <\/p>\n<p>Gr\u00e2ce au pilotage par largeur d\u2019impulsion, la conduite \u00e0 <strong>vitesse rampante<\/strong> est tout \u00e0 fait possible. La marche avant et la marche arri\u00e8re sont toutes deux prises en charge. Avec <strong>63 paliers de vitesse par sens de marche<\/strong>, le mat\u00e9riel aux caract\u00e9ristiques vari\u00e9es peut toujours \u00eatre pilot\u00e9 de mani\u00e8re naturelle.  <\/p>\n<h3>\u00c9clairage permanent (analogique)<\/h3>\n<p>Le TM44 peut (en option) assurer l\u2019<strong>\u00e9clairage permanent<\/strong> du mat\u00e9riel roulant analogique. L\u2019\u00e9clairage est pilot\u00e9 par une tension alternative d\u2019environ <strong>18 kHz<\/strong> et est r\u00e9glable sur <strong>16 niveaux<\/strong>. <\/p>\n<p>L\u2019\u00e9clairage permanent peut \u00eatre activ\u00e9 et d\u00e9sactiv\u00e9 de mani\u00e8re dynamique par canton. De plus, il est possible de commuter l\u2019\u00e9clairage des locomotives <strong>en fonction du sens de marche<\/strong>. Cela n\u00e9cessite toutefois un circuit auxiliaire simple dans la locomotive.  <\/p>\n<h3>Trains num\u00e9riques<\/h3>\n<p>En pilotage num\u00e9rique, le TM44 assure aussi bien l\u2019<strong>alimentation num\u00e9rique<\/strong> par canton que les <strong>paquets DCC<\/strong> pour les trains.<\/p>\n<p>Les paquets DCC sont g\u00e9n\u00e9r\u00e9s individuellement par canton et exclusivement pour le train qui s\u2019y trouve. Cela rend la solution tr\u00e8s <strong>\u00e9volutive<\/strong>. Jusqu\u2019\u00e0 <strong>10 paquets DCC<\/strong> peuvent \u00eatre g\u00e9n\u00e9r\u00e9s par canton, ce qui est suffisant pour l\u2019unit\u00e9 multiple, les voitures-pilotes et les fonctions \u00e9tendues.  <\/p>\n<p>La gestion des informations DCC sur les diff\u00e9rents cantons et modules TM44 est assur\u00e9e par le <strong>RM-U<\/strong>.<\/p>\n<h3>Protection contre les courts-circuits<\/h3>\n<p>Le TM44 est \u00e9quip\u00e9 d\u2019une <strong>protection contre les courts-circuits par canton<\/strong>. D\u00e8s que le courant d\u00e9passe <strong>2 A<\/strong>, le module coupe la tension en quelques microsecondes. <\/p>\n<p>D\u00e8s que la surcharge est \u00e9limin\u00e9e, la tension est automatiquement r\u00e9tablie en moins de <strong>10 millisecondes<\/strong>. Toute surcharge \u00e9ventuelle est imm\u00e9diatement signal\u00e9e \u00e0 l\u2019ordinateur de commande. <\/p>\n<h3>Alimentation<\/h3>\n<p>Le TM44 ne n\u00e9cessite qu\u2019une <strong>alimentation unique<\/strong> de <strong>8 \u00e0 24 V CC<\/strong>. Cette tension est \u00e9galement celle appliqu\u00e9e aux rails. <\/p>\n<p>En pratique, une tension d\u2019alimentation de <strong>15 \u00e0 18 V<\/strong> est un excellent choix pour la plupart des applications.<\/p>\n<h3>Communication<\/h3>\n<p>La communication entre le <strong>RM-U<\/strong> et les modules TM44 s\u2019effectue via une connexion r\u00e9seau s\u00e9rie bas\u00e9e sur le <strong>RS485<\/strong>.<\/p>\n<p>Cela permet de franchir des distances allant jusqu\u2019\u00e0 <strong>1 200 m\u00e8tres<\/strong>, ce qui permet de placer les modules TM44 de mani\u00e8re d\u00e9centralis\u00e9e (par exemple sous le r\u00e9seau), \u00e0 proximit\u00e9 des cantons qu\u2019ils pilotent. Cela r\u00e9duit consid\u00e9rablement le c\u00e2blage. <\/p>\n<p>Pour la connexion r\u00e9seau, vous pouvez choisir de fabriquer vos propres c\u00e2bles de raccordement ou d\u2019utiliser des <strong>c\u00e2bles r\u00e9seau RJ45 standard<\/strong>.<\/p>\n","protected":false},"excerpt":{"rendered":"<p>Module avec bo\u00eetier<\/p>\n","protected":false},"featured_media":2972,"template":"","meta":{"_acf_changed":false},"product_brand":[],"product_cat":[208],"product_tag":[],"class_list":{"0":"post-3706","1":"product","2":"type-product","3":"status-publish","4":"has-post-thumbnail","6":"product_cat-produit-dinamo","7":"product_shipping_class-paquet","9":"first","10":"instock","11":"taxable","12":"shipping-taxable","13":"product-type-simple"},"acf":[],"jetpack_sharing_enabled":true,"_links":{"self":[{"href":"https:\/\/dinamobesturing.nl\/fr\/wp-json\/wp\/v2\/product\/3706","targetHints":{"allow":["GET"]}}],"collection":[{"href":"https:\/\/dinamobesturing.nl\/fr\/wp-json\/wp\/v2\/product"}],"about":[{"href":"https:\/\/dinamobesturing.nl\/fr\/wp-json\/wp\/v2\/types\/product"}],"wp:featuredmedia":[{"embeddable":true,"href":"https:\/\/dinamobesturing.nl\/fr\/wp-json\/wp\/v2\/media\/2972"}],"wp:attachment":[{"href":"https:\/\/dinamobesturing.nl\/fr\/wp-json\/wp\/v2\/media?parent=3706"}],"wp:term":[{"taxonomy":"product_brand","embeddable":true,"href":"https:\/\/dinamobesturing.nl\/fr\/wp-json\/wp\/v2\/product_brand?post=3706"},{"taxonomy":"product_cat","embeddable":true,"href":"https:\/\/dinamobesturing.nl\/fr\/wp-json\/wp\/v2\/product_cat?post=3706"},{"taxonomy":"product_tag","embeddable":true,"href":"https:\/\/dinamobesturing.nl\/fr\/wp-json\/wp\/v2\/product_tag?post=3706"}],"curies":[{"name":"wp","href":"https:\/\/api.w.org\/{rel}","templated":true}]}}