{"id":3701,"date":"2025-12-17T21:18:28","date_gmt":"2025-12-17T20:18:28","guid":{"rendered":"https:\/\/dinamobesturing.nl\/couvercle-de-borne-meanwell-tbc-05-court\/"},"modified":"2025-12-17T21:18:28","modified_gmt":"2025-12-17T20:18:28","slug":"couvercle-de-borne-meanwell-tbc-05-court","status":"publish","type":"product","link":"https:\/\/dinamobesturing.nl\/fr\/couvercle-de-borne-meanwell-tbc-05-court\/","title":{"rendered":"Couvercle de borne Meanwell TBC-05 court"},"content":{"rendered":"<p>Le <strong>Mean Well TBC-05<\/strong> est un couvercle de borne con\u00e7u pour les alimentations Mean Well telles que les <strong>s\u00e9ries LRS et RSP jusqu\u2019\u00e0 75W<\/strong>. Ce capot offre une protection suppl\u00e9mentaire contre les courts-circuits accidentels et aide \u00e0 prot\u00e9ger les bornes de raccordement en toute s\u00e9curit\u00e9. <\/p>\n<p>Le TBC-05 est facile \u00e0 installer et est largement utilis\u00e9 dans les alimentations compactes, les armoires de commande et d\u2019autres installations o\u00f9 la s\u00e9curit\u00e9 et la clart\u00e9 sont importantes.<\/p>\n<h3>Mod\u00e8les compatibles<\/h3>\n<ul>\n<li>SD-50<\/li>\n<li>S-60<\/li>\n<li>S-40<\/li>\n<li>NES-50<\/li>\n<li>RS-75<\/li>\n<li>S-25<\/li>\n<li>SD-25<\/li>\n<li>NES-35<\/li>\n<li>RS-50<\/li>\n<li>NES-25<\/li>\n<li>RS-35<\/li>\n<li>RSP-75<\/li>\n<li>LRS-35 \/ LRS-50 \/ LRS-75<\/li>\n<\/ul>\n","protected":false},"excerpt":{"rendered":"<p>Plaque de protection pour bornes \u00e0 vis LRS-50<\/p>\n","protected":false},"featured_media":3126,"template":"","meta":{"_acf_changed":false},"product_brand":[],"product_cat":[206],"product_tag":[],"class_list":{"0":"post-3701","1":"product","2":"type-product","3":"status-publish","4":"has-post-thumbnail","6":"product_cat-produit-alimentations","7":"product_shipping_class-enveloppe","9":"first","10":"instock","11":"taxable","12":"shipping-taxable","13":"product-type-simple"},"acf":[],"jetpack_sharing_enabled":true,"_links":{"self":[{"href":"https:\/\/dinamobesturing.nl\/fr\/wp-json\/wp\/v2\/product\/3701","targetHints":{"allow":["GET"]}}],"collection":[{"href":"https:\/\/dinamobesturing.nl\/fr\/wp-json\/wp\/v2\/product"}],"about":[{"href":"https:\/\/dinamobesturing.nl\/fr\/wp-json\/wp\/v2\/types\/product"}],"wp:featuredmedia":[{"embeddable":true,"href":"https:\/\/dinamobesturing.nl\/fr\/wp-json\/wp\/v2\/media\/3126"}],"wp:attachment":[{"href":"https:\/\/dinamobesturing.nl\/fr\/wp-json\/wp\/v2\/media?parent=3701"}],"wp:term":[{"taxonomy":"product_brand","embeddable":true,"href":"https:\/\/dinamobesturing.nl\/fr\/wp-json\/wp\/v2\/product_brand?post=3701"},{"taxonomy":"product_cat","embeddable":true,"href":"https:\/\/dinamobesturing.nl\/fr\/wp-json\/wp\/v2\/product_cat?post=3701"},{"taxonomy":"product_tag","embeddable":true,"href":"https:\/\/dinamobesturing.nl\/fr\/wp-json\/wp\/v2\/product_tag?post=3701"}],"curies":[{"name":"wp","href":"https:\/\/api.w.org\/{rel}","templated":true}]}}