{"id":3677,"date":"2026-04-11T18:17:08","date_gmt":"2026-04-11T16:17:08","guid":{"rendered":"https:\/\/dinamobesturing.nl\/dpco4-12-kit-de-montage\/"},"modified":"2026-04-11T18:17:08","modified_gmt":"2026-04-11T16:17:08","slug":"dpco4-12-kit-de-montage","status":"publish","type":"product","link":"https:\/\/dinamobesturing.nl\/fr\/dpco4-12-kit-de-montage\/","title":{"rendered":"DPCO4\/12 Kit de montage"},"content":{"rendered":"<p>Le DPCO4 est un module de relais qui peut \u00eatre utilis\u00e9 pour commuter divers signaux sans potentiel. Le module contient 4 relais inverseurs bipolaires qui peuvent \u00eatre commut\u00e9s ind\u00e9pendamment les uns des autres. Le DPCO4 doit \u00eatre pilot\u00e9 par un signal externe (courant continu) par relais, par exemple \u00e0 partir d\u2019un module OC32. L\u2019utilisation d\u2019autres dispositifs \u00e9lectroniques est \u00e9galement possible, \u00e0 condition qu\u2019ils fournissent les signaux de commande appropri\u00e9s. Les relais commutent au maximum 2 A par contact sous 24 V (courant continu ou alternatif). Les applications du DPCO4 sont l\u00e9gion. En principe, vous pouvez allumer\/\u00e9teindre tout ce qui ne doit pas avoir de connexion \u00e9lectrique avec le module de commutation. Quelques exemples : Commutation des c\u0153urs d\u2019aiguillage ; Alimentation des itin\u00e9raires en tension de traction (Dinamo, voir notamment le document \u00ab Dinamo Plug&amp;Play Wisselstraten \u00bb) ; Alimentation des voies de garage en tension de traction sans avoir \u00e0 utiliser une sortie de bloc s\u00e9par\u00e9e (Dinamo) 1 ; \u00c9conomie de sorties de bloc pour les gares cach\u00e9es (Dinamo) 1 ; Commutation d\u2019appareils fonctionnant exclusivement sur courant alternatif. Le DPC04 est \u00e9quivalent au HPP4, \u00e0 la diff\u00e9rence que le DPC04 est un peu plus facile \u00e0 connecter gr\u00e2ce \u00e0 une conception plus intelligente et des composants plus petits. Deux versions du DPCO4 sont disponibles : DPCO4\/05 : La version avec relais 5 V peut \u00eatre aliment\u00e9e par une tension continue positive comprise entre 7,5 V et 15 V. DPCO4\/12 : La version avec relais 12 V peut \u00eatre aliment\u00e9e par une tension continue positive comprise entre 13,5 V et 24 V. Le DPCO4 se connecte de pr\u00e9f\u00e9rence \u00e0 un OC32\/NG, OC32 ou OM32 (s\u00e9rie). Les sorties utilis\u00e9es de l\u2019unit\u00e9 de commande doivent \u00eatre \u00e9quip\u00e9es de pilotes \u00ab sink \u00bb (standard). Le DPCO4 peut \u00eatre pilot\u00e9 depuis n\u2019importe quelle autre unit\u00e9 de commande commutant un courant continu d\u2019au moins 100 mA d\u2019une charge vers la masse\/GND (50 mA pour le DPCO4\/12). Les entr\u00e9es du DPCO4 sont \u00e9quip\u00e9es de \u00ab diodes de roue libre \u00bb afin que l\u2019\u00e9lectronique de commande n\u2019ait pas besoin d\u2019\u00eatre explicitement adapt\u00e9e aux charges inductives. Si l\u2019\u00e9lectronique de commande n\u2019est pas de type \u00ab collecteur ouvert \u00bb ou \u00ab drain ouvert \u00bb, l\u2019\u00e9lectronique concern\u00e9e ne doit pas fournir une tension sup\u00e9rieure \u00e0 +5 V pour le DPCO4\/05 ou +12 V pour le DPCO4\/12. Le DPCO4 poss\u00e8de un r\u00e9gulateur de tension int\u00e9gr\u00e9 qui stabilise la tension des relais. Pour que le r\u00e9gulateur de tension fonctionne correctement, il est important de raccorder la borne moins\/GND du DPCO4 \u00e0 la borne moins\/GND du module qui le pilote. Le DPCO4 est livr\u00e9 avec un cadre de montage et des vis. Utilisez-les pour visser le module sur une surface plane (g\u00e9n\u00e9ralement et de pr\u00e9f\u00e9rence en bois). Veillez \u00e0 laisser suffisamment d\u2019espace tout autour pour pouvoir ins\u00e9rer la fiche et connecter les fils.               <\/p>\n","protected":false},"excerpt":{"rendered":"<p>Module de relais<\/p>\n","protected":false},"featured_media":2978,"template":"","meta":{"_acf_changed":false},"product_brand":[],"product_cat":[200],"product_tag":[],"class_list":{"0":"post-3677","1":"product","2":"type-product","3":"status-publish","4":"has-post-thumbnail","6":"product_cat-produit-oc32","7":"product_shipping_class-enveloppe","9":"first","10":"instock","11":"taxable","12":"shipping-taxable","13":"product-type-simple"},"acf":[],"jetpack_sharing_enabled":true,"_links":{"self":[{"href":"https:\/\/dinamobesturing.nl\/fr\/wp-json\/wp\/v2\/product\/3677","targetHints":{"allow":["GET"]}}],"collection":[{"href":"https:\/\/dinamobesturing.nl\/fr\/wp-json\/wp\/v2\/product"}],"about":[{"href":"https:\/\/dinamobesturing.nl\/fr\/wp-json\/wp\/v2\/types\/product"}],"wp:featuredmedia":[{"embeddable":true,"href":"https:\/\/dinamobesturing.nl\/fr\/wp-json\/wp\/v2\/media\/2978"}],"wp:attachment":[{"href":"https:\/\/dinamobesturing.nl\/fr\/wp-json\/wp\/v2\/media?parent=3677"}],"wp:term":[{"taxonomy":"product_brand","embeddable":true,"href":"https:\/\/dinamobesturing.nl\/fr\/wp-json\/wp\/v2\/product_brand?post=3677"},{"taxonomy":"product_cat","embeddable":true,"href":"https:\/\/dinamobesturing.nl\/fr\/wp-json\/wp\/v2\/product_cat?post=3677"},{"taxonomy":"product_tag","embeddable":true,"href":"https:\/\/dinamobesturing.nl\/fr\/wp-json\/wp\/v2\/product_tag?post=3677"}],"curies":[{"name":"wp","href":"https:\/\/api.w.org\/{rel}","templated":true}]}}