{"id":3547,"date":"2025-12-15T12:27:30","date_gmt":"2025-12-15T11:27:30","guid":{"rendered":"https:\/\/dinamobesturing.nl\/kit-dtcv3-1\/"},"modified":"2025-12-15T12:27:30","modified_gmt":"2025-12-15T11:27:30","slug":"kit-dtcv3-1","status":"publish","type":"product","link":"https:\/\/dinamobesturing.nl\/fr\/kit-dtcv3-1\/","title":{"rendered":"Kit DTCv3.1"},"content":{"rendered":"<p>Le DTC de VPEB est le syst\u00e8me de commande de plaque tournante le plus polyvalent du march\u00e9. Gr\u00e2ce \u00e0 sa r\u00e9gulation PID interne, le contr\u00f4leur permet de faire tourner les plaques tournantes Fleischmann et M\u00e4rklin standard de mani\u00e8re silencieuse et extr\u00eamement lente avec le moteur d\u2019origine. Profitez de l\u2019acc\u00e9l\u00e9ration et du freinage progressifs du pont et apportez un r\u00e9alisme accru \u00e0 votre d\u00e9p\u00f4t de locomotives \u00e0 vapeur. Gr\u00e2ce au logiciel de configuration, le contr\u00f4leur param\u00e8tre le pont automatiquement ; vous n\u2019avez donc rien \u00e0 faire. Si vous le souhaitez, vous pouvez bien entendu r\u00e9gler la r\u00e9gulation de charge dans les moindres d\u00e9tails. Avec la plaque de d\u00e9tection DTS, vous disposez en outre d\u2019un positionnement pr\u00e9cis et fiable du pont. Gr\u00e2ce \u00e0 l\u2019aimant fourni \u00e0 placer sous le pont, les capteurs \u00e0 effet Hall d\u00e9tectent avec pr\u00e9cision la rotation et la position de celui-ci. Le DTC est compatible avec les plaques tournantes Fleischmann et M\u00e4rklin. Le contr\u00f4leur peut \u00eatre pilot\u00e9 manuellement via le logiciel DTC ou via le programme de commande iTrain. Combin\u00e9 au module DTG, il peut \u00e9galement \u00eatre pilot\u00e9 par des adresses d\u2019aiguillage DCC selon le principe TwinControll, ou via le programme Koploper selon le principe Draai15. Contenu du kit : contr\u00f4leur DTCv3, cadre de montage DTCv3, alimentation 15 V, c\u00e2ble USB (A-B), c\u00e2ble d\u2019alimentation 230 V EU (CEE7\/7), c\u00e2ble d\u2019alimentation DTCv3.          <\/p>\n","protected":false},"excerpt":{"rendered":"<p>Kit de commande pour plaque tournante<\/p>\n","protected":false},"featured_media":2916,"template":"","meta":{"_acf_changed":false},"product_brand":[],"product_cat":[198],"product_tag":[],"class_list":{"0":"post-3547","1":"product","2":"type-product","3":"status-publish","4":"has-post-thumbnail","6":"product_cat-produit-dinasys","7":"product_shipping_class-paquet","9":"first","10":"instock","11":"taxable","12":"shipping-taxable","13":"product-type-simple"},"acf":[],"jetpack_sharing_enabled":true,"_links":{"self":[{"href":"https:\/\/dinamobesturing.nl\/fr\/wp-json\/wp\/v2\/product\/3547","targetHints":{"allow":["GET"]}}],"collection":[{"href":"https:\/\/dinamobesturing.nl\/fr\/wp-json\/wp\/v2\/product"}],"about":[{"href":"https:\/\/dinamobesturing.nl\/fr\/wp-json\/wp\/v2\/types\/product"}],"wp:featuredmedia":[{"embeddable":true,"href":"https:\/\/dinamobesturing.nl\/fr\/wp-json\/wp\/v2\/media\/2916"}],"wp:attachment":[{"href":"https:\/\/dinamobesturing.nl\/fr\/wp-json\/wp\/v2\/media?parent=3547"}],"wp:term":[{"taxonomy":"product_brand","embeddable":true,"href":"https:\/\/dinamobesturing.nl\/fr\/wp-json\/wp\/v2\/product_brand?post=3547"},{"taxonomy":"product_cat","embeddable":true,"href":"https:\/\/dinamobesturing.nl\/fr\/wp-json\/wp\/v2\/product_cat?post=3547"},{"taxonomy":"product_tag","embeddable":true,"href":"https:\/\/dinamobesturing.nl\/fr\/wp-json\/wp\/v2\/product_tag?post=3547"}],"curies":[{"name":"wp","href":"https:\/\/api.w.org\/{rel}","templated":true}]}}