{"id":3640,"date":"2025-12-24T13:19:25","date_gmt":"2025-12-24T12:19:25","guid":{"rendered":"https:\/\/dinamobesturing.nl\/references-2\/"},"modified":"2026-04-20T21:11:59","modified_gmt":"2026-04-20T19:11:59","slug":"references-2","status":"publish","type":"page","link":"https:\/\/dinamobesturing.nl\/fr\/references-2\/","title":{"rendered":"R\u00e9f\u00e9rences"},"content":{"rendered":"\t\t<div data-elementor-type=\"wp-page\" data-elementor-id=\"3640\" class=\"elementor elementor-3640 elementor-3192\" data-elementor-post-type=\"page\">\n\t\t\t\t<div class=\"elementor-element elementor-element-692241fe e-flex e-con-boxed e-con e-parent\" data-id=\"692241fe\" data-element_type=\"container\" data-e-type=\"container\">\n\t\t\t\t\t<div class=\"e-con-inner\">\n\t\t\t\t<div class=\"elementor-element elementor-element-87b4b0e elementor-headline--style-highlight elementor-widget elementor-widget-animated-headline\" data-id=\"87b4b0e\" data-element_type=\"widget\" data-e-type=\"widget\" data-settings=\"{&quot;highlighted_text&quot;:&quot;nos produits&quot;,&quot;marker&quot;:&quot;curly&quot;,&quot;headline_style&quot;:&quot;highlight&quot;,&quot;loop&quot;:&quot;yes&quot;,&quot;highlight_animation_duration&quot;:1200,&quot;highlight_iteration_delay&quot;:8000}\" data-widget_type=\"animated-headline.default\">\n\t\t\t\t\t\t\t<h3 class=\"elementor-headline\">\n\t\t\t\t\t<span class=\"elementor-headline-plain-text elementor-headline-text-wrapper\">D\u00e9couvrez o\u00f9 vous pouvez voir en action<\/span>\n\t\t\t\t<span class=\"elementor-headline-dynamic-wrapper elementor-headline-text-wrapper\">\n\t\t\t\t\t<span class=\"elementor-headline-dynamic-text elementor-headline-text-active\">nos produits<\/span>\n\t\t\t\t<\/span>\n\t\t\t\t\t<span class=\"elementor-headline-plain-text elementor-headline-text-wrapper\">  voir en action<\/span>\n\t\t\t\t\t<\/h3>\n\t\t\t\t\t\t<\/div>\n\t\t\t\t\t<\/div>\n\t\t\t\t<\/div>\n\t\t<div class=\"elementor-element elementor-element-86b3533 e-flex e-con-boxed e-con e-parent\" data-id=\"86b3533\" data-element_type=\"container\" data-e-type=\"container\">\n\t\t\t\t\t<div class=\"e-con-inner\">\n\t\t\t\t<div class=\"elementor-element elementor-element-4a7ccb6 elementor-grid-1 elementor-grid-tablet-2 elementor-grid-mobile-1 elementor-widget elementor-widget-loop-grid\" data-id=\"4a7ccb6\" data-element_type=\"widget\" data-e-type=\"widget\" data-settings=\"{&quot;template_id&quot;:3653,&quot;columns&quot;:1,&quot;row_gap&quot;:{&quot;unit&quot;:&quot;px&quot;,&quot;size&quot;:100,&quot;sizes&quot;:[]},&quot;_skin&quot;:&quot;post&quot;,&quot;columns_tablet&quot;:&quot;2&quot;,&quot;columns_mobile&quot;:&quot;1&quot;,&quot;edit_handle_selector&quot;:&quot;[data-elementor-type=\\&quot;loop-item\\&quot;]&quot;,&quot;row_gap_tablet&quot;:{&quot;unit&quot;:&quot;px&quot;,&quot;size&quot;:&quot;&quot;,&quot;sizes&quot;:[]},&quot;row_gap_mobile&quot;:{&quot;unit&quot;:&quot;px&quot;,&quot;size&quot;:&quot;&quot;,&quot;sizes&quot;:[]}}\" data-widget_type=\"loop-grid.post\">\n\t\t\t\t<div class=\"elementor-widget-container\">\n\t\t\t\t\t\t\t<div class=\"elementor-loop-container elementor-grid\" role=\"list\">\n\t\t<style id=\"loop-3653\">.elementor-3653 .elementor-element.elementor-element-6aad50b{--display:flex;--flex-direction:row;--container-widget-width:calc( ( 1 - var( --container-widget-flex-grow ) ) * 100% );--container-widget-height:100%;--container-widget-flex-grow:1;--container-widget-align-self:stretch;--flex-wrap-mobile:wrap;--align-items:center;--gap:30px 30px;--row-gap:30px;--column-gap:30px;--flex-wrap:nowrap;--border-radius:25px 25px 25px 25px;box-shadow:0px 0px 10px 0px rgba(0,0,0,0.5);--margin-top:0px;--margin-bottom:0px;--margin-left:0px;--margin-right:0px;--padding-top:15px;--padding-bottom:15px;--padding-left:15px;--padding-right:15px;}.elementor-3653 .elementor-element.elementor-element-82fdad9{--display:flex;--flex-direction:column;--container-widget-width:100%;--container-widget-height:initial;--container-widget-flex-grow:0;--container-widget-align-self:initial;--flex-wrap-mobile:wrap;--justify-content:center;--gap:30px 30px;--row-gap:30px;--column-gap:30px;--margin-top:0px;--margin-bottom:0px;--margin-left:0px;--margin-right:0px;--padding-top:0px;--padding-bottom:0px;--padding-left:0px;--padding-right:0px;}.elementor-3653 .elementor-element.elementor-element-82fdad9.e-con{--align-self:center;}.elementor-3653 .elementor-element.elementor-element-60995ec{--display:flex;--flex-direction:column;--container-widget-width:100%;--container-widget-height:initial;--container-widget-flex-grow:0;--container-widget-align-self:initial;--flex-wrap-mobile:wrap;--gap:30px 30px;--row-gap:30px;--column-gap:30px;--margin-top:0px;--margin-bottom:0px;--margin-left:0px;--margin-right:0px;--padding-top:0px;--padding-bottom:0px;--padding-left:0px;--padding-right:0px;}.elementor-3653 .elementor-element.elementor-element-60995ec.e-con{--align-self:center;}.elementor-3653 .elementor-element.elementor-element-aa3a28a .elementor-button{fill:var( --e-global-color-142d57b );color:var( --e-global-color-142d57b );background-color:var( --e-global-color-c8e9795 );}.elementor-3653 .elementor-element.elementor-element-aa3a28a .elementor-button:hover, .elementor-3653 .elementor-element.elementor-element-aa3a28a .elementor-button:focus{color:var( --e-global-color-9ba9240 );background-color:var( --e-global-color-3b2b962 );border-color:var( --e-global-color-bfead34 );}.elementor-3653 .elementor-element.elementor-element-aa3a28a .elementor-button:hover svg, .elementor-3653 .elementor-element.elementor-element-aa3a28a .elementor-button:focus svg{fill:var( --e-global-color-9ba9240 );}@media(max-width:767px){.elementor-3653 .elementor-element.elementor-element-6aad50b{--content-width:100%;--flex-direction:column;--container-widget-width:100%;--container-widget-height:initial;--container-widget-flex-grow:0;--container-widget-align-self:initial;--flex-wrap-mobile:wrap;--justify-content:flex-start;--gap:0px 0px;--row-gap:0px;--column-gap:0px;--padding-top:15px;--padding-bottom:15px;--padding-left:15px;--padding-right:15px;}.elementor-3653 .elementor-element.elementor-element-82fdad9{--width:100%;--margin-top:0px;--margin-bottom:0px;--margin-left:0px;--margin-right:0px;--padding-top:0px;--padding-bottom:0px;--padding-left:0px;--padding-right:0px;}.elementor-3653 .elementor-element.elementor-element-60995ec{--width:100%;--margin-top:0px;--margin-bottom:0px;--margin-left:0px;--margin-right:0px;--padding-top:0px;--padding-bottom:0px;--padding-left:0px;--padding-right:0px;}.elementor-3653 .elementor-element.elementor-element-7f13650{text-align:center;}.elementor-3653 .elementor-element.elementor-element-7f13650 .elementor-heading-title{font-size:25px;}.elementor-3653 .elementor-element.elementor-element-aa3a28a .elementor-button{font-size:17px;}}@media(min-width:768px){.elementor-3653 .elementor-element.elementor-element-6aad50b{--content-width:100%;}.elementor-3653 .elementor-element.elementor-element-82fdad9{--width:40%;}.elementor-3653 .elementor-element.elementor-element-60995ec{--width:60%;}}<\/style>\t\t<div data-elementor-type=\"loop-item\" data-elementor-id=\"3653\" class=\"elementor elementor-3653 elementor-3191 elementor-3191 e-loop-item e-loop-item-4587 post-4587 referentie type-referentie status-publish has-post-thumbnail hentry\" data-elementor-post-type=\"elementor_library\" data-custom-edit-handle=\"1\">\n\t\t\t<div class=\"elementor-element elementor-element-6aad50b e-flex e-con-boxed e-con e-parent\" data-id=\"6aad50b\" data-element_type=\"container\" data-e-type=\"container\">\n\t\t\t\t\t<div class=\"e-con-inner\">\n\t\t<div class=\"elementor-element elementor-element-82fdad9 e-con-full e-flex e-con e-child\" data-id=\"82fdad9\" data-element_type=\"container\" data-e-type=\"container\">\n\t\t\t\t<div class=\"elementor-element elementor-element-201e693 elementor-widget elementor-widget-theme-post-featured-image elementor-widget-image\" data-id=\"201e693\" data-element_type=\"widget\" data-e-type=\"widget\" data-widget_type=\"theme-post-featured-image.default\">\n\t\t\t\t\t\t\t\t\t\t\t\t\t\t\t<img fetchpriority=\"high\" decoding=\"async\" width=\"300\" height=\"300\" src=\"https:\/\/dinamobesturing.nl\/wp-content\/uploads\/2026\/01\/NSV-Zuidwest-300x300.webp\" class=\"attachment-medium size-medium wp-image-4588\" alt=\"\" srcset=\"https:\/\/dinamobesturing.nl\/wp-content\/uploads\/2026\/01\/NSV-Zuidwest-300x300.webp 300w, https:\/\/dinamobesturing.nl\/wp-content\/uploads\/2026\/01\/NSV-Zuidwest-150x150.webp 150w, https:\/\/dinamobesturing.nl\/wp-content\/uploads\/2026\/01\/NSV-Zuidwest-100x100.webp 100w, https:\/\/dinamobesturing.nl\/wp-content\/uploads\/2026\/01\/NSV-Zuidwest.webp 600w\" sizes=\"(max-width: 300px) 100vw, 300px\" title=\"\">\t\t\t\t\t\t\t\t\t\t\t\t\t\t\t<\/div>\n\t\t\t\t<\/div>\n\t\t<div class=\"elementor-element elementor-element-60995ec e-con-full e-flex e-con e-child\" data-id=\"60995ec\" data-element_type=\"container\" data-e-type=\"container\">\n\t\t\t\t<div class=\"elementor-element elementor-element-7f13650 elementor-widget elementor-widget-theme-post-title elementor-page-title elementor-widget-heading\" data-id=\"7f13650\" data-element_type=\"widget\" data-e-type=\"widget\" data-widget_type=\"theme-post-title.default\">\n\t\t\t\t\t<h2 class=\"elementor-heading-title elementor-size-default\">NSV Zuidwest<\/h2>\t\t\t\t<\/div>\n\t\t\t\t<div class=\"elementor-element elementor-element-bf218dd elementor-widget elementor-widget-theme-post-content\" data-id=\"bf218dd\" data-element_type=\"widget\" data-e-type=\"widget\" data-widget_type=\"theme-post-content.default\">\n\t\t\t\t\t\n<p>Notre petit r\u00e9seau M\u00e4rchenheim (80 \u00d7 70 cm) fonctionne avec le syst\u00e8me Dinamo, pilot\u00e9 par un Raspberry Pi avec iTrain. Le mat\u00e9riel se compose d\u2019une RMU, de trois cartes de blocs TM44 (10 en service plus une pour la voie de programmation\/\u00e9talonnage amovible), de deux OC32 et d\u2019une UCCI pour MCC. <\/p>\n\n<p>Une OC32 g\u00e8re les aiguillages, la simulation jour\/nuit, les (futurs) signaux et d\u00e9clenche des Arduino avec des Neopixels pour des effets lumineux d\u2019ambiance. L\u2019autre OC32 commande l\u2019\u00e9clairage des maisons. Les capteurs \u00e0 effet Hall passent par deux SHdec. En r\u00e9sum\u00e9 : un petit r\u00e9seau, mais truff\u00e9 de technologie !   <\/p>\n\t\t\t\t<\/div>\n\t\t\t\t<div class=\"elementor-element elementor-element-aa3a28a elementor-align-left elementor-mobile-align-justify elementor-widget elementor-widget-button\" data-id=\"aa3a28a\" data-element_type=\"widget\" data-e-type=\"widget\" data-widget_type=\"button.default\">\n\t\t\t\t\t\t\t\t\t\t<a class=\"elementor-button elementor-size-sm elementor-animation-grow\" role=\"button\">\n\t\t\t\t\t\t<span class=\"elementor-button-content-wrapper\">\n\t\t\t\t\t\t\t\t\t<span class=\"elementor-button-text\">Cliquez ici pour plus d\u2019informations<\/span>\n\t\t\t\t\t<\/span>\n\t\t\t\t\t<\/a>\n\t\t\t\t\t\t\t\t<\/div>\n\t\t\t\t<\/div>\n\t\t\t\t\t<\/div>\n\t\t\t\t<\/div>\n\t\t\t\t<\/div>\n\t\t\t\t<div data-elementor-type=\"loop-item\" data-elementor-id=\"3653\" class=\"elementor elementor-3653 elementor-3191 elementor-3191 e-loop-item e-loop-item-4780 post-4780 referentie type-referentie status-publish has-post-thumbnail hentry\" data-elementor-post-type=\"elementor_library\" data-custom-edit-handle=\"1\">\n\t\t\t<div class=\"elementor-element elementor-element-6aad50b e-flex e-con-boxed e-con e-parent\" data-id=\"6aad50b\" data-element_type=\"container\" data-e-type=\"container\">\n\t\t\t\t\t<div class=\"e-con-inner\">\n\t\t<div class=\"elementor-element elementor-element-82fdad9 e-con-full e-flex e-con e-child\" data-id=\"82fdad9\" data-element_type=\"container\" data-e-type=\"container\">\n\t\t\t\t<div class=\"elementor-element elementor-element-201e693 elementor-widget elementor-widget-theme-post-featured-image elementor-widget-image\" data-id=\"201e693\" data-element_type=\"widget\" data-e-type=\"widget\" data-widget_type=\"theme-post-featured-image.default\">\n\t\t\t\t\t\t\t\t\t\t\t\t\t\t\t<img decoding=\"async\" width=\"300\" height=\"300\" src=\"https:\/\/dinamobesturing.nl\/wp-content\/uploads\/2025\/12\/drijfstang-300x300.webp\" class=\"attachment-medium size-medium wp-image-4781\" alt=\"\" srcset=\"https:\/\/dinamobesturing.nl\/wp-content\/uploads\/2025\/12\/drijfstang-300x300.webp 300w, https:\/\/dinamobesturing.nl\/wp-content\/uploads\/2025\/12\/drijfstang-150x150.webp 150w, https:\/\/dinamobesturing.nl\/wp-content\/uploads\/2025\/12\/drijfstang-100x100.webp 100w, https:\/\/dinamobesturing.nl\/wp-content\/uploads\/2025\/12\/drijfstang.webp 400w\" sizes=\"(max-width: 300px) 100vw, 300px\" title=\"\">\t\t\t\t\t\t\t\t\t\t\t\t\t\t\t<\/div>\n\t\t\t\t<\/div>\n\t\t<div class=\"elementor-element elementor-element-60995ec e-con-full e-flex e-con e-child\" data-id=\"60995ec\" data-element_type=\"container\" data-e-type=\"container\">\n\t\t\t\t<div class=\"elementor-element elementor-element-7f13650 elementor-widget elementor-widget-theme-post-title elementor-page-title elementor-widget-heading\" data-id=\"7f13650\" data-element_type=\"widget\" data-e-type=\"widget\" data-widget_type=\"theme-post-title.default\">\n\t\t\t\t\t<h2 class=\"elementor-heading-title elementor-size-default\">Association de mod\u00e9lisme ferroviaire De Drijfstang<\/h2>\t\t\t\t<\/div>\n\t\t\t\t<div class=\"elementor-element elementor-element-bf218dd elementor-widget elementor-widget-theme-post-content\" data-id=\"bf218dd\" data-element_type=\"widget\" data-e-type=\"widget\" data-widget_type=\"theme-post-content.default\">\n\t\t\t\t\t\n<p>Cette association, qui existe depuis 32 ans et compte plus de 45 membres, exerce un loisir de grande envergure sur plus de 250 m2 o\u00f9 la r\u00e9alit\u00e9 est transform\u00e9e en un monde miniature. Ce monde est visible sur trois r\u00e9seaux : les r\u00e9seaux H0, N et LGB. L\u2019association dispose d\u2019une vaste collection de v\u00e9hicules MCC en circulation, dont le nombre peut atteindre 20 v\u00e9hicules en \u00e9chelles H0 et N lors des journ\u00e9es d\u2019exposition. De plus, l\u2019OC32 est utilis\u00e9 pour diverses applications.  <\/p>\n\t\t\t\t<\/div>\n\t\t\t\t<div class=\"elementor-element elementor-element-aa3a28a elementor-align-left elementor-mobile-align-justify elementor-widget elementor-widget-button\" data-id=\"aa3a28a\" data-element_type=\"widget\" data-e-type=\"widget\" data-widget_type=\"button.default\">\n\t\t\t\t\t\t\t\t\t\t<a class=\"elementor-button elementor-size-sm elementor-animation-grow\" role=\"button\">\n\t\t\t\t\t\t<span class=\"elementor-button-content-wrapper\">\n\t\t\t\t\t\t\t\t\t<span class=\"elementor-button-text\">Cliquez ici pour plus d\u2019informations<\/span>\n\t\t\t\t\t<\/span>\n\t\t\t\t\t<\/a>\n\t\t\t\t\t\t\t\t<\/div>\n\t\t\t\t<\/div>\n\t\t\t\t\t<\/div>\n\t\t\t\t<\/div>\n\t\t\t\t<\/div>\n\t\t\t\t<div data-elementor-type=\"loop-item\" data-elementor-id=\"3653\" class=\"elementor elementor-3653 elementor-3191 elementor-3191 e-loop-item e-loop-item-4792 post-4792 referentie type-referentie status-publish has-post-thumbnail hentry\" data-elementor-post-type=\"elementor_library\" data-custom-edit-handle=\"1\">\n\t\t\t<div class=\"elementor-element elementor-element-6aad50b e-flex e-con-boxed e-con e-parent\" data-id=\"6aad50b\" data-element_type=\"container\" data-e-type=\"container\">\n\t\t\t\t\t<div class=\"e-con-inner\">\n\t\t<div class=\"elementor-element elementor-element-82fdad9 e-con-full e-flex e-con e-child\" data-id=\"82fdad9\" data-element_type=\"container\" data-e-type=\"container\">\n\t\t\t\t<div class=\"elementor-element elementor-element-201e693 elementor-widget elementor-widget-theme-post-featured-image elementor-widget-image\" data-id=\"201e693\" data-element_type=\"widget\" data-e-type=\"widget\" data-widget_type=\"theme-post-featured-image.default\">\n\t\t\t\t\t\t\t\t\t\t\t\t\t\t\t<img decoding=\"async\" width=\"300\" height=\"300\" src=\"https:\/\/dinamobesturing.nl\/wp-content\/uploads\/2025\/12\/MWL600-300x300.webp\" class=\"attachment-medium size-medium wp-image-4793\" alt=\"\" srcset=\"https:\/\/dinamobesturing.nl\/wp-content\/uploads\/2025\/12\/MWL600-300x300.webp 300w, https:\/\/dinamobesturing.nl\/wp-content\/uploads\/2025\/12\/MWL600-150x150.webp 150w, https:\/\/dinamobesturing.nl\/wp-content\/uploads\/2025\/12\/MWL600-100x100.webp 100w, https:\/\/dinamobesturing.nl\/wp-content\/uploads\/2025\/12\/MWL600.webp 600w\" sizes=\"(max-width: 300px) 100vw, 300px\" title=\"\">\t\t\t\t\t\t\t\t\t\t\t\t\t\t\t<\/div>\n\t\t\t\t<\/div>\n\t\t<div class=\"elementor-element elementor-element-60995ec e-con-full e-flex e-con e-child\" data-id=\"60995ec\" data-element_type=\"container\" data-e-type=\"container\">\n\t\t\t\t<div class=\"elementor-element elementor-element-7f13650 elementor-widget elementor-widget-theme-post-title elementor-page-title elementor-widget-heading\" data-id=\"7f13650\" data-element_type=\"widget\" data-e-type=\"widget\" data-widget_type=\"theme-post-title.default\">\n\t\t\t\t\t<h2 class=\"elementor-heading-title elementor-size-default\">Miniworld Rotterdam<\/h2>\t\t\t\t<\/div>\n\t\t\t\t<div class=\"elementor-element elementor-element-bf218dd elementor-widget elementor-widget-theme-post-content\" data-id=\"bf218dd\" data-element_type=\"widget\" data-e-type=\"widget\" data-widget_type=\"theme-post-content.default\">\n\t\t\t\t\t\n<p><strong>Miniworld Rotterdam<\/strong> utilise les produits de VPEB depuis ses d\u00e9buts. Tous les trains, voitures, accessoires, \u00e9clairages et sc\u00e8nes interactives anim\u00e9es, en d\u2019autres termes : <strong>tout ce que vous voyez dans le monde miniature<\/strong>, est enti\u00e8rement pilot\u00e9 par Dinamo, OC32 et MCC ! <\/p>\n\t\t\t\t<\/div>\n\t\t\t\t<div class=\"elementor-element elementor-element-aa3a28a elementor-align-left elementor-mobile-align-justify elementor-widget elementor-widget-button\" data-id=\"aa3a28a\" data-element_type=\"widget\" data-e-type=\"widget\" data-widget_type=\"button.default\">\n\t\t\t\t\t\t\t\t\t\t<a class=\"elementor-button elementor-size-sm elementor-animation-grow\" role=\"button\">\n\t\t\t\t\t\t<span class=\"elementor-button-content-wrapper\">\n\t\t\t\t\t\t\t\t\t<span class=\"elementor-button-text\">Cliquez ici pour plus d\u2019informations<\/span>\n\t\t\t\t\t<\/span>\n\t\t\t\t\t<\/a>\n\t\t\t\t\t\t\t\t<\/div>\n\t\t\t\t<\/div>\n\t\t\t\t\t<\/div>\n\t\t\t\t<\/div>\n\t\t\t\t<\/div>\n\t\t\t\t<div data-elementor-type=\"loop-item\" data-elementor-id=\"3653\" class=\"elementor elementor-3653 elementor-3191 elementor-3191 e-loop-item e-loop-item-4526 post-4526 referentie type-referentie status-publish has-post-thumbnail hentry\" data-elementor-post-type=\"elementor_library\" data-custom-edit-handle=\"1\">\n\t\t\t<div class=\"elementor-element elementor-element-6aad50b e-flex e-con-boxed e-con e-parent\" data-id=\"6aad50b\" data-element_type=\"container\" data-e-type=\"container\">\n\t\t\t\t\t<div class=\"e-con-inner\">\n\t\t<div class=\"elementor-element elementor-element-82fdad9 e-con-full e-flex e-con e-child\" data-id=\"82fdad9\" data-element_type=\"container\" data-e-type=\"container\">\n\t\t\t\t<div class=\"elementor-element elementor-element-201e693 elementor-widget elementor-widget-theme-post-featured-image elementor-widget-image\" data-id=\"201e693\" data-element_type=\"widget\" data-e-type=\"widget\" data-widget_type=\"theme-post-featured-image.default\">\n\t\t\t\t\t\t\t\t\t\t\t\t\t\t\t<img loading=\"lazy\" decoding=\"async\" width=\"300\" height=\"300\" src=\"https:\/\/dinamobesturing.nl\/wp-content\/uploads\/2025\/12\/Nienoord-300x300.webp\" class=\"attachment-medium size-medium wp-image-4527\" alt=\"\" srcset=\"https:\/\/dinamobesturing.nl\/wp-content\/uploads\/2025\/12\/Nienoord-300x300.webp 300w, https:\/\/dinamobesturing.nl\/wp-content\/uploads\/2025\/12\/Nienoord-150x150.webp 150w, https:\/\/dinamobesturing.nl\/wp-content\/uploads\/2025\/12\/Nienoord-100x100.webp 100w, https:\/\/dinamobesturing.nl\/wp-content\/uploads\/2025\/12\/Nienoord.webp 600w\" sizes=\"(max-width: 300px) 100vw, 300px\" title=\"\">\t\t\t\t\t\t\t\t\t\t\t\t\t\t\t<\/div>\n\t\t\t\t<\/div>\n\t\t<div class=\"elementor-element elementor-element-60995ec e-con-full e-flex e-con e-child\" data-id=\"60995ec\" data-element_type=\"container\" data-e-type=\"container\">\n\t\t\t\t<div class=\"elementor-element elementor-element-7f13650 elementor-widget elementor-widget-theme-post-title elementor-page-title elementor-widget-heading\" data-id=\"7f13650\" data-element_type=\"widget\" data-e-type=\"widget\" data-widget_type=\"theme-post-title.default\">\n\t\t\t\t\t<h2 class=\"elementor-heading-title elementor-size-default\">Domaine de Nienoord<\/h2>\t\t\t\t<\/div>\n\t\t\t\t<div class=\"elementor-element elementor-element-bf218dd elementor-widget elementor-widget-theme-post-content\" data-id=\"bf218dd\" data-element_type=\"widget\" data-e-type=\"widget\" data-widget_type=\"theme-post-content.default\">\n\t\t\t\t\t\n<p>Admirez le vaste monde miniature (int\u00e9rieur) et le r\u00e9seau ferroviaire de jardin (ext\u00e9rieur). Ces mondes r\u00e9duits regorgent de d\u00e9tails.<br\/>\u00c0 Nienoord, ils utilisent une version adapt\u00e9e de Dinamo Classic pour les voies ext\u00e9rieures LGB. Une version dans laquelle le Classic TM-H a \u00e9t\u00e9 transform\u00e9 en une v\u00e9ritable centrale \u00e9lectrique pour r\u00e9pondre \u00e0 la puissance de ces locomotives.  <\/p>\n\t\t\t\t<\/div>\n\t\t\t\t<div class=\"elementor-element elementor-element-aa3a28a elementor-align-left elementor-mobile-align-justify elementor-widget elementor-widget-button\" data-id=\"aa3a28a\" data-element_type=\"widget\" data-e-type=\"widget\" data-widget_type=\"button.default\">\n\t\t\t\t\t\t\t\t\t\t<a class=\"elementor-button elementor-size-sm elementor-animation-grow\" role=\"button\">\n\t\t\t\t\t\t<span class=\"elementor-button-content-wrapper\">\n\t\t\t\t\t\t\t\t\t<span class=\"elementor-button-text\">Cliquez ici pour plus d\u2019informations<\/span>\n\t\t\t\t\t<\/span>\n\t\t\t\t\t<\/a>\n\t\t\t\t\t\t\t\t<\/div>\n\t\t\t\t<\/div>\n\t\t\t\t\t<\/div>\n\t\t\t\t<\/div>\n\t\t\t\t<\/div>\n\t\t\t\t<div data-elementor-type=\"loop-item\" data-elementor-id=\"3653\" class=\"elementor elementor-3653 elementor-3191 elementor-3191 e-loop-item e-loop-item-4528 post-4528 referentie type-referentie status-publish has-post-thumbnail hentry\" data-elementor-post-type=\"elementor_library\" data-custom-edit-handle=\"1\">\n\t\t\t<div class=\"elementor-element elementor-element-6aad50b e-flex e-con-boxed e-con e-parent\" data-id=\"6aad50b\" data-element_type=\"container\" data-e-type=\"container\">\n\t\t\t\t\t<div class=\"e-con-inner\">\n\t\t<div class=\"elementor-element elementor-element-82fdad9 e-con-full e-flex e-con e-child\" data-id=\"82fdad9\" data-element_type=\"container\" data-e-type=\"container\">\n\t\t\t\t<div class=\"elementor-element elementor-element-201e693 elementor-widget elementor-widget-theme-post-featured-image elementor-widget-image\" data-id=\"201e693\" data-element_type=\"widget\" data-e-type=\"widget\" data-widget_type=\"theme-post-featured-image.default\">\n\t\t\t\t\t\t\t\t\t\t\t\t\t\t\t<img loading=\"lazy\" decoding=\"async\" width=\"300\" height=\"300\" src=\"https:\/\/dinamobesturing.nl\/wp-content\/uploads\/2026\/01\/Zwolle-300x300.webp\" class=\"attachment-medium size-medium wp-image-4529\" alt=\"\" srcset=\"https:\/\/dinamobesturing.nl\/wp-content\/uploads\/2026\/01\/Zwolle-300x300.webp 300w, https:\/\/dinamobesturing.nl\/wp-content\/uploads\/2026\/01\/Zwolle-150x150.webp 150w, https:\/\/dinamobesturing.nl\/wp-content\/uploads\/2026\/01\/Zwolle-100x100.webp 100w, https:\/\/dinamobesturing.nl\/wp-content\/uploads\/2026\/01\/Zwolle.webp 600w\" sizes=\"(max-width: 300px) 100vw, 300px\" title=\"\">\t\t\t\t\t\t\t\t\t\t\t\t\t\t\t<\/div>\n\t\t\t\t<\/div>\n\t\t<div class=\"elementor-element elementor-element-60995ec e-con-full e-flex e-con e-child\" data-id=\"60995ec\" data-element_type=\"container\" data-e-type=\"container\">\n\t\t\t\t<div class=\"elementor-element elementor-element-7f13650 elementor-widget elementor-widget-theme-post-title elementor-page-title elementor-widget-heading\" data-id=\"7f13650\" data-element_type=\"widget\" data-e-type=\"widget\" data-widget_type=\"theme-post-title.default\">\n\t\t\t\t\t<h2 class=\"elementor-heading-title elementor-size-default\">Association de mod\u00e9listes de la r\u00e9gion de Zwolle<\/h2>\t\t\t\t<\/div>\n\t\t\t\t<div class=\"elementor-element elementor-element-bf218dd elementor-widget elementor-widget-theme-post-content\" data-id=\"bf218dd\" data-element_type=\"widget\" data-e-type=\"widget\" data-widget_type=\"theme-post-content.default\">\n\t\t\t\t\t\n<p>L\u2019association de mod\u00e9listes de la r\u00e9gion de Zwolle poss\u00e8de 2 r\u00e9seaux utilisant l\u2019\u00e9quipement Dinamo.<br\/>Le r\u00e9seau \u00ab\u00a0Zwolsche baan\u00a0\u00bb (H0 et \u00e2g\u00e9 de plus de 45 ans) est \u00e9quip\u00e9 de Dinamo Classic, tandis que le r\u00e9seau modulaire en H0 est \u00e9quip\u00e9 de la nouvelle g\u00e9n\u00e9ration de mat\u00e9riel Dinamo.<br\/><br\/>Les deux r\u00e9seaux sont pilot\u00e9s avec le logiciel Rocrail.<\/p>\n\t\t\t\t<\/div>\n\t\t\t\t<div class=\"elementor-element elementor-element-aa3a28a elementor-align-left elementor-mobile-align-justify elementor-widget elementor-widget-button\" data-id=\"aa3a28a\" data-element_type=\"widget\" data-e-type=\"widget\" data-widget_type=\"button.default\">\n\t\t\t\t\t\t\t\t\t\t<a class=\"elementor-button elementor-size-sm elementor-animation-grow\" role=\"button\">\n\t\t\t\t\t\t<span class=\"elementor-button-content-wrapper\">\n\t\t\t\t\t\t\t\t\t<span class=\"elementor-button-text\">Cliquez ici pour plus d\u2019informations<\/span>\n\t\t\t\t\t<\/span>\n\t\t\t\t\t<\/a>\n\t\t\t\t\t\t\t\t<\/div>\n\t\t\t\t<\/div>\n\t\t\t\t\t<\/div>\n\t\t\t\t<\/div>\n\t\t\t\t<\/div>\n\t\t\t\t<\/div>\n\t\t\n\t\t\t\t\t\t<\/div>\n\t\t\t\t<\/div>\n\t\t\t\t\t<\/div>\n\t\t\t\t<\/div>\n\t\t\t\t<\/div>\n\t\t","protected":false},"excerpt":{"rendered":"<p>D\u00e9couvrez o\u00f9 vous pouvez voir en action nos produits voir en action<\/p>\n","protected":false},"author":1,"featured_media":0,"parent":0,"menu_order":0,"comment_status":"closed","ping_status":"closed","template":"","meta":{"_acf_changed":false,"footnotes":""},"class_list":["post-3640","page","type-page","status-publish","hentry"],"acf":[],"jetpack_sharing_enabled":true,"_links":{"self":[{"href":"https:\/\/dinamobesturing.nl\/fr\/wp-json\/wp\/v2\/pages\/3640","targetHints":{"allow":["GET"]}}],"collection":[{"href":"https:\/\/dinamobesturing.nl\/fr\/wp-json\/wp\/v2\/pages"}],"about":[{"href":"https:\/\/dinamobesturing.nl\/fr\/wp-json\/wp\/v2\/types\/page"}],"author":[{"embeddable":true,"href":"https:\/\/dinamobesturing.nl\/fr\/wp-json\/wp\/v2\/users\/1"}],"replies":[{"embeddable":true,"href":"https:\/\/dinamobesturing.nl\/fr\/wp-json\/wp\/v2\/comments?post=3640"}],"version-history":[{"count":0,"href":"https:\/\/dinamobesturing.nl\/fr\/wp-json\/wp\/v2\/pages\/3640\/revisions"}],"wp:attachment":[{"href":"https:\/\/dinamobesturing.nl\/fr\/wp-json\/wp\/v2\/media?parent=3640"}],"curies":[{"name":"wp","href":"https:\/\/api.w.org\/{rel}","templated":true}]}}