{"id":3625,"date":"2025-12-01T00:14:01","date_gmt":"2025-11-30T23:14:01","guid":{"rendered":"https:\/\/dinamobesturing.nl\/mentions-legales\/"},"modified":"2025-12-01T00:14:01","modified_gmt":"2025-11-30T23:14:01","slug":"mentions-legales","status":"publish","type":"page","link":"https:\/\/dinamobesturing.nl\/fr\/mentions-legales\/","title":{"rendered":"Mentions l\u00e9gales"},"content":{"rendered":"\n<!-- Legal document generated by Complianz | GDPR\/CCPA Cookie Consent https:\/\/wordpress.org\/plugins\/complianz-gdpr -->\n<div id=\"cmplz-document\" class=\"cmplz-document impressum cmplz-document-all\"><p><i>Cette imprint a \u00e9t\u00e9 mise \u00e0 jour pour la derni\u00e8re fois le 7 f\u00e9vrier 2026.<\/i><\/p><p class=\"cmplz-subtitle\">Le propri\u00e9taire de ce site web est\u00a0:<\/p><p>Dinamo Besturing Vennootschap onder Firma<br>Telgterweg 275a <br \/>\n3853NJ Ermelo <br>Pays-Bas<br>E-mail\u00a0:&nbsp;<span class=\"cmplz-obfuscate\">&#097;&#100;m&#105;&#110;@<span class=\"cmplz-fmail-domain\">e&#120;.co&#109;<\/span>d&#105;n&#097;&#109;&#111;bes&#116;&#117;&#114;&#105;n&#103;&#046;&#110;&#108;<\/span><br>Num\u00e9ro de t\u00e9l\u00e9phone\u00a0: 0341745092<br>ID TVA\u00a0:&nbsp;NL861934283B01<\/p><p class=\"cmplz-subtitle\">Le(s) repr\u00e9sentant(s) l\u00e9gal(aux) de Dinamo Besturing Vennootschap onder Firma\u00a0:<\/p><p>Martin Domburg<\/p><h2>1. G\u00e9n\u00e9ral<\/h2><p class=\"cmplz-subtitle\">1.1 Nous sommes enregistr\u00e9s chez Kamer van Koophandel sous le num\u00e9ro de licence ou d\u2019enregistrement\u00a0:<\/p><p>81107595<\/p><p>Nous ne sommes ni dispos\u00e9s ni oblig\u00e9s de participer \u00e0 des proc\u00e9dures de r\u00e8glement des litiges devant une commission d\u2019arbitrage des consommateurs.<\/p><h2>2. Les informations suivantes sont obligatoires selon la loi allemande.<\/h2><\/div>\n","protected":false},"excerpt":{"rendered":"","protected":false},"author":1,"featured_media":0,"parent":0,"menu_order":0,"comment_status":"closed","ping_status":"closed","template":"","meta":{"_acf_changed":false,"footnotes":""},"class_list":["post-3625","page","type-page","status-publish","hentry"],"acf":[],"jetpack_sharing_enabled":true,"_links":{"self":[{"href":"https:\/\/dinamobesturing.nl\/fr\/wp-json\/wp\/v2\/pages\/3625","targetHints":{"allow":["GET"]}}],"collection":[{"href":"https:\/\/dinamobesturing.nl\/fr\/wp-json\/wp\/v2\/pages"}],"about":[{"href":"https:\/\/dinamobesturing.nl\/fr\/wp-json\/wp\/v2\/types\/page"}],"author":[{"embeddable":true,"href":"https:\/\/dinamobesturing.nl\/fr\/wp-json\/wp\/v2\/users\/1"}],"replies":[{"embeddable":true,"href":"https:\/\/dinamobesturing.nl\/fr\/wp-json\/wp\/v2\/comments?post=3625"}],"version-history":[{"count":0,"href":"https:\/\/dinamobesturing.nl\/fr\/wp-json\/wp\/v2\/pages\/3625\/revisions"}],"wp:attachment":[{"href":"https:\/\/dinamobesturing.nl\/fr\/wp-json\/wp\/v2\/media?parent=3625"}],"curies":[{"name":"wp","href":"https:\/\/api.w.org\/{rel}","templated":true}]}}