{"id":3622,"date":"2025-08-15T17:05:19","date_gmt":"2025-08-15T15:05:19","guid":{"rendered":"https:\/\/dinamobesturing.nl\/connexion\/"},"modified":"2026-04-20T21:11:39","modified_gmt":"2026-04-20T19:11:39","slug":"connexion","status":"publish","type":"page","link":"https:\/\/dinamobesturing.nl\/fr\/connexion\/","title":{"rendered":"Connexion"},"content":{"rendered":"\t\t<div data-elementor-type=\"wp-page\" data-elementor-id=\"3622\" class=\"elementor elementor-3622 elementor-424\" data-elementor-post-type=\"page\">\n\t\t\t\t<div class=\"elementor-element elementor-element-3fab35fa e-flex e-con-boxed e-con e-parent\" data-id=\"3fab35fa\" data-element_type=\"container\" data-e-type=\"container\">\n\t\t\t\t\t<div class=\"e-con-inner\">\n\t\t\t\t<div class=\"elementor-element elementor-element-53768393 elementor-headline--style-highlight elementor-widget elementor-widget-animated-headline\" data-id=\"53768393\" data-element_type=\"widget\" data-e-type=\"widget\" data-settings=\"{&quot;highlighted_text&quot;:&quot;DinamoUsers&quot;,&quot;headline_style&quot;:&quot;highlight&quot;,&quot;marker&quot;:&quot;circle&quot;,&quot;loop&quot;:&quot;yes&quot;,&quot;highlight_animation_duration&quot;:1200,&quot;highlight_iteration_delay&quot;:8000}\" data-widget_type=\"animated-headline.default\">\n\t\t\t\t\t\t\t<h3 class=\"elementor-headline\">\n\t\t\t\t\t<span class=\"elementor-headline-plain-text elementor-headline-text-wrapper\">Connectez-vous \u00e0 votre<\/span>\n\t\t\t\t<span class=\"elementor-headline-dynamic-wrapper elementor-headline-text-wrapper\">\n\t\t\t\t\t<span class=\"elementor-headline-dynamic-text elementor-headline-text-active\">DinamoUsers<\/span>\n\t\t\t\t<\/span>\n\t\t\t\t\t<span class=\"elementor-headline-plain-text elementor-headline-text-wrapper\">compte<\/span>\n\t\t\t\t\t<\/h3>\n\t\t\t\t\t\t<\/div>\n\t\t\t\t\t<\/div>\n\t\t\t\t<\/div>\n\t\t<div class=\"elementor-element elementor-element-4e43b56c e-flex e-con-boxed e-con e-parent\" data-id=\"4e43b56c\" data-element_type=\"container\" data-e-type=\"container\">\n\t\t\t\t\t<div class=\"e-con-inner\">\n\t\t<div class=\"elementor-element elementor-element-161ea915 e-con-full e-flex e-con e-child\" data-id=\"161ea915\" data-element_type=\"container\" data-e-type=\"container\">\n\t\t<div class=\"elementor-element elementor-element-7cf1e071 e-con-full e-flex e-con e-child\" data-id=\"7cf1e071\" data-element_type=\"container\" data-e-type=\"container\">\n\t\t\t\t<div class=\"elementor-element elementor-element-482739e elementor-button-align-start elementor-widget elementor-widget-login\" data-id=\"482739e\" data-element_type=\"widget\" data-e-type=\"widget\" data-widget_type=\"login.default\">\n\t\t\t\t\t\t\t<form class=\"elementor-login elementor-form\" method=\"post\" action=\"https:\/\/dinamobesturing.nl\/fr\/admin-login\/\" aria-label=\"Login form\">\n\t\t\t<input type=\"hidden\" name=\"redirect_to\" value=\"https:\/\/dinamobesturing.nl\/mijn-account\/\">\n\t\t\t<div class=\"elementor-form-fields-wrapper\">\n\t\t\t\t<div class=\"elementor-field-type-text elementor-field-group elementor-column elementor-col-100 elementor-field-required\">\n\t\t\t\t\t<label for=\"user-482739e\" class=\"elementor-field-label\">Identifiant ou adresse e-mail<\/label>\n\t\t\t\t\t<input size=\"1\" type=\"text\" name=\"log\" id=\"user-482739e\" placeholder=\"\" class=\"elementor-field elementor-field-textual elementor-size-lg\">\n\t\t\t\t<\/div>\n\t\t\t\t<div class=\"elementor-field-type-text elementor-field-group elementor-column elementor-col-100 elementor-field-required\">\n\t\t\t\t\t<label for=\"password-482739e\" class=\"elementor-field-label\">Mot de passe<\/label>\n\t\t\t\t\t<input size=\"1\" type=\"password\" name=\"pwd\" id=\"password-482739e\" placeholder=\"\" class=\"elementor-field elementor-field-textual elementor-size-lg\">\n\t\t\t\t<\/div>\n\n\t\t\t\t\t\t\t\t\t<div class=\"elementor-field-type-checkbox elementor-field-group elementor-column elementor-col-100 elementor-remember-me\">\n\t\t\t\t\t\t<label for=\"elementor-login-remember-me\">\n\t\t\t\t\t\t\t<input type=\"checkbox\" id=\"elementor-login-remember-me\" name=\"rememberme\" value=\"forever\">\n\t\t\t\t\t\t\tSe souvenir de moi\t\t\t\t\t\t<\/label>\n\t\t\t\t\t<\/div>\n\t\t\t\t\n\t\t\t\t<div class=\"elementor-field-group elementor-column elementor-field-type-submit elementor-col-100\">\n\t\t\t\t\t<button type=\"submit\" class=\"elementor-size-lg elementor-button\" name=\"wp-submit\">\n\t\t\t\t\t\t\t\t\t\t\t\t\t\t\t<span class=\"elementor-button-text\">Se connecter<\/span>\n\t\t\t\t\t\t\t\t\t\t\t\t<\/button>\n\t\t\t\t<\/div>\n\n\t\t\t\t\t\t\t\t\t<div class=\"elementor-field-group elementor-column elementor-col-100\">\n\t\t\t\t\t\t\t\t\t\t\t\t\t\t\t\t\t\t\t\t<a class=\"elementor-lost-password\" href=\"https:\/\/dinamobesturing.nl\/fr\/mon-compte\/lost-password\/\">\n\t\t\t\t\t\t\t\tMot de passe perdu\u00a0?\t\t\t\t\t\t\t<\/a>\n\t\t\t\t\t\t\n\t\t\t\t\t\t\t\t\t\t\t<\/div>\n\t\t\t\t\t\t\t<\/div>\n\t\t<\/form>\n\t\t\t\t\t\t<\/div>\n\t\t\t\t<\/div>\n\t\t<div class=\"elementor-element elementor-element-7a870739 e-con-full e-flex e-con e-child\" data-id=\"7a870739\" data-element_type=\"container\" data-e-type=\"container\">\n\t\t\t\t<div class=\"elementor-element elementor-element-4c06a6f1 elementor-widget elementor-widget-text-editor\" data-id=\"4c06a6f1\" data-element_type=\"widget\" data-e-type=\"widget\" data-widget_type=\"text-editor.default\">\n\t\t\t\t\t\t\t\t\t<p data-start=\"120\" data-end=\"336\">\ud83d\udd11 <strong data-start=\"123\" data-end=\"145\">Bienvenue chez Dinamo !<\/strong><br data-start=\"145\" data-end=\"148\">Connectez-vous ici pour profiter pleinement de votre exp\u00e9rience Dinamo. En tant qu\u2019utilisateur enregistr\u00e9, vous acc\u00e9dez au <strong data-start=\"263\" data-end=\"284\">forum DinamoUsers<\/strong> \u2013 le lieu de rencontre privil\u00e9gi\u00e9 des passionn\u00e9s et des experts. <\/p><p data-start=\"338\" data-end=\"601\">\u2714\ufe0f Posez vos questions et obtenez rapidement des r\u00e9ponses de la part d\u2019autres utilisateurs et de sp\u00e9cialistes<br data-start=\"414\" data-end=\"417\">\u2714\ufe0f D\u00e9couvrez des conseils et astuces pour tirer encore plus profit de votre syst\u00e8me de commande<br data-start=\"490\" data-end=\"493\">\u2714\ufe0f Partagez vos propres exp\u00e9riences et inspirez les autres<br data-start=\"541\" data-end=\"544\">\u2714\ufe0f Restez inform\u00e9 des derni\u00e8res nouvelles et mises \u00e0 jour<\/p>\t\t\t\t\t\t\t\t<\/div>\n\t\t\t\t<div class=\"elementor-element elementor-element-97e4d12 elementor-align-left elementor-widget elementor-widget-button\" data-id=\"97e4d12\" data-element_type=\"widget\" data-e-type=\"widget\" data-widget_type=\"button.default\">\n\t\t\t\t\t\t\t\t\t\t<a class=\"elementor-button elementor-button-link elementor-size-sm elementor-animation-grow\" href=\"https:\/\/dinamobesturing.nl\/fr\/sinscrire\/\">\n\t\t\t\t\t\t<span class=\"elementor-button-content-wrapper\">\n\t\t\t\t\t\t\t\t\t<span class=\"elementor-button-text\">Pas encore de compte ? Inscrivez-vous d\u00e8s aujourd\u2019hui et rejoignez la communaut\u00e9 Dinamo ! <\/span>\n\t\t\t\t\t<\/span>\n\t\t\t\t\t<\/a>\n\t\t\t\t\t\t\t\t<\/div>\n\t\t\t\t<\/div>\n\t\t\t\t<\/div>\n\t\t\t\t\t<\/div>\n\t\t\t\t<\/div>\n\t\t\t\t<\/div>\n\t\t","protected":false},"excerpt":{"rendered":"<p>Connectez-vous \u00e0 votre DinamoUsers compte \ud83d\udd11 Bienvenue chez Dinamo !Connectez-vous ici pour profiter pleinement de votre exp\u00e9rience Dinamo. En tant qu\u2019utilisateur enregistr\u00e9, vous acc\u00e9dez au forum DinamoUsers \u2013 le lieu de rencontre privil\u00e9gi\u00e9 des passionn\u00e9s et des experts. \u2714\ufe0f Posez vos questions et obtenez rapidement des r\u00e9ponses de la part d\u2019autres utilisateurs et de sp\u00e9cialistes\u2714\ufe0f [&hellip;]<\/p>\n","protected":false},"author":1,"featured_media":0,"parent":0,"menu_order":0,"comment_status":"closed","ping_status":"closed","template":"","meta":{"_acf_changed":false,"footnotes":""},"class_list":["post-3622","page","type-page","status-publish","hentry"],"acf":[],"jetpack_sharing_enabled":true,"_links":{"self":[{"href":"https:\/\/dinamobesturing.nl\/fr\/wp-json\/wp\/v2\/pages\/3622","targetHints":{"allow":["GET"]}}],"collection":[{"href":"https:\/\/dinamobesturing.nl\/fr\/wp-json\/wp\/v2\/pages"}],"about":[{"href":"https:\/\/dinamobesturing.nl\/fr\/wp-json\/wp\/v2\/types\/page"}],"author":[{"embeddable":true,"href":"https:\/\/dinamobesturing.nl\/fr\/wp-json\/wp\/v2\/users\/1"}],"replies":[{"embeddable":true,"href":"https:\/\/dinamobesturing.nl\/fr\/wp-json\/wp\/v2\/comments?post=3622"}],"version-history":[{"count":0,"href":"https:\/\/dinamobesturing.nl\/fr\/wp-json\/wp\/v2\/pages\/3622\/revisions"}],"wp:attachment":[{"href":"https:\/\/dinamobesturing.nl\/fr\/wp-json\/wp\/v2\/media?parent=3622"}],"curies":[{"name":"wp","href":"https:\/\/api.w.org\/{rel}","templated":true}]}}