{"id":3621,"date":"2026-01-13T21:02:27","date_gmt":"2026-01-13T20:02:27","guid":{"rendered":"https:\/\/dinamobesturing.nl\/journee-des-fans-dinamo-2026\/"},"modified":"2026-04-20T21:11:44","modified_gmt":"2026-04-20T19:11:44","slug":"journee-des-fans-dinamo-2026","status":"publish","type":"page","link":"https:\/\/dinamobesturing.nl\/fr\/journee-des-fans-dinamo-2026\/","title":{"rendered":"Journ\u00e9e des fans Dinamo 2026"},"content":{"rendered":"\t\t<div data-elementor-type=\"wp-page\" data-elementor-id=\"3621\" class=\"elementor elementor-3621 elementor-3318\" data-elementor-post-type=\"page\">\n\t\t\t\t<div class=\"elementor-element elementor-element-e74e475 e-flex e-con-boxed e-con e-parent\" data-id=\"e74e475\" data-element_type=\"container\" data-e-type=\"container\">\n\t\t\t\t\t<div class=\"e-con-inner\">\n\t\t<div class=\"elementor-element elementor-element-8a18682 e-con-full e-flex e-con e-child\" data-id=\"8a18682\" data-element_type=\"container\" data-e-type=\"container\">\n\t\t\t\t<div class=\"elementor-element elementor-element-ce7d968 elementor-widget elementor-widget-image\" data-id=\"ce7d968\" data-element_type=\"widget\" data-e-type=\"widget\" data-widget_type=\"image.default\">\n\t\t\t\t\t\t\t\t\t\t\t\t\t\t\t<img fetchpriority=\"high\" decoding=\"async\" width=\"800\" height=\"800\" src=\"https:\/\/dinamobesturing.nl\/wp-content\/uploads\/2026\/01\/Fandag-2026.webp\" class=\"attachment-full size-full wp-image-3531\" alt=\"Dinamo Fandag 2026\" srcset=\"https:\/\/dinamobesturing.nl\/wp-content\/uploads\/2026\/01\/Fandag-2026.webp 800w, https:\/\/dinamobesturing.nl\/wp-content\/uploads\/2026\/01\/Fandag-2026-300x300.webp 300w, https:\/\/dinamobesturing.nl\/wp-content\/uploads\/2026\/01\/Fandag-2026-150x150.webp 150w, https:\/\/dinamobesturing.nl\/wp-content\/uploads\/2026\/01\/Fandag-2026-768x768.webp 768w, https:\/\/dinamobesturing.nl\/wp-content\/uploads\/2026\/01\/Fandag-2026-600x600.webp 600w, https:\/\/dinamobesturing.nl\/wp-content\/uploads\/2026\/01\/Fandag-2026-100x100.webp 100w\" sizes=\"(max-width: 800px) 100vw, 800px\" title=\"\">\t\t\t\t\t\t\t\t\t\t\t\t\t\t\t<\/div>\n\t\t\t\t<\/div>\n\t\t<div class=\"elementor-element elementor-element-2852188 e-con-full e-flex e-con e-child\" data-id=\"2852188\" data-element_type=\"container\" data-e-type=\"container\">\n\t\t\t\t<div class=\"elementor-element elementor-element-8ceadc0 elementor-widget elementor-widget-heading\" data-id=\"8ceadc0\" data-element_type=\"widget\" data-e-type=\"widget\" data-widget_type=\"heading.default\">\n\t\t\t\t\t<h2 class=\"elementor-heading-title elementor-size-default\">Journ\u00e9e des fans Dinamo 2026<\/h2>\t\t\t\t<\/div>\n\t\t\t\t<div class=\"elementor-element elementor-element-92e86ee elementor-widget elementor-widget-text-editor\" data-id=\"92e86ee\" data-element_type=\"widget\" data-e-type=\"widget\" data-widget_type=\"text-editor.default\">\n\t\t\t\t\t\t\t\t\t<p>Nous \u00e9tudions la possibilit\u00e9 d\u2019organiser une <strong>Journ\u00e9e des fans<\/strong> Dinamo. Une journ\u00e9e pour et par les <strong>utilisateurs<\/strong> et <strong>passionn\u00e9s<\/strong> des produits Dinamo !!! Nous pr\u00e9voyons de l\u2019organiser le samedi <strong>4 juillet 2026<\/strong> au centre de f\u00eate de Muzenhof \u00e0 Ermelo. <br><br>Pour que cette journ\u00e9e soit une r\u00e9ussite totale, nous recherchons des participants, des <strong>utilisateurs<\/strong>, qui souhaitent pr\u00e9senter leur r\u00e9seau ferroviaire miniature \u00e9quip\u00e9 de Dinamo, OC32, MCC ou DinaSys lors de notre journ\u00e9e des fans ! Cela vous int\u00e9resse ? <strong>Inscrivez-vous ci-dessous<\/strong> ! <br><br>Si vous souhaitez \u00e9galement donner une <strong>d\u00e9monstration<\/strong> ou un atelier, vous \u00eates les bienvenus. La seule condition : le pilotage doit s\u2019effectuer via les produits VPEB. <br><br>La participation est enti\u00e8rement gratuite, tout comme l\u2019entr\u00e9e !<\/p>\t\t\t\t\t\t\t\t<\/div>\n\t\t\t\t<\/div>\n\t\t\t\t\t<\/div>\n\t\t\t\t<\/div>\n\t\t<div class=\"elementor-element elementor-element-eca837d e-flex e-con-boxed e-con e-parent\" data-id=\"eca837d\" data-element_type=\"container\" data-e-type=\"container\">\n\t\t\t\t\t<div class=\"e-con-inner\">\n\t\t\t\t<div class=\"elementor-element elementor-element-b841d67 elementor-widget elementor-widget-heading\" data-id=\"b841d67\" data-element_type=\"widget\" data-e-type=\"widget\" data-widget_type=\"heading.default\">\n\t\t\t\t\t<h2 class=\"elementor-heading-title elementor-size-default\">Inscrivez-vous ici !<\/h2>\t\t\t\t<\/div>\n\t\t\t\t<div class=\"elementor-element elementor-element-4db1a9d elementor-widget elementor-widget-text-editor\" data-id=\"4db1a9d\" data-element_type=\"widget\" data-e-type=\"widget\" data-widget_type=\"text-editor.default\">\n\t\t\t\t\t\t\t\t\t<p>L\u2019inscription est possible jusqu\u2019au 31 mars 2026 ! <\/p>\t\t\t\t\t\t\t\t<\/div>\n\t\t\t\t<div class=\"elementor-element elementor-element-7816ab5 elementor-widget elementor-widget-wpforms\" data-id=\"7816ab5\" data-element_type=\"widget\" data-e-type=\"widget\" data-widget_type=\"wpforms.default\">\n\t\t\t\t<div class=\"elementor-widget-container\">\n\t\t\t\t\t<div class=\"wpforms-container wpforms-container-full wpforms-render-modern\" id=\"wpforms-3321\"><form id=\"wpforms-form-3321\" class=\"wpforms-validate wpforms-form\" data-formid=\"3321\" method=\"post\" enctype=\"multipart\/form-data\" action=\"\/fr\/wp-json\/wp\/v2\/pages\/3621?wpforms_form_id=3321\" data-token=\"c0b90d42c508629191237acf8b5a4f94\" data-token-time=\"1777448217\"><noscript class=\"wpforms-error-noscript\">Veuillez activer JavaScript dans votre navigateur pour remplir ce formulaire.<\/noscript><div id=\"wpforms-error-noscript\" style=\"display: none;\">Veuillez activer JavaScript dans votre navigateur pour remplir ce formulaire.<\/div><div class=\"wpforms-field-container\"><div id=\"wpforms-3321-field_1-container\" class=\"wpforms-field wpforms-field-name\" data-field-id=\"1\"><fieldset><legend class=\"wpforms-field-label\">Naam <span class=\"wpforms-required-label\" aria-hidden=\"true\">*<\/span><\/legend><div class=\"wpforms-field-row wpforms-field-medium\"><div class=\"wpforms-field-row-block wpforms-first wpforms-one-half\"><input type=\"text\" id=\"wpforms-3321-field_1\" class=\"wpforms-field-name-first wpforms-field-required\" name=\"wpforms[fields][1][first]\" aria-errormessage=\"wpforms-3321-field_1-error\" required><label for=\"wpforms-3321-field_1\" class=\"wpforms-field-sublabel after\">Pr\u00e9nom<\/label><\/div><div class=\"wpforms-field-row-block wpforms-one-half\"><input type=\"text\" id=\"wpforms-3321-field_1-last\" class=\"wpforms-field-name-last wpforms-field-required\" name=\"wpforms[fields][1][last]\" aria-errormessage=\"wpforms-3321-field_1-last-error\" required><label for=\"wpforms-3321-field_1-last\" class=\"wpforms-field-sublabel after\">Nom<\/label><\/div><\/div><\/fieldset><\/div><div id=\"wpforms-3321-field_2-container\" class=\"wpforms-field wpforms-field-email\" data-field-id=\"2\"><fieldset><legend class=\"wpforms-field-label\">E-mailadres <span class=\"wpforms-required-label\" aria-hidden=\"true\">*<\/span><\/legend><div class=\"wpforms-field-row wpforms-field-medium\"><div class=\"wpforms-field-row-block wpforms-one-half wpforms-first\"><input type=\"email\" id=\"wpforms-3321-field_2\" class=\"wpforms-field-required wpforms-field-email-primary\" name=\"wpforms[fields][2][primary]\" spellcheck=\"false\" aria-errormessage=\"wpforms-3321-field_2-error\" required><label for=\"wpforms-3321-field_2\" class=\"wpforms-field-sublabel after\">E-mail<\/label><\/div><div class=\"wpforms-field-row-block wpforms-one-half\"><input type=\"email\" id=\"wpforms-3321-field_2-secondary\" class=\"wpforms-field-email-secondary wpforms-field-required\" data-rule-confirm=\"#wpforms-3321-field_2\" name=\"wpforms[fields][2][secondary]\" spellcheck=\"false\" aria-errormessage=\"wpforms-3321-field_2-secondary-error\" required><label for=\"wpforms-3321-field_2-secondary\" class=\"wpforms-field-sublabel after\">Confirmez l\u2019e-mail<\/label><\/div><\/div><\/fieldset><\/div><div id=\"wpforms-3321-field_3-container\" class=\"wpforms-field wpforms-field-phone\" data-field-id=\"3\"><label class=\"wpforms-field-label\" for=\"wpforms-3321-field_3\">Telefoonnummer<\/label><input type=\"tel\" id=\"wpforms-3321-field_3\" class=\"wpforms-field-medium\" data-rule-int-phone-field=\"true\" name=\"wpforms[fields][3]\" aria-label=\"Telefoonnummer\" aria-errormessage=\"wpforms-3321-field_3-error\" ><\/div><div id=\"wpforms-3321-field_4-container\" class=\"wpforms-field wpforms-field-radio wpforms-conditional-trigger\" data-field-id=\"4\"><fieldset><legend class=\"wpforms-field-label\">Deelnemen aan de Dinamo Fandag 2026 als<\/legend><ul id=\"wpforms-3321-field_4\"><li class=\"choice-1 depth-1\"><input type=\"radio\" id=\"wpforms-3321-field_4_1\" name=\"wpforms[fields][4]\" value=\"Modelbaan\" aria-errormessage=\"wpforms-3321-field_4_1-error\"  ><label class=\"wpforms-field-label-inline\" for=\"wpforms-3321-field_4_1\">Modelbaan<\/label><\/li><li class=\"choice-2 depth-1\"><input type=\"radio\" id=\"wpforms-3321-field_4_2\" name=\"wpforms[fields][4]\" value=\"Workshop\" aria-errormessage=\"wpforms-3321-field_4_2-error\"  ><label class=\"wpforms-field-label-inline\" for=\"wpforms-3321-field_4_2\">Workshop<\/label><\/li><li class=\"choice-3 depth-1\"><input type=\"radio\" id=\"wpforms-3321-field_4_3\" name=\"wpforms[fields][4]\" value=\"Demonstratie\" aria-errormessage=\"wpforms-3321-field_4_3-error\"  ><label class=\"wpforms-field-label-inline\" for=\"wpforms-3321-field_4_3\">Demonstratie<\/label><\/li><li class=\"choice-4 depth-1\"><input type=\"radio\" id=\"wpforms-3321-field_4_4\" name=\"wpforms[fields][4]\" value=\"Anders\" aria-errormessage=\"wpforms-3321-field_4_4-error\"  ><label class=\"wpforms-field-label-inline\" for=\"wpforms-3321-field_4_4\">Anders<\/label><\/li><\/ul><\/fieldset><\/div>\t\t<div id=\"wpforms-3321-field_10-container\"\n\t\t\tclass=\"wpforms-field wpforms-field-text\"\n\t\t\tdata-field-type=\"text\"\n\t\t\tdata-field-id=\"10\"\n\t\t\t>\n\t\t\t<label class=\"wpforms-field-label\" for=\"wpforms-3321-field_10\" >modelbaan of workshop<\/label>\n\t\t\t<input type=\"text\" id=\"wpforms-3321-field_10\" class=\"wpforms-field-medium\" name=\"wpforms[fields][10]\" >\n\t\t<\/div>\n\t\t<div id=\"wpforms-3321-field_5-container\" class=\"wpforms-field wpforms-field-text wpforms-conditional-field wpforms-conditional-show\" data-field-id=\"5\" style=\"display:none;\"><label class=\"wpforms-field-label\" for=\"wpforms-3321-field_5\">Naam van de modelbaan <span class=\"wpforms-required-label\" aria-hidden=\"true\">*<\/span><\/label><input type=\"text\" id=\"wpforms-3321-field_5\" class=\"wpforms-field-medium wpforms-field-required\" name=\"wpforms[fields][5]\" aria-errormessage=\"wpforms-3321-field_5-error\" required><\/div><div id=\"wpforms-3321-field_11-container\" class=\"wpforms-field wpforms-field-text wpforms-conditional-field wpforms-conditional-show\" data-field-id=\"11\" style=\"display:none;\"><label class=\"wpforms-field-label\" for=\"wpforms-3321-field_11\">Schaal van de modelbaan <span class=\"wpforms-required-label\" aria-hidden=\"true\">*<\/span><\/label><input type=\"text\" id=\"wpforms-3321-field_11\" class=\"wpforms-field-medium wpforms-field-required\" name=\"wpforms[fields][11]\" aria-errormessage=\"wpforms-3321-field_11-error\" required><\/div><div id=\"wpforms-3321-field_12-container\" class=\"wpforms-field wpforms-field-text wpforms-conditional-field wpforms-conditional-show\" data-field-id=\"12\" style=\"display:none;\"><label class=\"wpforms-field-label\" for=\"wpforms-3321-field_12\">Afmetingen van de modelbaan (L x B) <span class=\"wpforms-required-label\" aria-hidden=\"true\">*<\/span><\/label><input type=\"text\" id=\"wpforms-3321-field_12\" class=\"wpforms-field-medium wpforms-field-required\" name=\"wpforms[fields][12]\" aria-errormessage=\"wpforms-3321-field_12-error\" required><\/div><div id=\"wpforms-3321-field_6-container\" class=\"wpforms-field wpforms-field-file-upload wpforms-conditional-field wpforms-conditional-show\" data-field-id=\"6\" style=\"display:none;\"><label class=\"wpforms-field-label\" for=\"wpforms-3321-field_6\">Foto uploaden (modelbaan)<\/label><div\n\t\tclass=\"wpforms-uploader \"\n\t\tdata-field-id=\"6\"\n\t\tdata-form-id=\"3321\"\n\t\tdata-input-name=\"wpforms_3321_6\"\n\t\tdata-extensions=\"jpg,jpeg,jpe,gif,png,bmp,tiff,tif,webp,avif,ico,heic,heif,heics,heifs,asf,asx,wmv,wmx,wm,avi,divx,mov,qt,mpeg,mpg,mpe,mp4,m4v,ogv,webm,mkv,3gp,3gpp,3g2,3gp2,txt,asc,c,cc,h,srt,csv,tsv,ics,rtx,css,vtt,mp3,m4a,m4b,aac,ra,ram,wav,x-wav,ogg,oga,flac,mid,midi,wma,wax,mka,rtf,pdf,class,tar,zip,gz,gzip,rar,7z,psd,xcf,doc,pot,pps,ppt,wri,xla,xls,xlt,xlw,mpp,docx,docm,dotx,dotm,xlsx,xlsm,xlsb,xltx,xltm,xlam,pptx,pptm,ppsx,ppsm,potx,potm,ppam,sldx,sldm,onetoc,onetoc2,onepkg,oxps,xps,odt,odp,ods,odg,odc,odb,odf,wp,wpd,key,numbers,pages\"\n\t\tdata-max-size=\"52428800\"\n\t\tdata-max-file-number=\"1\"\n\t\tdata-post-max-size=\"52428800\"\n\t\tdata-max-parallel-uploads=\"4\"\n\t\tdata-parallel-uploads=\"true\"\n\t\tdata-file-chunk-size=\"2097152\">\n\t<div class=\"dz-message\">\n\t\t<svg  viewBox=\"0 0 640 640\" focusable=\"false\" data-icon=\"inbox\" width=\"50px\" height=\"50px\" fill=\"currentColor\" aria-hidden=\"true\">\n\t\t\t<path d=\"M352 173.3L352 384C352 401.7 337.7 416 320 416C302.3 416 288 401.7 288 384L288 173.3L246.6 214.7C234.1 227.2 213.8 227.2 201.3 214.7C188.8 202.2 188.8 181.9 201.3 169.4L297.3 73.4C309.8 60.9 330.1 60.9 342.6 73.4L438.6 169.4C451.1 181.9 451.1 202.2 438.6 214.7C426.1 227.2 405.8 227.2 393.3 214.7L352 173.3zM320 464C364.2 464 400 428.2 400 384L480 384C515.3 384 544 412.7 544 448L544 480C544 515.3 515.3 544 480 544L160 544C124.7 544 96 515.3 96 480L96 448C96 412.7 124.7 384 160 384L240 384C240 428.2 275.8 464 320 464zM464 488C477.3 488 488 477.3 488 464C488 450.7 477.3 440 464 440C450.7 440 440 450.7 440 464C440 477.3 450.7 488 464 488z\"\/>\n\t\t<\/svg>\n\n\t\t<span class=\"modern-title\">\n\t\t\t\t\t\t\tGlisser-d\u00e9poser des fichiers,  \t\t\t\t<span>Choisir des fichiers \u00e0 t\u00e9l\u00e9verser<\/span>\n\t\t\t\t\t<\/span>\n\n\t\t\t<\/div>\n<\/div>\n\n<input\n\t\ttype=\"text\"\n\t\tautocomplete=\"off\"\n\t\treadonly\n\t\tclass=\"dropzone-input\"\n\t\tstyle=\"position:absolute!important;clip:rect(0,0,0,0)!important;height:1px!important;width:1px!important;border:0!important;overflow:hidden!important;padding:0!important;margin:0!important;\"\n\t\tid=\"wpforms-3321-field_6\"\n\t\tname=\"wpforms_3321_6\" \t\tvalue=\"\">\n<\/div><div id=\"wpforms-3321-field_7-container\" class=\"wpforms-field wpforms-field-text wpforms-conditional-field wpforms-conditional-show\" data-field-id=\"7\" style=\"display:none;\"><label class=\"wpforms-field-label\" for=\"wpforms-3321-field_7\">Titel workshop of demonstratie <span class=\"wpforms-required-label\" aria-hidden=\"true\">*<\/span><\/label><input type=\"text\" id=\"wpforms-3321-field_7\" class=\"wpforms-field-medium wpforms-field-required\" name=\"wpforms[fields][7]\" aria-errormessage=\"wpforms-3321-field_7-error\" required><\/div><div id=\"wpforms-3321-field_8-container\" class=\"wpforms-field wpforms-field-textarea wpforms-conditional-field wpforms-conditional-show\" data-field-id=\"8\" style=\"display:none;\"><label class=\"wpforms-field-label\" for=\"wpforms-3321-field_8\">Omschrijving workshop of demonstratie<\/label><textarea id=\"wpforms-3321-field_8\" class=\"wpforms-field-medium\" name=\"wpforms[fields][8]\" aria-errormessage=\"wpforms-3321-field_8-error\" ><\/textarea><\/div><div id=\"wpforms-3321-field_9-container\" class=\"wpforms-field wpforms-field-textarea\" data-field-id=\"9\"><label class=\"wpforms-field-label\" for=\"wpforms-3321-field_9\">Opmerkingen \/ extra informatie voor Dinamo Fandag 2026<\/label><textarea id=\"wpforms-3321-field_9\" class=\"wpforms-field-medium\" name=\"wpforms[fields][9]\" aria-errormessage=\"wpforms-3321-field_9-error\" ><\/textarea><\/div><script>\n\t\t\t\t( function() {\n\t\t\t\t\tconst style = document.createElement( 'style' );\n\t\t\t\t\tstyle.appendChild( document.createTextNode( '#wpforms-3321-field_10-container { position: absolute !important; overflow: hidden !important; display: inline !important; height: 1px !important; width: 1px !important; z-index: -1000 !important; padding: 0 !important; } #wpforms-3321-field_10-container input { visibility: hidden; } #wpforms-conversational-form-page #wpforms-3321-field_10-container label { counter-increment: none; }' ) );\n\t\t\t\t\tdocument.head.appendChild( style );\n\t\t\t\t\tdocument.currentScript?.remove();\n\t\t\t\t} )();\n\t\t\t<\/script><\/div><!-- .wpforms-field-container --><div class=\"wpforms-recaptcha-container wpforms-is-recaptcha wpforms-is-recaptcha-type-v3\" ><input type=\"hidden\" name=\"wpforms[recaptcha]\" value=\"\"><\/div><div class=\"wpforms-submit-container\" ><input type=\"hidden\" name=\"wpforms[id]\" value=\"3321\"><input type=\"hidden\" name=\"page_title\" value=\"\"><input type=\"hidden\" name=\"page_url\" value=\"https:\/\/dinamobesturing.nl\/fr\/wp-json\/wp\/v2\/pages\/3621\"><input type=\"hidden\" name=\"url_referer\" value=\"\"><button type=\"submit\" name=\"wpforms[submit]\" id=\"wpforms-submit-3321\" class=\"wpforms-submit\" data-alt-text=\"Verzenden...\" data-submit-text=\"Aanmelden voor Dinamo Fandag 2026\" aria-live=\"assertive\" value=\"wpforms-submit\">Aanmelden voor Dinamo Fandag 2026<\/button><\/div><\/form><\/div>  <!-- .wpforms-container -->\t\t\t\t<\/div>\n\t\t\t\t<\/div>\n\t\t\t\t\t<\/div>\n\t\t\t\t<\/div>\n\t\t\t\t<\/div>\n\t\t","protected":false},"excerpt":{"rendered":"<p>Journ\u00e9e des fans Dinamo 2026 Nous \u00e9tudions la possibilit\u00e9 d\u2019organiser une Journ\u00e9e des fans Dinamo. Une journ\u00e9e pour et par les utilisateurs et passionn\u00e9s des produits Dinamo !!! Nous pr\u00e9voyons de l\u2019organiser le samedi 4 juillet 2026 au centre de f\u00eate de Muzenhof \u00e0 Ermelo. Pour que cette journ\u00e9e soit une r\u00e9ussite totale, nous recherchons [&hellip;]<\/p>\n","protected":false},"author":1,"featured_media":3531,"parent":0,"menu_order":0,"comment_status":"closed","ping_status":"closed","template":"","meta":{"_acf_changed":false,"footnotes":""},"class_list":["post-3621","page","type-page","status-publish","has-post-thumbnail","hentry"],"acf":[],"jetpack_sharing_enabled":true,"_links":{"self":[{"href":"https:\/\/dinamobesturing.nl\/fr\/wp-json\/wp\/v2\/pages\/3621","targetHints":{"allow":["GET"]}}],"collection":[{"href":"https:\/\/dinamobesturing.nl\/fr\/wp-json\/wp\/v2\/pages"}],"about":[{"href":"https:\/\/dinamobesturing.nl\/fr\/wp-json\/wp\/v2\/types\/page"}],"author":[{"embeddable":true,"href":"https:\/\/dinamobesturing.nl\/fr\/wp-json\/wp\/v2\/users\/1"}],"replies":[{"embeddable":true,"href":"https:\/\/dinamobesturing.nl\/fr\/wp-json\/wp\/v2\/comments?post=3621"}],"version-history":[{"count":0,"href":"https:\/\/dinamobesturing.nl\/fr\/wp-json\/wp\/v2\/pages\/3621\/revisions"}],"wp:featuredmedia":[{"embeddable":true,"href":"https:\/\/dinamobesturing.nl\/fr\/wp-json\/wp\/v2\/media\/3531"}],"wp:attachment":[{"href":"https:\/\/dinamobesturing.nl\/fr\/wp-json\/wp\/v2\/media?parent=3621"}],"curies":[{"name":"wp","href":"https:\/\/api.w.org\/{rel}","templated":true}]}}