{"id":3572,"date":"2025-08-15T12:47:16","date_gmt":"2025-08-15T10:47:16","guid":{"rendered":"https:\/\/dinamobesturing.nl\/vpeb\/"},"modified":"2026-04-20T21:10:32","modified_gmt":"2026-04-20T19:10:32","slug":"vpeb","status":"publish","type":"page","link":"https:\/\/dinamobesturing.nl\/fr\/vpeb\/","title":{"rendered":"VPEB"},"content":{"rendered":"\t\t<div data-elementor-type=\"wp-page\" data-elementor-id=\"3572\" class=\"elementor elementor-3572 elementor-360\" data-elementor-post-type=\"page\">\n\t\t\t\t<div class=\"elementor-element elementor-element-fcdee61 e-flex e-con-boxed e-con e-parent\" data-id=\"fcdee61\" data-element_type=\"container\" data-e-type=\"container\">\n\t\t\t\t\t<div class=\"e-con-inner\">\n\t\t\t\t<div class=\"elementor-element elementor-element-f92144e elementor-widget elementor-widget-heading\" data-id=\"f92144e\" data-element_type=\"widget\" data-e-type=\"widget\" data-widget_type=\"heading.default\">\n\t\t\t\t\t<h2 class=\"elementor-heading-title elementor-size-default\">VPEB - De l\u2019\u00e9lectronique intelligente pour le monde miniature<\/h2>\t\t\t\t<\/div>\n\t\t<div class=\"elementor-element elementor-element-b6cf400 e-con-full e-flex e-con e-child\" data-id=\"b6cf400\" data-element_type=\"container\" data-e-type=\"container\">\n\t\t<div class=\"elementor-element elementor-element-4b5a020 e-con-full e-flex e-con e-child\" data-id=\"4b5a020\" data-element_type=\"container\" data-e-type=\"container\">\n\t\t\t\t<div class=\"elementor-element elementor-element-28c3c9d elementor-widget elementor-widget-image\" data-id=\"28c3c9d\" data-element_type=\"widget\" data-e-type=\"widget\" data-widget_type=\"image.default\">\n\t\t\t\t\t\t\t\t\t\t\t\t\t\t\t<img fetchpriority=\"high\" decoding=\"async\" width=\"400\" height=\"400\" src=\"https:\/\/dinamobesturing.nl\/wp-content\/uploads\/2025\/08\/VPEB.webp\" class=\"attachment-large size-large wp-image-3573\" alt=\"vpeb\" srcset=\"https:\/\/dinamobesturing.nl\/wp-content\/uploads\/2025\/08\/VPEB.webp 400w, https:\/\/dinamobesturing.nl\/wp-content\/uploads\/2025\/08\/VPEB-300x300.webp 300w, https:\/\/dinamobesturing.nl\/wp-content\/uploads\/2025\/08\/VPEB-100x100.webp 100w, https:\/\/dinamobesturing.nl\/wp-content\/uploads\/2025\/08\/VPEB-150x150.webp 150w\" sizes=\"(max-width: 400px) 100vw, 400px\" title=\"\">\t\t\t\t\t\t\t\t\t\t\t\t\t\t\t<\/div>\n\t\t\t\t<\/div>\n\t\t<div class=\"elementor-element elementor-element-9b42093 e-con-full e-flex e-con e-child\" data-id=\"9b42093\" data-element_type=\"container\" data-e-type=\"container\">\n\t\t\t\t<div class=\"elementor-element elementor-element-abd5c96 elementor-widget elementor-widget-text-editor\" data-id=\"abd5c96\" data-element_type=\"widget\" data-e-type=\"widget\" data-widget_type=\"text-editor.default\">\n\t\t\t\t\t\t\t\t\t<p>Van Perlo Elektronica en Besturingstechniek d\u00e9veloppe et fournit des solutions \u00e9lectroniques pour le monde miniature. Le mod\u00e9lisme est un loisir d\u00e9j\u00e0 assez co\u00fbteux. C\u2019est pourquoi nous nous concentrons principalement sur des produits offrant de nombreuses fonctionnalit\u00e9s \u00e0 un prix raisonnable.  <\/p><p>Nos <a title=\"Solutions\" href=\"https:\/\/vpeb.nl\/index.php\/oplossingen\/index.html\" target=\"_blank\" rel=\"noopener\">solutions <\/a>se caract\u00e9risent par leur polyvalence et leur flexibilit\u00e9. La plupart des modules utilisent la technologie des microcontr\u00f4leurs et nos produits sont, presque sans exception, pilotables ou configurables via un PC. L\u2019avantage de cette approche est qu\u2019avec un nombre limit\u00e9 de modules diff\u00e9rents, vous pouvez r\u00e9aliser \u00e9norm\u00e9ment de choses sans avoir \u00e0 racheter sans cesse de nouveaux composants \u00e9lectroniques lorsque vos besoins ou vos id\u00e9es \u00e9voluent. Bien que cela signifie que la plupart des modules poss\u00e8dent plus de deux fils \u00e0 connecter et qu\u2019il faille parfois consulter un manuel, leur mise en \u0153uvre est tout \u00e0 fait accessible \u00e0 tout mod\u00e9liste moyen poss\u00e9dant quelques connaissances de base en \u00e9lectronique.   <\/p>\t\t\t\t\t\t\t\t<\/div>\n\t\t\t\t<\/div>\n\t\t\t\t<\/div>\n\t\t\t\t\t<\/div>\n\t\t\t\t<\/div>\n\t\t\t\t<\/div>\n\t\t","protected":false},"excerpt":{"rendered":"<p>VPEB &#8211; De l\u2019\u00e9lectronique intelligente pour le monde miniature Van Perlo Elektronica en Besturingstechniek d\u00e9veloppe et fournit des solutions \u00e9lectroniques pour le monde miniature. Le mod\u00e9lisme est un loisir d\u00e9j\u00e0 assez co\u00fbteux. C\u2019est pourquoi nous nous concentrons principalement sur des produits offrant de nombreuses fonctionnalit\u00e9s \u00e0 un prix raisonnable. Nos solutions se caract\u00e9risent par leur [&hellip;]<\/p>\n","protected":false},"author":1,"featured_media":3573,"parent":0,"menu_order":0,"comment_status":"closed","ping_status":"closed","template":"","meta":{"_acf_changed":false,"footnotes":""},"class_list":["post-3572","page","type-page","status-publish","has-post-thumbnail","hentry"],"acf":[],"jetpack_sharing_enabled":true,"_links":{"self":[{"href":"https:\/\/dinamobesturing.nl\/fr\/wp-json\/wp\/v2\/pages\/3572","targetHints":{"allow":["GET"]}}],"collection":[{"href":"https:\/\/dinamobesturing.nl\/fr\/wp-json\/wp\/v2\/pages"}],"about":[{"href":"https:\/\/dinamobesturing.nl\/fr\/wp-json\/wp\/v2\/types\/page"}],"author":[{"embeddable":true,"href":"https:\/\/dinamobesturing.nl\/fr\/wp-json\/wp\/v2\/users\/1"}],"replies":[{"embeddable":true,"href":"https:\/\/dinamobesturing.nl\/fr\/wp-json\/wp\/v2\/comments?post=3572"}],"version-history":[{"count":0,"href":"https:\/\/dinamobesturing.nl\/fr\/wp-json\/wp\/v2\/pages\/3572\/revisions"}],"wp:featuredmedia":[{"embeddable":true,"href":"https:\/\/dinamobesturing.nl\/fr\/wp-json\/wp\/v2\/media\/3573"}],"wp:attachment":[{"href":"https:\/\/dinamobesturing.nl\/fr\/wp-json\/wp\/v2\/media?parent=3572"}],"curies":[{"name":"wp","href":"https:\/\/api.w.org\/{rel}","templated":true}]}}