{"id":4143,"date":"2025-12-15T12:27:32","date_gmt":"2025-12-15T11:27:32","guid":{"rendered":"https:\/\/dinamobesturing.nl\/mddec-rev02t\/"},"modified":"2025-12-15T12:27:32","modified_gmt":"2025-12-15T11:27:32","slug":"mddec-rev02t","status":"publish","type":"product","link":"https:\/\/dinamobesturing.nl\/de\/mddec-rev02t\/","title":{"rendered":"MDdec Rev02T"},"content":{"rendered":"<p>In der OC32-Anleitung 3.0 ist beschrieben, wie Sie Weichenspulen an den OC32 anschlie\u00dfen k\u00f6nnen. Pro Weiche ben\u00f6tigen Sie zwei OC32-Ausg\u00e4nge plus 2 Transistoren zur Stromverst\u00e4rkung. Wenn Sie einen DS32 verwenden, ben\u00f6tigen Sie ebenfalls zwei Anschl\u00fcsse am DS32. Alles in allem immer noch eine relativ kosteng\u00fcnstige L\u00f6sung, aber es geht noch effizienter. Dies ist besonders interessant, wenn Sie eine gr\u00f6\u00dfere Anzahl von Weichen anschlie\u00dfen m\u00f6chten. Weichen-Multiplexing spart Leistungselektronik und Verkabelung. F\u00fcr die Ansteuerung von 32 Weichen ben\u00f6tigen Sie normalerweise 65 Dr\u00e4hte und 64 Ausg\u00e4nge, n\u00e4mlich einen Draht und einen Ausgang pro Spule plus einen gemeinsamen Draht f\u00fcr alle Mittelanschl\u00fcsse der Doppelspulenantriebe. Beim Multiplexing reduziert sich dies auf 16 Dr\u00e4hte und 16 Ausg\u00e4nge. Und im Falle des OC32 k\u00f6nnen Sie die eingesparten Ausg\u00e4nge wieder f\u00fcr andere Anwendungen nutzen. Die Ersparnis w\u00e4chst exponentiell. Bis zu 4 Weichen ist die Ersparnis minimal oder sogar negativ. Je mehr Weichen, desto mehr sparen Sie. Sie k\u00f6nnen die Matrix selbst mit Dr\u00e4hten aufbauen, die Dioden selbst hinzuf\u00fcgen und eventuell Entst\u00f6rkomponenten erg\u00e4nzen. Sie k\u00f6nnen jedoch auch den MDdec verwenden. Diese Platine ist selbst eine 4&#215;4-Matrix, auf der die Dioden und Entst\u00f6rkondensatoren bereits vorhanden sind, und sie sorgt f\u00fcr die Auskopplung zu 8 Weichen. Es handelt sich also faktisch um das zweifache Schema aus Abbildung 3. MDdecs k\u00f6nnen f\u00fcr eine gr\u00f6\u00dfere Matrix kaskadiert werden. Mit 2 MDdecs erstellen Sie eine 4&#215;8-Matrix und mit 4 MDdecs eine 8&#215;8-Matrix.                 <\/p>\n","protected":false},"excerpt":{"rendered":"<p>Mit Schraubklemmen<\/p>\n","protected":false},"featured_media":2934,"template":"","meta":{"_acf_changed":false},"product_brand":[],"product_cat":[221],"product_tag":[],"class_list":{"0":"post-4143","1":"product","2":"type-product","3":"status-publish","4":"has-post-thumbnail","6":"product_cat-produkt-oc32","7":"product_shipping_class-paket","9":"first","10":"instock","11":"taxable","12":"shipping-taxable","13":"product-type-simple"},"acf":[],"jetpack_sharing_enabled":true,"_links":{"self":[{"href":"https:\/\/dinamobesturing.nl\/de\/wp-json\/wp\/v2\/product\/4143","targetHints":{"allow":["GET"]}}],"collection":[{"href":"https:\/\/dinamobesturing.nl\/de\/wp-json\/wp\/v2\/product"}],"about":[{"href":"https:\/\/dinamobesturing.nl\/de\/wp-json\/wp\/v2\/types\/product"}],"wp:featuredmedia":[{"embeddable":true,"href":"https:\/\/dinamobesturing.nl\/de\/wp-json\/wp\/v2\/media\/2934"}],"wp:attachment":[{"href":"https:\/\/dinamobesturing.nl\/de\/wp-json\/wp\/v2\/media?parent=4143"}],"wp:term":[{"taxonomy":"product_brand","embeddable":true,"href":"https:\/\/dinamobesturing.nl\/de\/wp-json\/wp\/v2\/product_brand?post=4143"},{"taxonomy":"product_cat","embeddable":true,"href":"https:\/\/dinamobesturing.nl\/de\/wp-json\/wp\/v2\/product_cat?post=4143"},{"taxonomy":"product_tag","embeddable":true,"href":"https:\/\/dinamobesturing.nl\/de\/wp-json\/wp\/v2\/product_tag?post=4143"}],"curies":[{"name":"wp","href":"https:\/\/api.w.org\/{rel}","templated":true}]}}