{"id":4141,"date":"2025-12-15T12:27:32","date_gmt":"2025-12-15T11:27:32","guid":{"rendered":"https:\/\/dinamobesturing.nl\/oc32-adm-pfh\/"},"modified":"2025-12-15T12:27:32","modified_gmt":"2025-12-15T11:27:32","slug":"oc32-adm-pfh","status":"publish","type":"product","link":"https:\/\/dinamobesturing.nl\/de\/oc32-adm-pfh\/","title":{"rendered":"OC32-ADM\/PFH"},"content":{"rendered":"<p>Verst\u00e4rkungsmodul FULL H-Bridge. Auch geeignet f\u00fcr das Multiplexen von Weichenspulen (MX). Mit diesem Modul verst\u00e4rken Sie eine Gruppe von 8 Pins von 500 mA auf 5000 mA. Mit einer Full H-Bridge ist es m\u00f6glich, Motoren anzusteuern, die in zwei Richtungen drehen m\u00fcssen. Zudem ben\u00f6tigen Sie dieses Modul f\u00fcr die Ansteuerung von 2-Draht-Magnetspulen wie Tillig und Kato.   <\/p>\n","protected":false},"excerpt":{"rendered":"<p>F\u00fcr Motoren und 2-Draht-Magnetspulen<\/p>\n","protected":false},"featured_media":2945,"template":"","meta":{"_acf_changed":false},"product_brand":[],"product_cat":[221],"product_tag":[],"class_list":{"0":"post-4141","1":"product","2":"type-product","3":"status-publish","4":"has-post-thumbnail","6":"product_cat-produkt-oc32","7":"product_shipping_class-paket","9":"first","10":"instock","11":"taxable","12":"shipping-taxable","13":"product-type-simple"},"acf":[],"jetpack_sharing_enabled":true,"_links":{"self":[{"href":"https:\/\/dinamobesturing.nl\/de\/wp-json\/wp\/v2\/product\/4141","targetHints":{"allow":["GET"]}}],"collection":[{"href":"https:\/\/dinamobesturing.nl\/de\/wp-json\/wp\/v2\/product"}],"about":[{"href":"https:\/\/dinamobesturing.nl\/de\/wp-json\/wp\/v2\/types\/product"}],"wp:featuredmedia":[{"embeddable":true,"href":"https:\/\/dinamobesturing.nl\/de\/wp-json\/wp\/v2\/media\/2945"}],"wp:attachment":[{"href":"https:\/\/dinamobesturing.nl\/de\/wp-json\/wp\/v2\/media?parent=4141"}],"wp:term":[{"taxonomy":"product_brand","embeddable":true,"href":"https:\/\/dinamobesturing.nl\/de\/wp-json\/wp\/v2\/product_brand?post=4141"},{"taxonomy":"product_cat","embeddable":true,"href":"https:\/\/dinamobesturing.nl\/de\/wp-json\/wp\/v2\/product_cat?post=4141"},{"taxonomy":"product_tag","embeddable":true,"href":"https:\/\/dinamobesturing.nl\/de\/wp-json\/wp\/v2\/product_tag?post=4141"}],"curies":[{"name":"wp","href":"https:\/\/api.w.org\/{rel}","templated":true}]}}