{"id":4140,"date":"2025-12-15T12:27:32","date_gmt":"2025-12-15T11:27:32","guid":{"rendered":"https:\/\/dinamobesturing.nl\/oc32-adm-psi\/"},"modified":"2025-12-15T12:27:32","modified_gmt":"2025-12-15T11:27:32","slug":"oc32-adm-psi","status":"publish","type":"product","link":"https:\/\/dinamobesturing.nl\/de\/oc32-adm-psi\/","title":{"rendered":"OC32-ADM\/PSI"},"content":{"rendered":"<p>Verst\u00e4rkungsmodul Sink-Driver. Durch den Einsatz von Sink-Drivern k\u00f6nnen Sie Ger\u00e4te \u00fcber V- mit einem gemeinsamen Plus (V+) steuern \u2013 8 x Sink-Driver \u2013 Maximale Schaltspannung 24 V. \u2013 Geeignet f\u00fcr induktive Lasten. \u2013 Maximaler Spitzenstrom 2,5 A pro Kanal \u2013 Maximaler Dauerstrom 2 A pro Kanal \u2013 Maximaler Dauerstrom 4 A pro Modul \u2013 Schutz gegen Kurzschluss, \u00dcberlastung und \u00dcberhitzung. \u2013 Visuelle Anzeige (LED) bei Kurzschluss, \u00dcberlastung und \u00dcberhitzung.    <\/p>\n","protected":false},"excerpt":{"rendered":"<p>F\u00fcr 3-Draht-Magnetspulen<\/p>\n","protected":false},"featured_media":2947,"template":"","meta":{"_acf_changed":false},"product_brand":[],"product_cat":[221],"product_tag":[],"class_list":{"0":"post-4140","1":"product","2":"type-product","3":"status-publish","4":"has-post-thumbnail","6":"product_cat-produkt-oc32","7":"product_shipping_class-paket","9":"first","10":"instock","11":"taxable","12":"shipping-taxable","13":"product-type-simple"},"acf":[],"jetpack_sharing_enabled":true,"_links":{"self":[{"href":"https:\/\/dinamobesturing.nl\/de\/wp-json\/wp\/v2\/product\/4140","targetHints":{"allow":["GET"]}}],"collection":[{"href":"https:\/\/dinamobesturing.nl\/de\/wp-json\/wp\/v2\/product"}],"about":[{"href":"https:\/\/dinamobesturing.nl\/de\/wp-json\/wp\/v2\/types\/product"}],"wp:featuredmedia":[{"embeddable":true,"href":"https:\/\/dinamobesturing.nl\/de\/wp-json\/wp\/v2\/media\/2947"}],"wp:attachment":[{"href":"https:\/\/dinamobesturing.nl\/de\/wp-json\/wp\/v2\/media?parent=4140"}],"wp:term":[{"taxonomy":"product_brand","embeddable":true,"href":"https:\/\/dinamobesturing.nl\/de\/wp-json\/wp\/v2\/product_brand?post=4140"},{"taxonomy":"product_cat","embeddable":true,"href":"https:\/\/dinamobesturing.nl\/de\/wp-json\/wp\/v2\/product_cat?post=4140"},{"taxonomy":"product_tag","embeddable":true,"href":"https:\/\/dinamobesturing.nl\/de\/wp-json\/wp\/v2\/product_tag?post=4140"}],"curies":[{"name":"wp","href":"https:\/\/api.w.org\/{rel}","templated":true}]}}