{"id":4136,"date":"2025-12-15T12:27:33","date_gmt":"2025-12-15T11:27:33","guid":{"rendered":"https:\/\/dinamobesturing.nl\/tm44-rev01-komplett\/"},"modified":"2025-12-15T12:27:33","modified_gmt":"2025-12-15T11:27:33","slug":"tm44-rev01-komplett","status":"publish","type":"product","link":"https:\/\/dinamobesturing.nl\/de\/tm44-rev01-komplett\/","title":{"rendered":"TM44 Rev01 Komplett"},"content":{"rendered":"<p>Das <strong>TM44<\/strong> ist ein neues Modul f\u00fcr die Steuerung der Z\u00fcge auf Ihrer Modellbahn und die R\u00fcckmeldung der Zugpositionen. Das TM44 ist Teil des <strong>Dinamo Plug and Play<\/strong>-Konzepts, kann aber auf Wunsch auch innerhalb eines bereits bestehenden Dinamo-Systems eingesetzt werden. <\/p>\n<h3>Was bietet das TM44?<\/h3>\n<ul>\n<li>Steuerung von <strong>4 Bl\u00f6cken<\/strong><\/li>\n<li>Erkennung von Z\u00fcgen in <strong>4 Abschnitten pro Block<\/strong><\/li>\n<li>Steuerung analoger Z\u00fcge mit <strong>Pulsweitenmodulation in 127 Stufen<\/strong><\/li>\n<li><strong>Dauerbeleuchtung<\/strong> von Analogz\u00fcgen<\/li>\n<li>Steuerung digitaler Z\u00fcge \u00fcber <strong>DCC<\/strong><\/li>\n<li><strong>Kurzschlussschutz<\/strong> pro Block<\/li>\n<li>Kommunikation \u00fcber <strong>RS485<\/strong><\/li>\n<li><strong>Einfache Stromversorgung<\/strong><\/li>\n<\/ul>\n<p>Alle Anschl\u00fcsse am TM44 bestehen aus Steckverbindern mit Schraubanschluss oder <em>Clip-Terminals<\/em>. Dadurch m\u00fcssen Sie <strong>nicht l\u00f6ten<\/strong>, um das TM44 anzuschlie\u00dfen. <\/p>\n<p>Die Steuerung von Bl\u00f6cken und die Zugerkennung ist elektrisch <strong>100 % kompatibel<\/strong> mit der <strong>TM-H \/ CD16<\/strong>-Kombination. Beide Module k\u00f6nnen problemlos nebeneinander verwendet werden. <\/p>\n<p>Das TM44 wird ausschlie\u00dflich <strong>montiert geliefert<\/strong>. Aufgrund der gro\u00dfen Anzahl an SMD-Bauteilen ist es f\u00fcr den Hobbyisten nahezu unm\u00f6glich, dieses Modul selbst zu bauen. <\/p>\n<h3>Steuerung von Bl\u00f6cken<\/h3>\n<p>Das TM44 verf\u00fcgt \u00fcber Ausg\u00e4nge, um <strong>4 Bl\u00f6cke individuell und unabh\u00e4ngig<\/strong> zu steuern. Die Steuerung pro Block kann sowohl <strong>analog als auch digital<\/strong> erfolgen. <\/p>\n<p>Die Umschaltung zwischen Analog und Digital erfolgt <strong>dynamisch<\/strong> unter der Steuerung des <strong>RM-U-Moduls<\/strong>. Dadurch k\u00f6nnen analoge und digitale Z\u00fcge tats\u00e4chlich gemischt auf derselben Strecke fahren. <\/p>\n<h3>Zugerkennung<\/h3>\n<p>Jeder Blockausgang des TM44 ist in <strong>4 Abschnitte<\/strong> f\u00fcr die Positionsmeldung von Z\u00fcgen mittels <strong>Stromerkennung<\/strong> unterteilt. Dies erm\u00f6glicht in allen Situationen eine pr\u00e4zise Positionierung der Z\u00fcge. <\/p>\n<p>Im Gegensatz zu vielen anderen Belegtmeldern ist die Stromerkennung des TM44 vollst\u00e4ndig <strong>symmetrisch<\/strong>. In beiden Schienen ist die gleiche Elektronik verbaut, was die Zuverl\u00e4ssigkeit und Genauigkeit bei Block\u00fcberg\u00e4ngen und Kehrschleifen erheblich erh\u00f6ht. <\/p>\n<h3>Analoge Z\u00fcge<\/h3>\n<p>Die Steuerung analoger Z\u00fcge erfolgt \u00fcber <strong>Pulsweitenmodulation<\/strong>. Diese Methode sorgt f\u00fcr ein sehr gutes Fahrverhalten, sofern das Rollmaterial technisch in Ordnung ist. <\/p>\n<p>Dank Pulsweitensteuerung ist das Fahren mit <strong>Kriechgeschwindigkeit<\/strong> gut m\u00f6glich. Sowohl Vorw\u00e4rts- als auch R\u00fcckw\u00e4rtsfahrt werden unterst\u00fctzt. Mit <strong>63 Fahrstufen pro Fahrtrichtung<\/strong> kann Rollmaterial mit unterschiedlichen Eigenschaften stets nat\u00fcrlich gesteuert werden.  <\/p>\n<h3>Dauerbeleuchtung (analog)<\/h3>\n<p>Das TM44 kann (optional) f\u00fcr eine <strong>Dauerbeleuchtung<\/strong> von analogem Rollmaterial sorgen. Die Beleuchtung wird mit einer Wechselspannung von ca. <strong>18 kHz<\/strong> angesteuert und ist in <strong>16 Stufen<\/strong> einstellbar. <\/p>\n<p>Die Dauerbeleuchtung kann pro Block dynamisch ein- und ausgeschaltet werden. Zudem ist es m\u00f6glich, die Beleuchtung von Lokomotiven <strong>richtungsabh\u00e4ngig<\/strong> zu schalten. Hierf\u00fcr ist jedoch eine einfache Hilfsschaltung in der Lokomotive erforderlich.  <\/p>\n<h3>Digitale Z\u00fcge<\/h3>\n<p>Bei digitaler Steuerung \u00fcbernimmt das TM44 sowohl die <strong>digitale Stromversorgung<\/strong> pro Block als auch die <strong>DCC-Pakete<\/strong> f\u00fcr die Z\u00fcge.<\/p>\n<p>Die DCC-Pakete werden pro Block separat und ausschlie\u00dflich f\u00fcr den Zug generiert, der sich in diesem Block befindet. Dies macht die L\u00f6sung sehr <strong>skalierbar<\/strong>. Pro Block k\u00f6nnen bis zu <strong>10 DCC-Pakete<\/strong> generiert werden, ausreichend f\u00fcr Mehrfachtraktion, Steuerwagen und umfangreiche Funktionen.  <\/p>\n<p>Die Verwaltung der DCC-Informationen \u00fcber die verschiedenen Bl\u00f6cke und TM44-Module wird vom <strong>RM-U<\/strong> \u00fcbernommen.<\/p>\n<h3>Kurzschlussschutz<\/h3>\n<p>Das TM44 ist mit einem <strong>Kurzschlussschutz pro Block<\/strong> ausgestattet. Sobald der Strom <strong>2 A<\/strong> \u00fcbersteigt, schaltet das Modul die Spannung innerhalb weniger Mikrosekunden ab. <\/p>\n<p>Sobald die \u00dcberlastung behoben ist, wird die Spannung innerhalb von <strong>10 Millisekunden<\/strong> automatisch wieder eingeschaltet. Eine eventuelle \u00dcberlastung wird sofort an den steuernden Computer gemeldet. <\/p>\n<h3>Stromversorgung<\/h3>\n<p>Das TM44 ben\u00f6tigt lediglich eine <strong>einfache Stromversorgung<\/strong> von <strong>8 bis 24 V Gleichspannung<\/strong>. Diese Spannung ist gleichzeitig die Spannung, die an den Schienen anliegt. <\/p>\n<p>In der Praxis ist eine Versorgungsspannung von <strong>15 bis 18 V<\/strong> eine ausgezeichnete Wahl f\u00fcr die meisten Anwendungen.<\/p>\n<h3>Kommunikation<\/h3>\n<p>Die Kommunikation zwischen dem <strong>RM-U<\/strong> und den TM44-Modulen erfolgt \u00fcber eine serielle Netzwerkverbindung auf Basis von <strong>RS485<\/strong>.<\/p>\n<p>Damit k\u00f6nnen Entfernungen von bis zu <strong>1.200 m<\/strong> \u00fcberbr\u00fcckt werden, wodurch TM44-Module dezentral (zum Beispiel unter der Anlage) platziert werden k\u00f6nnen, nah an den Bl\u00f6cken, die sie steuern. Dies spart erheblich an Verkabelung. <\/p>\n<p>F\u00fcr die Netzwerkverbindung k\u00f6nnen Sie w\u00e4hlen, ob Sie die Anschlusskabel selbst herstellen oder <strong>Standard-RJ45-Netzwerkkabel<\/strong> verwenden.<\/p>\n","protected":false},"excerpt":{"rendered":"<p>Modul mit Geh\u00e4use<\/p>\n","protected":false},"featured_media":2972,"template":"","meta":{"_acf_changed":false},"product_brand":[],"product_cat":[223],"product_tag":[],"class_list":{"0":"post-4136","1":"product","2":"type-product","3":"status-publish","4":"has-post-thumbnail","6":"product_cat-produkt-dinamo","7":"product_shipping_class-paket","9":"first","10":"instock","11":"taxable","12":"shipping-taxable","13":"product-type-simple"},"acf":[],"jetpack_sharing_enabled":true,"_links":{"self":[{"href":"https:\/\/dinamobesturing.nl\/de\/wp-json\/wp\/v2\/product\/4136","targetHints":{"allow":["GET"]}}],"collection":[{"href":"https:\/\/dinamobesturing.nl\/de\/wp-json\/wp\/v2\/product"}],"about":[{"href":"https:\/\/dinamobesturing.nl\/de\/wp-json\/wp\/v2\/types\/product"}],"wp:featuredmedia":[{"embeddable":true,"href":"https:\/\/dinamobesturing.nl\/de\/wp-json\/wp\/v2\/media\/2972"}],"wp:attachment":[{"href":"https:\/\/dinamobesturing.nl\/de\/wp-json\/wp\/v2\/media?parent=4136"}],"wp:term":[{"taxonomy":"product_brand","embeddable":true,"href":"https:\/\/dinamobesturing.nl\/de\/wp-json\/wp\/v2\/product_brand?post=4136"},{"taxonomy":"product_cat","embeddable":true,"href":"https:\/\/dinamobesturing.nl\/de\/wp-json\/wp\/v2\/product_cat?post=4136"},{"taxonomy":"product_tag","embeddable":true,"href":"https:\/\/dinamobesturing.nl\/de\/wp-json\/wp\/v2\/product_tag?post=4136"}],"curies":[{"name":"wp","href":"https:\/\/api.w.org\/{rel}","templated":true}]}}