{"id":4121,"date":"2025-12-15T12:27:33","date_gmt":"2025-12-15T11:27:33","guid":{"rendered":"https:\/\/dinamobesturing.nl\/tbd62083-sink-treiber\/"},"modified":"2025-12-15T12:27:33","modified_gmt":"2025-12-15T11:27:33","slug":"tbd62083-sink-treiber","status":"publish","type":"product","link":"https:\/\/dinamobesturing.nl\/de\/tbd62083-sink-treiber\/","title":{"rendered":"TBD62083 (Sink-Treiber)"},"content":{"rendered":"<p>Mit dem Sink-Treiber erm\u00f6glichen Sie es, die Ausg\u00e4nge des OC32 auf V-Niveau zu schalten. Die Ger\u00e4te verf\u00fcgen in diesem Fall \u00fcber ein gemeinsames V+. Durch die Kombination des Sink-Treibers mit einem Source-Treiber l\u00e4sst sich eine H-Br\u00fccke f\u00fcr 2-Draht-Spulen oder bidirektionale Motoren realisieren.  <\/p>\n","protected":false},"excerpt":{"rendered":"<p>Mit dem Sink-Treiber erm\u00f6glichen Sie es, die Ausg\u00e4nge des OC32 auf V-Niveau zu schalten. Die Ger\u00e4te verf\u00fcgen in diesem Fall \u00fcber ein gemeinsames V+. Durch die Kombination des Sink-Treibers mit einem Source-Treiber l\u00e4sst sich eine H-Br\u00fccke f\u00fcr 2-Draht-Spulen oder bidirektionale Motoren realisieren.<\/p>\n","protected":false},"featured_media":2955,"template":"","meta":{"_acf_changed":false},"product_brand":[],"product_cat":[221],"product_tag":[],"class_list":{"0":"post-4121","1":"product","2":"type-product","3":"status-publish","4":"has-post-thumbnail","6":"product_cat-produkt-oc32","7":"product_shipping_class-paket","9":"first","10":"instock","11":"taxable","12":"shipping-taxable","13":"product-type-simple"},"acf":[],"jetpack_sharing_enabled":true,"_links":{"self":[{"href":"https:\/\/dinamobesturing.nl\/de\/wp-json\/wp\/v2\/product\/4121","targetHints":{"allow":["GET"]}}],"collection":[{"href":"https:\/\/dinamobesturing.nl\/de\/wp-json\/wp\/v2\/product"}],"about":[{"href":"https:\/\/dinamobesturing.nl\/de\/wp-json\/wp\/v2\/types\/product"}],"wp:featuredmedia":[{"embeddable":true,"href":"https:\/\/dinamobesturing.nl\/de\/wp-json\/wp\/v2\/media\/2955"}],"wp:attachment":[{"href":"https:\/\/dinamobesturing.nl\/de\/wp-json\/wp\/v2\/media?parent=4121"}],"wp:term":[{"taxonomy":"product_brand","embeddable":true,"href":"https:\/\/dinamobesturing.nl\/de\/wp-json\/wp\/v2\/product_brand?post=4121"},{"taxonomy":"product_cat","embeddable":true,"href":"https:\/\/dinamobesturing.nl\/de\/wp-json\/wp\/v2\/product_cat?post=4121"},{"taxonomy":"product_tag","embeddable":true,"href":"https:\/\/dinamobesturing.nl\/de\/wp-json\/wp\/v2\/product_tag?post=4121"}],"curies":[{"name":"wp","href":"https:\/\/api.w.org\/{rel}","templated":true}]}}