{"id":4116,"date":"2025-12-15T12:27:33","date_gmt":"2025-12-15T11:27:33","guid":{"rendered":"https:\/\/dinamobesturing.nl\/u485j-komplett\/"},"modified":"2025-12-15T12:27:33","modified_gmt":"2025-12-15T11:27:33","slug":"u485j-komplett","status":"publish","type":"product","link":"https:\/\/dinamobesturing.nl\/de\/u485j-komplett\/","title":{"rendered":"U485J Komplett"},"content":{"rendered":"<p>Mit diesem USB-Konverter k\u00f6nnen Sie den OC32 an Ihren Computer anschlie\u00dfen, um ihn zu programmieren oder \u00fcber iTrain den OC32 als Interface anzusprechen.<\/p>\n","protected":false},"excerpt":{"rendered":"<p>Anschlussmodul f\u00fcr OC32 an USB<\/p>\n","protected":false},"featured_media":2975,"template":"","meta":{"_acf_changed":false},"product_brand":[],"product_cat":[221],"product_tag":[],"class_list":{"0":"post-4116","1":"product","2":"type-product","3":"status-publish","4":"has-post-thumbnail","6":"product_cat-produkt-oc32","7":"product_shipping_class-paket","9":"first","10":"instock","11":"taxable","12":"shipping-taxable","13":"product-type-simple"},"acf":[],"jetpack_sharing_enabled":true,"_links":{"self":[{"href":"https:\/\/dinamobesturing.nl\/de\/wp-json\/wp\/v2\/product\/4116","targetHints":{"allow":["GET"]}}],"collection":[{"href":"https:\/\/dinamobesturing.nl\/de\/wp-json\/wp\/v2\/product"}],"about":[{"href":"https:\/\/dinamobesturing.nl\/de\/wp-json\/wp\/v2\/types\/product"}],"wp:featuredmedia":[{"embeddable":true,"href":"https:\/\/dinamobesturing.nl\/de\/wp-json\/wp\/v2\/media\/2975"}],"wp:attachment":[{"href":"https:\/\/dinamobesturing.nl\/de\/wp-json\/wp\/v2\/media?parent=4116"}],"wp:term":[{"taxonomy":"product_brand","embeddable":true,"href":"https:\/\/dinamobesturing.nl\/de\/wp-json\/wp\/v2\/product_brand?post=4116"},{"taxonomy":"product_cat","embeddable":true,"href":"https:\/\/dinamobesturing.nl\/de\/wp-json\/wp\/v2\/product_cat?post=4116"},{"taxonomy":"product_tag","embeddable":true,"href":"https:\/\/dinamobesturing.nl\/de\/wp-json\/wp\/v2\/product_tag?post=4116"}],"curies":[{"name":"wp","href":"https:\/\/api.w.org\/{rel}","templated":true}]}}