{"id":4018,"date":"2025-12-15T12:27:30","date_gmt":"2025-12-15T11:27:30","guid":{"rendered":"https:\/\/dinamobesturing.nl\/dtrv2-par-modul\/"},"modified":"2025-12-15T12:27:30","modified_gmt":"2025-12-15T11:27:30","slug":"dtrv2-par-modul","status":"publish","type":"product","link":"https:\/\/dinamobesturing.nl\/de\/dtrv2-par-modul\/","title":{"rendered":"DTRv2\/PAR-Modul"},"content":{"rendered":"<p>Das DTR\/V2PAR wurde speziell f\u00fcr Schattenbahnh\u00f6fe in Kombination mit der Dinamo-Blocksteuerung und iTrain entwickelt. Diese Kombination bietet die M\u00f6glichkeit, 8 Abstellgleise auf einen Blockausgang eines TM44 zu verteilen. Sie k\u00f6nnen das Modul auch in 2x 4 Bl\u00f6cke aufteilen.  <\/p>\n","protected":false},"excerpt":{"rendered":"<p>F\u00fcr Schattenbahnh\u00f6fe<\/p>\n","protected":false},"featured_media":2922,"template":"","meta":{"_acf_changed":false},"product_brand":[],"product_cat":[227],"product_tag":[],"class_list":{"0":"post-4018","1":"product","2":"type-product","3":"status-publish","4":"has-post-thumbnail","6":"product_cat-produkt-dinasys","7":"product_shipping_class-paket","9":"first","10":"instock","11":"taxable","12":"shipping-taxable","13":"product-type-simple"},"acf":[],"jetpack_sharing_enabled":true,"_links":{"self":[{"href":"https:\/\/dinamobesturing.nl\/de\/wp-json\/wp\/v2\/product\/4018","targetHints":{"allow":["GET"]}}],"collection":[{"href":"https:\/\/dinamobesturing.nl\/de\/wp-json\/wp\/v2\/product"}],"about":[{"href":"https:\/\/dinamobesturing.nl\/de\/wp-json\/wp\/v2\/types\/product"}],"wp:featuredmedia":[{"embeddable":true,"href":"https:\/\/dinamobesturing.nl\/de\/wp-json\/wp\/v2\/media\/2922"}],"wp:attachment":[{"href":"https:\/\/dinamobesturing.nl\/de\/wp-json\/wp\/v2\/media?parent=4018"}],"wp:term":[{"taxonomy":"product_brand","embeddable":true,"href":"https:\/\/dinamobesturing.nl\/de\/wp-json\/wp\/v2\/product_brand?post=4018"},{"taxonomy":"product_cat","embeddable":true,"href":"https:\/\/dinamobesturing.nl\/de\/wp-json\/wp\/v2\/product_cat?post=4018"},{"taxonomy":"product_tag","embeddable":true,"href":"https:\/\/dinamobesturing.nl\/de\/wp-json\/wp\/v2\/product_tag?post=4018"}],"curies":[{"name":"wp","href":"https:\/\/api.w.org\/{rel}","templated":true}]}}