{"id":4014,"date":"2025-12-15T12:27:30","date_gmt":"2025-12-15T11:27:30","guid":{"rendered":"https:\/\/dinamobesturing.nl\/dtcv3-1-modul\/"},"modified":"2025-12-15T12:27:30","modified_gmt":"2025-12-15T11:27:30","slug":"dtcv3-1-modul","status":"publish","type":"product","link":"https:\/\/dinamobesturing.nl\/de\/dtcv3-1-modul\/","title":{"rendered":"DTCv3.1 Modul"},"content":{"rendered":"<p>Die DTC von VPEB ist die vielseitigste Drehscheibensteuerung, die erh\u00e4ltlich ist. Durch die interne PID-Regelung ist der Controller in der Lage, Standard-Drehscheiben von Fleischmann und M\u00e4rklin mit dem Standardmotor leise und extrem langsam drehen zu lassen. Genie\u00dfen Sie das langsame Anfahren und Abbremsen der Br\u00fccke und erleben Sie ein hohes Ma\u00df an Realismus in Ihrem Bahnbetriebswerk. Dank der Konfigurationssoftware stellt der Controller die Br\u00fccke vollst\u00e4ndig selbst ein, Sie m\u00fcssen also nichts weiter tun. Wenn Sie dies dennoch w\u00fcnschen, k\u00f6nnen Sie nat\u00fcrlich die gesamte Lastregelung bis ins Detail anpassen. Mit der Sensorplatte DTS verf\u00fcgen Sie zudem \u00fcber eine korrekte und zuverl\u00e4ssige Positionsbestimmung der Br\u00fccke. Dank eines mitgelieferten Magneten an der Unterseite der Br\u00fccke erkennen die Hall-Sensoren pr\u00e4zise die Drehung und Position der Br\u00fccke. Die DTC ist f\u00fcr die Drehscheiben von Fleischmann und M\u00e4rklin geeignet. Der Controller kann manuell \u00fcber die DTC-Computersoftware oder \u00fcber das Steuerungsprogramm iTrain bedient werden. In Kombination mit dem DTG-Modul ist auch eine Steuerung \u00fcber DCC-Weichenadressen gem\u00e4\u00df dem TwinControl-Prinzip oder \u00fcber das Steuerungsprogramm Koploper nach dem Draai15-Prinzip m\u00f6glich. Inhalt des Sets: DTCv3-Controller, DTCv3-Montagerahmen, Netzteil 15V, USB-Kabel (A-B), 230V EU-Netzkabel (CEE7\/7), Versorgungskabel DTCv3          <\/p>\n","protected":false},"excerpt":{"rendered":"<p>Drehscheibensteuerungsmodul<\/p>\n","protected":false},"featured_media":2915,"template":"","meta":{"_acf_changed":false},"product_brand":[],"product_cat":[227],"product_tag":[],"class_list":{"0":"post-4014","1":"product","2":"type-product","3":"status-publish","4":"has-post-thumbnail","6":"product_cat-produkt-dinasys","7":"product_shipping_class-paket","9":"first","10":"onbackorder","11":"taxable","12":"shipping-taxable","13":"product-type-simple"},"acf":[],"jetpack_sharing_enabled":true,"_links":{"self":[{"href":"https:\/\/dinamobesturing.nl\/de\/wp-json\/wp\/v2\/product\/4014","targetHints":{"allow":["GET"]}}],"collection":[{"href":"https:\/\/dinamobesturing.nl\/de\/wp-json\/wp\/v2\/product"}],"about":[{"href":"https:\/\/dinamobesturing.nl\/de\/wp-json\/wp\/v2\/types\/product"}],"wp:featuredmedia":[{"embeddable":true,"href":"https:\/\/dinamobesturing.nl\/de\/wp-json\/wp\/v2\/media\/2915"}],"wp:attachment":[{"href":"https:\/\/dinamobesturing.nl\/de\/wp-json\/wp\/v2\/media?parent=4014"}],"wp:term":[{"taxonomy":"product_brand","embeddable":true,"href":"https:\/\/dinamobesturing.nl\/de\/wp-json\/wp\/v2\/product_brand?post=4014"},{"taxonomy":"product_cat","embeddable":true,"href":"https:\/\/dinamobesturing.nl\/de\/wp-json\/wp\/v2\/product_cat?post=4014"},{"taxonomy":"product_tag","embeddable":true,"href":"https:\/\/dinamobesturing.nl\/de\/wp-json\/wp\/v2\/product_tag?post=4014"}],"curies":[{"name":"wp","href":"https:\/\/api.w.org\/{rel}","templated":true}]}}