{"id":4006,"date":"2025-12-15T12:27:30","date_gmt":"2025-12-15T11:27:30","guid":{"rendered":"https:\/\/dinamobesturing.nl\/dtgv1-1-rs485-modul\/"},"modified":"2025-12-15T12:27:30","modified_gmt":"2025-12-15T11:27:30","slug":"dtgv1-1-rs485-modul","status":"publish","type":"product","link":"https:\/\/dinamobesturing.nl\/de\/dtgv1-1-rs485-modul\/","title":{"rendered":"DTGv1.1 RS485-Modul"},"content":{"rendered":"<p>Das DTG ist ein neues Modul in der DinaSys-Familie. DTG steht f\u00fcr DinaSys Turntable Gateway. Das DTG ist faktisch ein \u00dcbersetzungsmodul, mit dem Sie eine DTC-gesteuerte Drehscheibe mit Protokollen ansteuern k\u00f6nnen, die das DTC selbst nicht versteht. Wie zum Beispiel die Draai15-Methode, sodass das DTC auch \u00fcber Koploper steuerbar ist. Oder mittels der DCC-Schnittstelle als Zubeh\u00f6r an Ihrer Digitalzentrale. So k\u00f6nnen Sie Ihre Drehscheibe auch \u00fcber einen Handregler steuern. Die DTG-Software befindet sich noch in der Entwicklung. Lassen Sie sich jedoch nicht davon abhalten, das DTG zu nutzen, wenn die verf\u00fcgbaren Funktionen Ihren W\u00fcnschen entsprechen. Das DTG ist mit einem \u201eBootloader\u201c ausgestattet, sodass Sie neue Funktionen selbst hinzuf\u00fcgen k\u00f6nnen, sobald diese verf\u00fcgbar sind. Das DTG ist in 2 Versionen erh\u00e4ltlich: &#8211; DTG mit CAN-, RS485-, USB- und DCC-Schnittstelle &#8211; DTG\/R mit CAN- und RS485-Schnittstelle. Das DTG mit Firmware 1.0 bietet die Steuerung der Drehscheibe \u00fcber das Draai15-Protokoll: &#8211; \u00dcber einen DCC-Eingang am DTG. &#8211; Durch Anschluss des DTG an einen USB-Port. &#8211; Durch Einbindung des DTG als OC32 an einen bestehenden OC32-RS485-Bus. &#8211; Durch Einbindung des DTG als OC32 an einen bestehenden Dinamo-RS485-Bus. Am DTG finden Sie 4 Optokoppler-Ausg\u00e4nge, mit denen das DTG den Status Ihrer Drehscheibe an Ihr Steuerungssystem zur\u00fcckmeldet. Hierzu m\u00fcssen Sie einen DTG-Ausgang an einen R\u00fcckmelder Ihres Systems anschlie\u00dfen. Wenn Sie das DTG an einen USB-Port anschlie\u00dfen, kann dieser USB-Port ein U485 + OC32 emulieren. Mit anderen Worten: Es funktioniert so, als h\u00e4tten Sie ein OC32 \u00fcber ein U485 mit Ihrem PC verbunden. Sie k\u00f6nnen dann jedoch auch direkt OC32-Module an die RS485-Schnittstelle des DTG anschlie\u00dfen. Alles, was nicht f\u00fcr das DTG selbst bestimmt ist, wird \u00fcber den RS485-Bus weitergeleitet.                  <\/p>\n","protected":false},"excerpt":{"rendered":"<p>Drehscheiben-Gateway nur RS485<\/p>\n","protected":false},"featured_media":2919,"template":"","meta":{"_acf_changed":false},"product_brand":[],"product_cat":[227],"product_tag":[],"class_list":{"0":"post-4006","1":"product","2":"type-product","3":"status-publish","4":"has-post-thumbnail","6":"product_cat-produkt-dinasys","7":"product_shipping_class-paket","9":"first","10":"instock","11":"taxable","12":"shipping-taxable","13":"product-type-simple"},"acf":[],"jetpack_sharing_enabled":true,"_links":{"self":[{"href":"https:\/\/dinamobesturing.nl\/de\/wp-json\/wp\/v2\/product\/4006","targetHints":{"allow":["GET"]}}],"collection":[{"href":"https:\/\/dinamobesturing.nl\/de\/wp-json\/wp\/v2\/product"}],"about":[{"href":"https:\/\/dinamobesturing.nl\/de\/wp-json\/wp\/v2\/types\/product"}],"wp:featuredmedia":[{"embeddable":true,"href":"https:\/\/dinamobesturing.nl\/de\/wp-json\/wp\/v2\/media\/2919"}],"wp:attachment":[{"href":"https:\/\/dinamobesturing.nl\/de\/wp-json\/wp\/v2\/media?parent=4006"}],"wp:term":[{"taxonomy":"product_brand","embeddable":true,"href":"https:\/\/dinamobesturing.nl\/de\/wp-json\/wp\/v2\/product_brand?post=4006"},{"taxonomy":"product_cat","embeddable":true,"href":"https:\/\/dinamobesturing.nl\/de\/wp-json\/wp\/v2\/product_cat?post=4006"},{"taxonomy":"product_tag","embeddable":true,"href":"https:\/\/dinamobesturing.nl\/de\/wp-json\/wp\/v2\/product_tag?post=4006"}],"curies":[{"name":"wp","href":"https:\/\/api.w.org\/{rel}","templated":true}]}}