{"id":4004,"date":"2025-12-15T12:27:30","date_gmt":"2025-12-15T11:27:30","guid":{"rendered":"https:\/\/dinamobesturing.nl\/dtcv3-1-set\/"},"modified":"2025-12-15T12:27:30","modified_gmt":"2025-12-15T11:27:30","slug":"dtcv3-1-set","status":"publish","type":"product","link":"https:\/\/dinamobesturing.nl\/de\/dtcv3-1-set\/","title":{"rendered":"DTCv3.1 Set"},"content":{"rendered":"<p>Die DTC von VPEB ist die vielseitigste Drehscheibensteuerung, die erh\u00e4ltlich ist. Durch ihre interne PID-Regelung ist die Steuerung in der Lage, Standard-Drehscheiben von Fleischmann und M\u00e4rklin mit dem Standardmotor leise und extrem langsam drehen zu lassen. Genie\u00dfen Sie das langsame Anfahren und Abbremsen der Br\u00fccke und erleben Sie ein hohes Ma\u00df an Realismus in Ihrem Bahnbetriebswerk. Dank der Konfigurationssoftware richtet die Steuerung die Br\u00fccke v\u00f6llig selbstst\u00e4ndig ein, Sie m\u00fcssen also nichts weiter tun. Sollten Sie dies dennoch w\u00fcnschen, k\u00f6nnen Sie nat\u00fcrlich die gesamte Lastregelung bis ins Detail einstellen. Mit der Sensorplatine DTS verf\u00fcgen Sie zudem \u00fcber eine korrekte und zuverl\u00e4ssige Positionsbestimmung der Br\u00fccke. Dank eines mitgelieferten Magneten an der Unterseite der Br\u00fccke erfassen die Hall-Sensoren pr\u00e4zise die Drehung und Position der Br\u00fccke. Die DTC ist f\u00fcr die Drehscheiben von Fleischmann und M\u00e4rklin geeignet. Die Steuerung kann manuell \u00fcber die Computersoftware der DTC oder \u00fcber das Steuerungsprogramm iTrain bedient werden. In Kombination mit dem DTG-Modul kann die Steuerung auch mit DCC-Weichenadressen gem\u00e4\u00df dem TwinControl-Prinzip oder \u00fcber das Steuerungsprogramm Koploper nach dem Draai15-Prinzip erfolgen. Inhalt des Sets: DTCv3-Controller, DTCv3-Montagerahmen, Netzteil 15 V, USB (A-B)-Kabel, 230 V EU-Netzkabel (CEE7\/7), Stromkabel DTCv3          <\/p>\n","protected":false},"excerpt":{"rendered":"<p>Drehscheibensteuerungs-Set<\/p>\n","protected":false},"featured_media":2916,"template":"","meta":{"_acf_changed":false},"product_brand":[],"product_cat":[227],"product_tag":[],"class_list":{"0":"post-4004","1":"product","2":"type-product","3":"status-publish","4":"has-post-thumbnail","6":"product_cat-produkt-dinasys","7":"product_shipping_class-paket","9":"first","10":"instock","11":"taxable","12":"shipping-taxable","13":"product-type-simple"},"acf":[],"jetpack_sharing_enabled":true,"_links":{"self":[{"href":"https:\/\/dinamobesturing.nl\/de\/wp-json\/wp\/v2\/product\/4004","targetHints":{"allow":["GET"]}}],"collection":[{"href":"https:\/\/dinamobesturing.nl\/de\/wp-json\/wp\/v2\/product"}],"about":[{"href":"https:\/\/dinamobesturing.nl\/de\/wp-json\/wp\/v2\/types\/product"}],"wp:featuredmedia":[{"embeddable":true,"href":"https:\/\/dinamobesturing.nl\/de\/wp-json\/wp\/v2\/media\/2916"}],"wp:attachment":[{"href":"https:\/\/dinamobesturing.nl\/de\/wp-json\/wp\/v2\/media?parent=4004"}],"wp:term":[{"taxonomy":"product_brand","embeddable":true,"href":"https:\/\/dinamobesturing.nl\/de\/wp-json\/wp\/v2\/product_brand?post=4004"},{"taxonomy":"product_cat","embeddable":true,"href":"https:\/\/dinamobesturing.nl\/de\/wp-json\/wp\/v2\/product_cat?post=4004"},{"taxonomy":"product_tag","embeddable":true,"href":"https:\/\/dinamobesturing.nl\/de\/wp-json\/wp\/v2\/product_tag?post=4004"}],"curies":[{"name":"wp","href":"https:\/\/api.w.org\/{rel}","templated":true}]}}