{"id":3876,"date":"2026-04-11T18:14:51","date_gmt":"2026-04-11T16:14:51","guid":{"rendered":"https:\/\/dinamobesturing.nl\/dpco4-05-bausatz\/"},"modified":"2026-04-11T18:14:51","modified_gmt":"2026-04-11T16:14:51","slug":"dpco4-05-bausatz","status":"publish","type":"product","link":"https:\/\/dinamobesturing.nl\/de\/dpco4-05-bausatz\/","title":{"rendered":"DPCO4\/05 Bausatz"},"content":{"rendered":"<p>Das DPCO4 ist ein Relaismodul, das zum potenzialfreien Schalten verschiedener Signale verwendet werden kann. Das Modul enth\u00e4lt 4 zweipolige Umschaltrelais, die unabh\u00e4ngig voneinander geschaltet werden k\u00f6nnen. Das DPCO4 muss mit einem externen Signal (Gleichstrom) pro Relais angesteuert werden, zum Beispiel \u00fcber ein OC32-Modul. Die Verwendung anderer Elektronik ist ebenfalls m\u00f6glich, sofern diese die korrekten Steuersignale liefert. Die Relais schalten maximal 2 A pro Kontakt bei 24 V (Gleich- oder Wechselstrom). Die Anwendungen f\u00fcr das DPCO4 sind vielf\u00e4ltig. Im Prinzip k\u00f6nnen Sie alles ein- und ausschalten, was keine elektrische Verbindung zum Schaltmodul haben darf. Einige Beispiele sind: Schalten von Herzst\u00fccken von Weichen, Fahrstromversorgung von Fahrstra\u00dfen (Dinamo, siehe u. a. Dokument \u201eDinamo Plug&amp;Play Fahrstra\u00dfen\u201c), Fahrstromversorgung von Abstellgleisen ohne Verwendung eines separaten Blockausgangs (Dinamo), Einsparung von Blockausg\u00e4ngen in Schattenbahnh\u00f6fen (Dinamo), Schalten von Ger\u00e4ten, die ausschlie\u00dflich mit Wechselstrom betrieben werden. Das DPCO4 ist gleichwertig zum HPP4, mit dem Unterschied, dass das DPCO4 durch ein intelligenteres Design und kleinere Komponenten etwas einfacher anzuschlie\u00dfen ist. Es sind zwei Versionen des DPCO4 verf\u00fcgbar: DPCO4\/05: Die Ausf\u00fchrung mit 5-V-Relais kann mit einer positiven Gleichspannung zwischen 7,5 V und 15 V gespeist werden. DPCO4\/12: Die Ausf\u00fchrung mit 12-V-Relais kann mit einer positiven Gleichspannung zwischen 13,5 V und 24 V gespeist werden. Das DPCO4 wird vorzugsweise an ein OC32\/NG, OC32 oder OM32 (seriell) angeschlossen. Die verwendeten Ausg\u00e4nge der Steuereinheit m\u00fcssen mit (Standard-)Sink-Treibern ausgestattet sein. Das DPCO4 kann von jeder anderen Steuereinheit angesteuert werden, die einen Gleichstrom von mindestens 100 mA einer Last gegen GND schaltet (50 mA f\u00fcr das DPCO4\/12). Die Eing\u00e4nge des DPCO4 sind mit \u201eFreilaufdioden\u201c versehen, sodass die ansteuernde Elektronik nicht explizit f\u00fcr induktive Lasten geeignet sein muss. Wenn die ansteuernde Elektronik nicht vom Typ \u201eOpen Collector\u201c oder \u201eOpen Drain\u201c ist, darf die betreffende Elektronik keine Spannung liefern, die h\u00f6her als +5 V beim DPCO4\/05 oder +12 V beim DPCO4\/12 ist. Das DPCO4 verf\u00fcgt \u00fcber einen integrierten Spannungsstabilisator, mit dem die Spannung f\u00fcr die Relais stabilisiert wird. Damit der Spannungsstabilisator korrekt arbeitet, ist es wichtig, dass Sie den Minus\/GND-Anschluss des DPCO4 mit dem Minus\/GND des ansteuernden Moduls verbinden. Das DPCO4 wird mit einem Montagerahmen und Schrauben geliefert. Verwenden Sie diese, um das Modul auf einer ebenen Fl\u00e4che (meistens und vorzugsweise Holz) festzuschrauben. Achten Sie dabei darauf, rundherum gen\u00fcgend Platz zu lassen, um den Stecker einstecken und die Dr\u00e4hte anschlie\u00dfen zu k\u00f6nnen.               <\/p>\n","protected":false},"excerpt":{"rendered":"<p>Relaismodul<\/p>\n","protected":false},"featured_media":2978,"template":"","meta":{"_acf_changed":false},"product_brand":[],"product_cat":[221],"product_tag":[],"class_list":{"0":"post-3876","1":"product","2":"type-product","3":"status-publish","4":"has-post-thumbnail","6":"product_cat-produkt-oc32","7":"product_shipping_class-umschlag","9":"first","10":"instock","11":"taxable","12":"shipping-taxable","13":"product-type-simple"},"acf":[],"jetpack_sharing_enabled":true,"_links":{"self":[{"href":"https:\/\/dinamobesturing.nl\/de\/wp-json\/wp\/v2\/product\/3876","targetHints":{"allow":["GET"]}}],"collection":[{"href":"https:\/\/dinamobesturing.nl\/de\/wp-json\/wp\/v2\/product"}],"about":[{"href":"https:\/\/dinamobesturing.nl\/de\/wp-json\/wp\/v2\/types\/product"}],"wp:featuredmedia":[{"embeddable":true,"href":"https:\/\/dinamobesturing.nl\/de\/wp-json\/wp\/v2\/media\/2978"}],"wp:attachment":[{"href":"https:\/\/dinamobesturing.nl\/de\/wp-json\/wp\/v2\/media?parent=3876"}],"wp:term":[{"taxonomy":"product_brand","embeddable":true,"href":"https:\/\/dinamobesturing.nl\/de\/wp-json\/wp\/v2\/product_brand?post=3876"},{"taxonomy":"product_cat","embeddable":true,"href":"https:\/\/dinamobesturing.nl\/de\/wp-json\/wp\/v2\/product_cat?post=3876"},{"taxonomy":"product_tag","embeddable":true,"href":"https:\/\/dinamobesturing.nl\/de\/wp-json\/wp\/v2\/product_tag?post=3876"}],"curies":[{"name":"wp","href":"https:\/\/api.w.org\/{rel}","templated":true}]}}