{"id":3855,"date":"2025-12-17T21:18:28","date_gmt":"2025-12-17T20:18:28","guid":{"rendered":"https:\/\/dinamobesturing.nl\/meanwell-tbc-05-klemmenabdeckung-kurz\/"},"modified":"2025-12-17T21:18:28","modified_gmt":"2025-12-17T20:18:28","slug":"meanwell-tbc-05-klemmenabdeckung-kurz","status":"publish","type":"product","link":"https:\/\/dinamobesturing.nl\/de\/meanwell-tbc-05-klemmenabdeckung-kurz\/","title":{"rendered":"Meanwell TBC-05 Klemmenabdeckung kurz"},"content":{"rendered":"<p>Die <strong>Mean Well TBC-05<\/strong> ist eine Klemmenabdeckung, die f\u00fcr Mean Well Netzteile wie die <strong>LRS- und RSP-Serien bis 75 W<\/strong> entwickelt wurde. Diese Abdeckkappe bietet zus\u00e4tzlichen Schutz vor versehentlichem Kurzschluss und hilft, die Anschlussklemmen sicher abzuschirmen. <\/p>\n<p>Die TBC-05 ist einfach zu installieren und wird h\u00e4ufig in kompakten Netzteilen, Schaltschr\u00e4nken und anderen Installationen eingesetzt, bei denen Sicherheit und \u00dcbersicht wichtig sind.<\/p>\n<h3>Kompatible Modelle<\/h3>\n<ul>\n<li>SD-50<\/li>\n<li>S-60<\/li>\n<li>S-40<\/li>\n<li>NES-50<\/li>\n<li>RS-75<\/li>\n<li>S-25<\/li>\n<li>SD-25<\/li>\n<li>NES-35<\/li>\n<li>RS-50<\/li>\n<li>NES-25<\/li>\n<li>RS-35<\/li>\n<li>RSP-75<\/li>\n<li>LRS-35 \/ LRS-50 \/ LRS-75<\/li>\n<\/ul>\n","protected":false},"excerpt":{"rendered":"<p>Abdeckplatte f\u00fcr Schraubklemmen LRS-50<\/p>\n","protected":false},"featured_media":3126,"template":"","meta":{"_acf_changed":false},"product_brand":[],"product_cat":[225],"product_tag":[],"class_list":{"0":"post-3855","1":"product","2":"type-product","3":"status-publish","4":"has-post-thumbnail","6":"product_cat-produkt-netzteile","7":"product_shipping_class-umschlag","9":"first","10":"instock","11":"taxable","12":"shipping-taxable","13":"product-type-simple"},"acf":[],"jetpack_sharing_enabled":true,"_links":{"self":[{"href":"https:\/\/dinamobesturing.nl\/de\/wp-json\/wp\/v2\/product\/3855","targetHints":{"allow":["GET"]}}],"collection":[{"href":"https:\/\/dinamobesturing.nl\/de\/wp-json\/wp\/v2\/product"}],"about":[{"href":"https:\/\/dinamobesturing.nl\/de\/wp-json\/wp\/v2\/types\/product"}],"wp:featuredmedia":[{"embeddable":true,"href":"https:\/\/dinamobesturing.nl\/de\/wp-json\/wp\/v2\/media\/3126"}],"wp:attachment":[{"href":"https:\/\/dinamobesturing.nl\/de\/wp-json\/wp\/v2\/media?parent=3855"}],"wp:term":[{"taxonomy":"product_brand","embeddable":true,"href":"https:\/\/dinamobesturing.nl\/de\/wp-json\/wp\/v2\/product_brand?post=3855"},{"taxonomy":"product_cat","embeddable":true,"href":"https:\/\/dinamobesturing.nl\/de\/wp-json\/wp\/v2\/product_cat?post=3855"},{"taxonomy":"product_tag","embeddable":true,"href":"https:\/\/dinamobesturing.nl\/de\/wp-json\/wp\/v2\/product_tag?post=3855"}],"curies":[{"name":"wp","href":"https:\/\/api.w.org\/{rel}","templated":true}]}}