{"id":3846,"date":"2025-12-15T12:27:31","date_gmt":"2025-12-15T11:27:31","guid":{"rendered":"https:\/\/dinamobesturing.nl\/mccdec03-mc-modul-mcc-mc\/"},"modified":"2025-12-15T12:27:31","modified_gmt":"2025-12-15T11:27:31","slug":"mccdec03-mc-modul-mcc-mc","status":"publish","type":"product","link":"https:\/\/dinamobesturing.nl\/de\/mccdec03-mc-modul-mcc-mc\/","title":{"rendered":"MCCdec03\/MC-Modul + MCC-MC"},"content":{"rendered":"<p>In einer modernen Miniaturwelt findet man immer h\u00e4ufiger fahrende Modellautos. Meist werden die Autos mittels eines Lenkdrahtes aus Stahl oder eines Magnetbandes gesteuert, dem ein Magnet in der Lenkung des Autos folgt. Das Dinamo\/MCC-System bietet die M\u00f6glichkeit, solche Autos auf fortschrittliche Weise zu steuern. Dazu werden die Autos mit einem Decoder ausgestattet, der \u00fcber ein drahtloses Sendesystem in der Fahrbahn Befehle empf\u00e4ngt. Bei den Fahrzeugen kann es sich um bestehende, fahrende Analogfahrzeuge handeln, die zu digitalen Dinamo\/MCC-Modellen umgebaut werden, oder um Fahrzeuge auf Basis von Standmodellen, die mit Motor, Akku, Lenkung und digitaler Steuerung ausgestattet werden. Die Steuerungsm\u00f6glichkeiten eines mit Dinamo\/MCC digitalisierten Fahrzeugs umfassen unter anderem: \u2022 Geschwindigkeitsregelung mit 15 Stufen \u2022 Lastregelung \u2022 Automatisches verz\u00f6gertes Anfahren und Bremsen mit verschiedenen Charakteristiken \u2022 Steuerung von Scheinwerfern, Bremslichtern, R\u00fccklichtern, Blinkern und verschiedenen Zusatzfunktionen. Der MCCdec03 ist technologisch gesehen vom MCCdec01 abgeleitet. Er arbeitet direkt mit der Akkuspannung. Der MCCdec03 wurde mit Blick auf kleinstm\u00f6gliche Abmessungen in Kombination mit h\u00f6chstm\u00f6glicher Funktionalit\u00e4t entwickelt. Er ist f\u00fcr den Einsatz mit LiPo-Akkus optimiert, da diese derzeit das g\u00fcnstigste Kapazit\u00e4ts-\/Volumenverh\u00e4ltnis f\u00fcr den Einsatz in kleinen Fahrzeugen bieten. Der MCCdec03 ben\u00f6tigt eine Mindestakkuspannung von 2,9 V. Abmessungen: 12,1 x 11,8 x 3,5 mm           <\/p>\n","protected":false},"excerpt":{"rendered":"<p>Fahrzeugdecoder MCC<\/p>\n","protected":false},"featured_media":2932,"template":"","meta":{"_acf_changed":false},"product_brand":[],"product_cat":[229],"product_tag":[],"class_list":{"0":"post-3846","1":"product","2":"type-product","3":"status-publish","4":"has-post-thumbnail","6":"product_cat-produkt-mcc","7":"product_shipping_class-paket","9":"first","10":"instock","11":"taxable","12":"shipping-taxable","13":"product-type-simple"},"acf":[],"jetpack_sharing_enabled":true,"_links":{"self":[{"href":"https:\/\/dinamobesturing.nl\/de\/wp-json\/wp\/v2\/product\/3846","targetHints":{"allow":["GET"]}}],"collection":[{"href":"https:\/\/dinamobesturing.nl\/de\/wp-json\/wp\/v2\/product"}],"about":[{"href":"https:\/\/dinamobesturing.nl\/de\/wp-json\/wp\/v2\/types\/product"}],"wp:featuredmedia":[{"embeddable":true,"href":"https:\/\/dinamobesturing.nl\/de\/wp-json\/wp\/v2\/media\/2932"}],"wp:attachment":[{"href":"https:\/\/dinamobesturing.nl\/de\/wp-json\/wp\/v2\/media?parent=3846"}],"wp:term":[{"taxonomy":"product_brand","embeddable":true,"href":"https:\/\/dinamobesturing.nl\/de\/wp-json\/wp\/v2\/product_brand?post=3846"},{"taxonomy":"product_cat","embeddable":true,"href":"https:\/\/dinamobesturing.nl\/de\/wp-json\/wp\/v2\/product_cat?post=3846"},{"taxonomy":"product_tag","embeddable":true,"href":"https:\/\/dinamobesturing.nl\/de\/wp-json\/wp\/v2\/product_tag?post=3846"}],"curies":[{"name":"wp","href":"https:\/\/api.w.org\/{rel}","templated":true}]}}