{"id":3832,"date":"2025-12-15T12:27:32","date_gmt":"2025-12-15T11:27:32","guid":{"rendered":"https:\/\/dinamobesturing.nl\/oc32-ng-ad-komplett\/"},"modified":"2025-12-15T12:27:32","modified_gmt":"2025-12-15T11:27:32","slug":"oc32-ng-ad-komplett","status":"publish","type":"product","link":"https:\/\/dinamobesturing.nl\/de\/oc32-ng-ad-komplett\/","title":{"rendered":"OC32\/NG-AD Komplett"},"content":{"rendered":"<p>OC32 \u2013 Das Multitalent unter den Zubeh\u00f6rdecodern. Steuern Sie Weichen, Servos, Motoren, Beleuchtung und Signale mit ein und demselben Controller. Multifunktionaler Zubeh\u00f6r-Controller OC32\/NG, mit dem Sie 32 Ausg\u00e4nge frei f\u00fcr all Ihre Weichen, Signale und weiteres Zubeh\u00f6r auf und an der Modellbahn nutzen k\u00f6nnen. Maximale Funktionalit\u00e4t in einem einzigen Modul. Ausgestattet mit ADM-Verst\u00e4rkerb\u00e4nken f\u00fcr verst\u00e4rkte Treiber bis zu 2500 mA, DCC-Schnittstelle, RS485-Schnittstelle und verschiedenen Treiberoptionen. Standardm\u00e4\u00dfig mit 4x 500 mA Sink-Treibern ausgestattet. Die Treiber k\u00f6nnen in Gruppen von 8 Ausg\u00e4ngen ausgetauscht oder durch Source-Treiber oder Widerstandsb\u00e4nke erweitert werden. Zudem k\u00f6nnen Sie mittels 2 Jumpern in Gruppen von 16 Ausg\u00e4ngen die Schaltspannung variieren, ohne die zentrale Stromversorgung zu beeinflussen.       <\/p>\n","protected":false},"excerpt":{"rendered":"<p>Modul mit Geh\u00e4use<\/p>\n","protected":false},"featured_media":2937,"template":"","meta":{"_acf_changed":false},"product_brand":[],"product_cat":[221],"product_tag":[],"class_list":{"0":"post-3832","1":"product","2":"type-product","3":"status-publish","4":"has-post-thumbnail","6":"product_cat-produkt-oc32","7":"product_shipping_class-paket","9":"first","10":"instock","11":"taxable","12":"shipping-taxable","13":"product-type-simple"},"acf":[],"jetpack_sharing_enabled":true,"_links":{"self":[{"href":"https:\/\/dinamobesturing.nl\/de\/wp-json\/wp\/v2\/product\/3832","targetHints":{"allow":["GET"]}}],"collection":[{"href":"https:\/\/dinamobesturing.nl\/de\/wp-json\/wp\/v2\/product"}],"about":[{"href":"https:\/\/dinamobesturing.nl\/de\/wp-json\/wp\/v2\/types\/product"}],"wp:featuredmedia":[{"embeddable":true,"href":"https:\/\/dinamobesturing.nl\/de\/wp-json\/wp\/v2\/media\/2937"}],"wp:attachment":[{"href":"https:\/\/dinamobesturing.nl\/de\/wp-json\/wp\/v2\/media?parent=3832"}],"wp:term":[{"taxonomy":"product_brand","embeddable":true,"href":"https:\/\/dinamobesturing.nl\/de\/wp-json\/wp\/v2\/product_brand?post=3832"},{"taxonomy":"product_cat","embeddable":true,"href":"https:\/\/dinamobesturing.nl\/de\/wp-json\/wp\/v2\/product_cat?post=3832"},{"taxonomy":"product_tag","embeddable":true,"href":"https:\/\/dinamobesturing.nl\/de\/wp-json\/wp\/v2\/product_tag?post=3832"}],"curies":[{"name":"wp","href":"https:\/\/api.w.org\/{rel}","templated":true}]}}