{"id":3825,"date":"2026-04-11T18:13:02","date_gmt":"2026-04-11T16:13:02","guid":{"rendered":"https:\/\/dinamobesturing.nl\/dps1x8-bausatz\/"},"modified":"2026-04-11T18:13:02","modified_gmt":"2026-04-11T16:13:02","slug":"dps1x8-bausatz","status":"publish","type":"product","link":"https:\/\/dinamobesturing.nl\/de\/dps1x8-bausatz\/","title":{"rendered":"DPS1X8 Bausatz"},"content":{"rendered":"<p>Das ideale Modul zur Steuerung von Bl\u00f6cken \u00fcber einen Blockausgang. Ehemals das DTRv2 CAN- und PAR-Modul. Dieses Modul kann 8 Abstellgleise parallel \u00fcber einen Blockausgang versorgen, sodass Sie die Bl\u00f6cke \u00fcber Relais schalten k\u00f6nnen. Eine sehr kosteng\u00fcnstige L\u00f6sung f\u00fcr Schattenbahnh\u00f6fe und Ringlokschuppen.   <\/p>\n","protected":false},"excerpt":{"rendered":"<p>F\u00fcr relaisgesteuerte Bl\u00f6cke<\/p>\n","protected":false},"featured_media":3502,"template":"","meta":{"_acf_changed":false},"product_brand":[],"product_cat":[223],"product_tag":[],"class_list":{"0":"post-3825","1":"product","2":"type-product","3":"status-publish","4":"has-post-thumbnail","6":"product_cat-produkt-dinamo","7":"product_shipping_class-umschlag","9":"first","10":"instock","11":"taxable","12":"shipping-taxable","13":"product-type-simple"},"acf":[],"jetpack_sharing_enabled":true,"_links":{"self":[{"href":"https:\/\/dinamobesturing.nl\/de\/wp-json\/wp\/v2\/product\/3825","targetHints":{"allow":["GET"]}}],"collection":[{"href":"https:\/\/dinamobesturing.nl\/de\/wp-json\/wp\/v2\/product"}],"about":[{"href":"https:\/\/dinamobesturing.nl\/de\/wp-json\/wp\/v2\/types\/product"}],"wp:featuredmedia":[{"embeddable":true,"href":"https:\/\/dinamobesturing.nl\/de\/wp-json\/wp\/v2\/media\/3502"}],"wp:attachment":[{"href":"https:\/\/dinamobesturing.nl\/de\/wp-json\/wp\/v2\/media?parent=3825"}],"wp:term":[{"taxonomy":"product_brand","embeddable":true,"href":"https:\/\/dinamobesturing.nl\/de\/wp-json\/wp\/v2\/product_brand?post=3825"},{"taxonomy":"product_cat","embeddable":true,"href":"https:\/\/dinamobesturing.nl\/de\/wp-json\/wp\/v2\/product_cat?post=3825"},{"taxonomy":"product_tag","embeddable":true,"href":"https:\/\/dinamobesturing.nl\/de\/wp-json\/wp\/v2\/product_tag?post=3825"}],"curies":[{"name":"wp","href":"https:\/\/api.w.org\/{rel}","templated":true}]}}