{"id":3940,"date":"2025-08-15T12:47:16","date_gmt":"2025-08-15T10:47:16","guid":{"rendered":"https:\/\/dinamobesturing.nl\/vpeb\/"},"modified":"2026-04-20T21:41:43","modified_gmt":"2026-04-20T19:41:43","slug":"vpeb","status":"publish","type":"page","link":"https:\/\/dinamobesturing.nl\/de\/vpeb\/","title":{"rendered":"VPEB"},"content":{"rendered":"\t\t<div data-elementor-type=\"wp-page\" data-elementor-id=\"3940\" class=\"elementor elementor-3940 elementor-360\" data-elementor-post-type=\"page\">\n\t\t\t\t<div class=\"elementor-element elementor-element-fcdee61 e-flex e-con-boxed e-con e-parent\" data-id=\"fcdee61\" data-element_type=\"container\" data-e-type=\"container\">\n\t\t\t\t\t<div class=\"e-con-inner\">\n\t\t\t\t<div class=\"elementor-element elementor-element-f92144e elementor-widget elementor-widget-heading\" data-id=\"f92144e\" data-element_type=\"widget\" data-e-type=\"widget\" data-widget_type=\"heading.default\">\n\t\t\t\t\t<h2 class=\"elementor-heading-title elementor-size-default\">VPEB \u2013 Intelligente Elektronik f\u00fcr die Miniaturwelt<\/h2>\t\t\t\t<\/div>\n\t\t<div class=\"elementor-element elementor-element-b6cf400 e-con-full e-flex e-con e-child\" data-id=\"b6cf400\" data-element_type=\"container\" data-e-type=\"container\">\n\t\t<div class=\"elementor-element elementor-element-4b5a020 e-con-full e-flex e-con e-child\" data-id=\"4b5a020\" data-element_type=\"container\" data-e-type=\"container\">\n\t\t\t\t<div class=\"elementor-element elementor-element-28c3c9d elementor-widget elementor-widget-image\" data-id=\"28c3c9d\" data-element_type=\"widget\" data-e-type=\"widget\" data-widget_type=\"image.default\">\n\t\t\t\t\t\t\t\t\t\t\t\t\t\t\t<img fetchpriority=\"high\" decoding=\"async\" width=\"400\" height=\"400\" src=\"https:\/\/dinamobesturing.nl\/wp-content\/uploads\/2025\/08\/VPEB.webp\" class=\"attachment-large size-large wp-image-763\" alt=\"vpeb\" srcset=\"https:\/\/dinamobesturing.nl\/wp-content\/uploads\/2025\/08\/VPEB.webp 400w, https:\/\/dinamobesturing.nl\/wp-content\/uploads\/2025\/08\/VPEB-300x300.webp 300w, https:\/\/dinamobesturing.nl\/wp-content\/uploads\/2025\/08\/VPEB-100x100.webp 100w, https:\/\/dinamobesturing.nl\/wp-content\/uploads\/2025\/08\/VPEB-150x150.webp 150w\" sizes=\"(max-width: 400px) 100vw, 400px\" title=\"\">\t\t\t\t\t\t\t\t\t\t\t\t\t\t\t<\/div>\n\t\t\t\t<\/div>\n\t\t<div class=\"elementor-element elementor-element-9b42093 e-con-full e-flex e-con e-child\" data-id=\"9b42093\" data-element_type=\"container\" data-e-type=\"container\">\n\t\t\t\t<div class=\"elementor-element elementor-element-abd5c96 elementor-widget elementor-widget-text-editor\" data-id=\"abd5c96\" data-element_type=\"widget\" data-e-type=\"widget\" data-widget_type=\"text-editor.default\">\n\t\t\t\t\t\t\t\t\t<p>Van Perlo Elektronica en Besturingstechniek entwickelt und liefert Elektronikl\u00f6sungen f\u00fcr die Miniaturwelt. Das Modellbau-Hobby ist schon teuer genug. Daher konzentrieren wir uns vor allem auf Produkte, die viel Funktionalit\u00e4t zu einem angemessenen Preis bieten.  <\/p><p>Unsere <a title=\"L\u00f6sungen\" href=\"https:\/\/vpeb.nl\/index.php\/oplossingen\/index.html\" target=\"_blank\" rel=\"noopener\">L\u00f6sungen<\/a> zeichnen sich durch Vielseitigkeit und Flexibilit\u00e4t aus. In den meisten Modulen wird Mikrocontroller-Technologie eingesetzt, und unsere Produkte sind fast ausnahmslos \u00fcber einen PC steuerbar oder konfigurierbar. Der Vorteil dieses Ansatzes besteht darin, dass Sie mit nur einer begrenzten Anzahl verschiedener Module sehr viel erreichen k\u00f6nnen und zudem nicht st\u00e4ndig neue Elektronik kaufen m\u00fcssen, wenn sich Ihre W\u00fcnsche und Erkenntnisse \u00e4ndern. Obwohl dies bedeutet, dass die meisten Module mehr als zwei Anschlussdr\u00e4hte haben und Sie eventuell ein Handbuch lesen m\u00fcssen, ist die Anwendung f\u00fcr jeden durchschnittlichen Modellbauer mit gewissen Grundkenntnissen in der Elektronik sehr gut machbar.   <\/p>\t\t\t\t\t\t\t\t<\/div>\n\t\t\t\t<\/div>\n\t\t\t\t<\/div>\n\t\t\t\t\t<\/div>\n\t\t\t\t<\/div>\n\t\t\t\t<\/div>\n\t\t","protected":false},"excerpt":{"rendered":"<p>VPEB \u2013 Intelligente Elektronik f\u00fcr die Miniaturwelt Van Perlo Elektronica en Besturingstechniek entwickelt und liefert Elektronikl\u00f6sungen f\u00fcr die Miniaturwelt. Das Modellbau-Hobby ist schon teuer genug. Daher konzentrieren wir uns vor allem auf Produkte, die viel Funktionalit\u00e4t zu einem angemessenen Preis bieten. Unsere L\u00f6sungen zeichnen sich durch Vielseitigkeit und Flexibilit\u00e4t aus. In den meisten Modulen wird [&hellip;]<\/p>\n","protected":false},"author":1,"featured_media":763,"parent":0,"menu_order":0,"comment_status":"closed","ping_status":"closed","template":"","meta":{"_acf_changed":false,"footnotes":""},"class_list":["post-3940","page","type-page","status-publish","has-post-thumbnail","hentry"],"acf":[],"jetpack_sharing_enabled":true,"_links":{"self":[{"href":"https:\/\/dinamobesturing.nl\/de\/wp-json\/wp\/v2\/pages\/3940","targetHints":{"allow":["GET"]}}],"collection":[{"href":"https:\/\/dinamobesturing.nl\/de\/wp-json\/wp\/v2\/pages"}],"about":[{"href":"https:\/\/dinamobesturing.nl\/de\/wp-json\/wp\/v2\/types\/page"}],"author":[{"embeddable":true,"href":"https:\/\/dinamobesturing.nl\/de\/wp-json\/wp\/v2\/users\/1"}],"replies":[{"embeddable":true,"href":"https:\/\/dinamobesturing.nl\/de\/wp-json\/wp\/v2\/comments?post=3940"}],"version-history":[{"count":0,"href":"https:\/\/dinamobesturing.nl\/de\/wp-json\/wp\/v2\/pages\/3940\/revisions"}],"wp:featuredmedia":[{"embeddable":true,"href":"https:\/\/dinamobesturing.nl\/de\/wp-json\/wp\/v2\/media\/763"}],"wp:attachment":[{"href":"https:\/\/dinamobesturing.nl\/de\/wp-json\/wp\/v2\/media?parent=3940"}],"curies":[{"name":"wp","href":"https:\/\/api.w.org\/{rel}","templated":true}]}}