{"id":3913,"date":"2025-12-15T00:44:21","date_gmt":"2025-12-14T23:44:21","guid":{"rendered":"https:\/\/dinamobesturing.nl\/haendlerbedingungen\/"},"modified":"2026-04-20T21:40:55","modified_gmt":"2026-04-20T19:40:55","slug":"haendlerbedingungen","status":"publish","type":"page","link":"https:\/\/dinamobesturing.nl\/de\/haendlerbedingungen\/","title":{"rendered":"H\u00e4ndlerbedingungen"},"content":{"rendered":"\t\t<div data-elementor-type=\"wp-page\" data-elementor-id=\"3913\" class=\"elementor elementor-3913 elementor-2996\" data-elementor-post-type=\"page\">\n\t\t\t\t<div class=\"elementor-element elementor-element-adb785c e-flex e-con-boxed e-con e-parent\" data-id=\"adb785c\" data-element_type=\"container\" data-e-type=\"container\">\n\t\t\t\t\t<div class=\"e-con-inner\">\n\t\t<div class=\"elementor-element elementor-element-05098a1 e-con-full e-flex elementor-invisible e-con e-child\" data-id=\"05098a1\" data-element_type=\"container\" data-e-type=\"container\" data-settings=\"{&quot;sticky&quot;:&quot;top&quot;,&quot;sticky_on&quot;:[&quot;desktop&quot;,&quot;tablet&quot;],&quot;sticky_parent&quot;:&quot;yes&quot;,&quot;animation&quot;:&quot;fadeIn&quot;,&quot;sticky_offset&quot;:0,&quot;sticky_effects_offset&quot;:0,&quot;sticky_anchor_link_offset&quot;:0}\">\n\t\t\t\t<div class=\"elementor-element elementor-element-59daf6d elementor-toc--content-ellipsis elementor-widget elementor-widget-table-of-contents\" data-id=\"59daf6d\" data-element_type=\"widget\" data-e-type=\"widget\" data-settings=\"{&quot;exclude_headings_by_selector&quot;:[],&quot;no_headings_message&quot;:&quot;Er zijn geen kopteksten gevonden op deze pagina.&quot;,&quot;headings_by_tags&quot;:[&quot;h3&quot;,&quot;h4&quot;,&quot;h5&quot;,&quot;h6&quot;],&quot;marker_view&quot;:&quot;bullets&quot;,&quot;icon&quot;:{&quot;value&quot;:&quot;fas fa-circle&quot;,&quot;library&quot;:&quot;fa-solid&quot;,&quot;rendered_tag&quot;:&quot;&lt;svg class=\\&quot;e-font-icon-svg e-fas-circle\\&quot; viewBox=\\&quot;0 0 512 512\\&quot; xmlns=\\&quot;http:\\\/\\\/www.w3.org\\\/2000\\\/svg\\&quot;&gt;&lt;path d=\\&quot;M256 8C119 8 8 119 8 256s111 248 248 248 248-111 248-248S393 8 256 8z\\&quot;&gt;&lt;\\\/path&gt;&lt;\\\/svg&gt;&quot;},&quot;min_height&quot;:{&quot;unit&quot;:&quot;px&quot;,&quot;size&quot;:&quot;&quot;,&quot;sizes&quot;:[]},&quot;min_height_tablet&quot;:{&quot;unit&quot;:&quot;px&quot;,&quot;size&quot;:&quot;&quot;,&quot;sizes&quot;:[]},&quot;min_height_mobile&quot;:{&quot;unit&quot;:&quot;px&quot;,&quot;size&quot;:&quot;&quot;,&quot;sizes&quot;:[]}}\" data-widget_type=\"table-of-contents.default\">\n\t\t\t\t\t\t\t\t\t<div class=\"elementor-toc__header\">\n\t\t\t\t\t\t<h4 class=\"elementor-toc__header-title\">\n\t\t\t\tInhaltsverzeichnis\t\t\t<\/h4>\n\t\t\t\t\t\t\t\t<\/div>\n\t\t\t\t<div id=\"elementor-toc__59daf6d\" class=\"elementor-toc__body\">\n\t\t\t<div class=\"elementor-toc__spinner-container\">\n\t\t\t\t<svg class=\"elementor-toc__spinner eicon-animation-spin e-font-icon-svg e-eicon-loading\" aria-hidden=\"true\" viewBox=\"0 0 1000 1000\" xmlns=\"http:\/\/www.w3.org\/2000\/svg\"><path d=\"M500 975V858C696 858 858 696 858 500S696 142 500 142 142 304 142 500H25C25 237 238 25 500 25S975 237 975 500 763 975 500 975Z\"><\/path><\/svg>\t\t\t<\/div>\n\t\t<\/div>\n\t\t\t\t\t\t<\/div>\n\t\t\t\t<\/div>\n\t\t<div class=\"elementor-element elementor-element-c977fac e-con-full e-flex e-con e-child\" data-id=\"c977fac\" data-element_type=\"container\" data-e-type=\"container\">\n\t\t\t\t<div class=\"elementor-element elementor-element-293fef4 elementor-widget elementor-widget-text-editor\" data-id=\"293fef4\" data-element_type=\"widget\" data-e-type=\"widget\" data-widget_type=\"text-editor.default\">\n\t\t\t\t\t\t\t\t\t<p class=\"western\">&#8212;<\/p><h2 class=\"western\">H\u00c4NDLER-Bedingungen<\/h2><p class=\"western\">Dinamo Besturing \u2013 Vertreter<\/p><p class=\"western\">&#8212;<\/p><h3 class=\"western\">Artikel 1 \u2013 Parteien<\/h3><p class=\"western\">1.1 Dinamo Besturing, mit Sitz am Telgterweg 275a, 3853 NJ Ermelo, Niederlande, eingetragen bei der Handelskammer unter der Nummer 81107595, Umsatzsteuer-Identifikationsnummer NL861934283B01, im Folgenden \u201eDinamo Besturing\u201c genannt.<\/p><p class=\"western\">1.2 H\u00e4ndler: jede nat\u00fcrliche oder juristische Person, die in Aus\u00fcbung ihres Berufs oder Gewerbes handelt und sich als H\u00e4ndler bei Dinamo Besturing angemeldet hat, im Folgenden \u201eH\u00e4ndler\u201c genannt.<\/p><p class=\"western\">&#8212;<\/p><h3 class=\"western\">Artikel 2 \u2013 Definitionen<\/h3><p class=\"western\">In dieser Vereinbarung versteht man unter:<\/p><ol type=\"a\"><li><p>Produkte: Alle Dinamo-Steuerungsprodukte<\/p><\/li><li><p>Zusatzprodukte: Produkte f\u00fcr Dinamo-Steuerungsprodukte, die von Dinamo Besturing vertrieben werden.<\/p><\/li><\/ol><p class=\"western\">b. VPEB: Entwickler der Dinamo-Steuerungsprodukte und Inhaber aller geistigen Eigentumsrechte. <\/p><p class=\"western\">c. Verbraucher: Der Abnehmer, der Produkte \u00fcber den H\u00e4ndler kauft. <\/p><p class=\"western\">&#8212;<\/p><h3 class=\"western\">Artikel 3 \u2013 Gegenstand der Vereinbarung<\/h3><p class=\"western\">3.1 Dinamo Besturing gew\u00e4hrt dem H\u00e4ndler das nicht-exklusive Recht, Produkte zu beziehen und an Endkunden zu verkaufen.<\/p><p class=\"western\">3.2 Diese Vereinbarung begr\u00fcndet ausdr\u00fccklich kein Agentur-, Franchise-, Joint-Venture- oder Arbeitsverh\u00e4ltnis.<\/p><p class=\"western\">3.3 Der H\u00e4ndler handelt selbstst\u00e4ndig sowie auf eigene Rechnung und Gefahr.<\/p><p class=\"western\">&#8212;<\/p><h3 class=\"western\">Artikel 4 \u2013 Geistige Eigentumsrechte<\/h3><p class=\"western\">4.1 Die Firmware aller Produkte bleibt jederzeit Eigentum von VPEB. Der Nutzer genie\u00dft hieran das nicht-exklusive Nutzungsrecht. <\/p><p class=\"western\">4.2 Alle geistigen Eigentumsrechte an Dinamo-Steuerungsprodukten, worunter unter anderem Software, Schaltpl\u00e4ne, Dokumentationen, Entw\u00fcrfe und Handb\u00fccher fallen, liegen ausschlie\u00dflich bei VPEB.<\/p><p class=\"western\">4.3 Der H\u00e4ndler erwirbt keine anderen Rechte als die f\u00fcr die Durchf\u00fchrung dieser Vereinbarung erforderlichen.<\/p><p class=\"western\">&#8212;<\/p><h3 class=\"western\">Artikel 5 \u2013 Pflichten des H\u00e4ndlers<\/h3><p class=\"western\">5.1 Der H\u00e4ndler wird die Produkte gem\u00e4\u00df den von Dinamo Besturing und\/oder VPEB bereitgestellten Spezifikationen und Anweisungen anbieten.<\/p><p class=\"western\">5.2 Der H\u00e4ndler ist in vollem Umfang f\u00fcr die Einhaltung aller geltenden lokalen Gesetze und Vorschriften im Land des Verkaufs verantwortlich.<\/p><p class=\"western\">5.3 Dem H\u00e4ndler ist es nicht gestattet, ohne vorherige schriftliche Zustimmung \u00c4nderungen, Anpassungen oder Modifikationen an den Produkten vorzunehmen.<\/p><p class=\"western\">&#8212;<\/p><h3 class=\"western\">Artikel 6 \u2013 Verkaufspreise und Rabattpolitik<\/h3><p class=\"western\">6.1 Die unverbindlichen Preisempfehlungen der Produkte werden von VPEB festgelegt und dem H\u00e4ndler \u00fcber Dinamo Besturing mitgeteilt.<\/p><p class=\"western\">6.2 <span style=\"font-size: small;\">Niederl\u00e4ndische <\/span>Wiederverk\u00e4ufer handeln gem\u00e4\u00df dem aktuellsten \u201eLeitfaden zur Preisdarstellung und zum Preisvergleich\u201c der Beh\u00f6rde f\u00fcr Verbraucher und M\u00e4rkte (ACM). <\/p><p class=\"western\">6.3 Es ist nicht erw\u00fcnscht, die Produkte strukturell oder dauerhaft unter der unverbindlichen Preisempfehlung anzubieten.<\/p><p class=\"western\"><\/p><p class=\"western\">&#8212;<\/p><h3 class=\"western\">Artikel 7 \u2013 Sonstige Zusatzprodukte<\/h3><p class=\"western\">7.1 Der H\u00e4ndler ist nur berechtigt, sonstige zus\u00e4tzliche elektronische Produkte, wie z. B. Netzteile, zu verkaufen, sofern diese nicht von Dinamo Besturing angeboten werden.<\/p><p class=\"western\">7.2 Diese sonstigen Zusatzprodukte m\u00fcssen allen lokalen gesetzlichen Anforderungen und Sicherheitsvorschriften im Land des Verkaufs entsprechen.<\/p><p class=\"western\">7.3 Der H\u00e4ndler tr\u00e4gt die volle Verantwortung und Haftung f\u00fcr diese sonstigen Zusatzprodukte.<\/p><p class=\"western\">7.4 Dem H\u00e4ndler ist es nicht gestattet, sonstige Zusatzprodukte als Teil von, unter dem Label von oder als von VPEB oder Dinamo Besturing stammend zu pr\u00e4sentieren.<\/p><p class=\"western\">&#8212;<\/p><h3 class=\"western\">Artikel 8 \u2013 Bestellungen, Lieferung und Gefahren\u00fcbergang<\/h3><p class=\"western\">8.1 Bestellungen sind nach schriftlicher Best\u00e4tigung durch Dinamo Besturing verbindlich.<\/p><p class=\"western\">8.2 Dinamo Besturing \u00fcbernimmt den Versand der (Zusatz-)Produkte.<\/p><p class=\"western\">8.3 F\u00fcr H\u00e4ndler gilt, sofern nicht schriftlich anders vereinbart, die Lieferung auf Basis von DAP (Delivered At Place) \u2013 Incoterms\u00ae 2020. Das Risiko von Verlust oder Besch\u00e4digung geht bei Lieferung an die vereinbarte Lieferadresse auf den H\u00e4ndler \u00fcber. <\/p><p class=\"western\">8.5 Einfuhrz\u00f6lle, Einfuhrumsatzsteuer, lokale Steuern und Zollgeb\u00fchren gehen in allen F\u00e4llen vollst\u00e4ndig zu Lasten des H\u00e4ndlers.<\/p><p class=\"western\">&#8212;<\/p><h3 class=\"western\">Artikel 9 \u2013 Zahlung<\/h3><p class=\"western\">9.1 Rechnungen sind innerhalb der vereinbarten Zahlungsfrist zu begleichen.<\/p><p class=\"western\"><span style=\"font-size: small;\">Das Eigentum an allen von <\/span>Dinamo Besturing gelieferten und noch zu liefernden Waren verbleibt bei Dinamo Besturing, bis der Wiederverk\u00e4ufer all seine Zahlungsverpflichtungen gegen\u00fcber Dinamo Besturing vollst\u00e4ndig erf\u00fcllt hat.<\/p><p class=\"western\">9.3 Bei nicht fristgerechter Zahlung ger\u00e4t der H\u00e4ndler automatisch in Verzug.<\/p><p class=\"western\">9.4 Dinamo Besturing ist berechtigt, ihre Verpflichtungen auszusetzen, solange der H\u00e4ndler seinen Zahlungsverpflichtungen nicht nachkommt.<\/p><p class=\"western\">&#8212;<\/p><h3 class=\"western\">Artikel 10 \u2013 Garantie und Haftung<\/h3><p class=\"western\">10.1 Die Garantie auf die Produkte wird f\u00fcr maximal 2 Jahre nach dem Kauf gew\u00e4hrt. <\/p><p class=\"western\">10.2 Dinamo Besturing haftet nicht f\u00fcr:<\/p><p class=\"western\">&#8211; unsachgem\u00e4\u00dfe Installation oder Fehlbedienung der Produkte<\/p><p class=\"western\">&#8211; Sch\u00e4den, die durch eine Verwendung au\u00dferhalb der Produktspezifikationen verursacht wurden<\/p><p class=\"western\">&#8211; indirekte Sch\u00e4den.<\/p><p class=\"western\">10.3 Die maximale Haftung ist auf den Rechnungsbetrag des betreffenden Produkts begrenzt.<\/p><p class=\"western\">&#8212;<\/p><h3 class=\"western\">Artikel 11 \u2013 Reklamationen und R\u00fccksendungen<\/h3><p class=\"western\">11.1 Offensichtliche M\u00e4ngel m\u00fcssen innerhalb von sieben (7) Tagen nach Erhalt schriftlich gemeldet werden.<\/p><p class=\"western\">11.2 R\u00fccksendungen sind nur nach vorheriger schriftlicher Zustimmung von Dinamo Besturing zul\u00e4ssig.<\/p><p class=\"western\">&#8212;<\/p><h3 class=\"western\">Artikel 12 \u2013 Dauer und Beendigung<\/h3><p class=\"western\">12.1 Diese Vereinbarung wird auf unbestimmte Zeit geschlossen.<\/p><p class=\"western\">12.2 Beide Parteien k\u00f6nnen den Vertrag schriftlich unter Einhaltung einer K\u00fcndigungsfrist von mindestens 3 Monaten k\u00fcndigen.<\/p><p class=\"western\">12.3 Dinamo Besturing ist berechtigt, die Vereinbarung mit sofortiger Wirkung zu k\u00fcndigen, wenn der H\u00e4ndler schuldhaft in Verzug ger\u00e4t.<\/p><p class=\"western\">&#8212;<\/p><h3 class=\"western\">Artikel 14 \u2013 Anwendbares Recht und Streitigkeiten<\/h3><p class=\"western\">14.1 Auf diese Vereinbarung findet ausschlie\u00dflich niederl\u00e4ndisches Recht Anwendung.<\/p><p class=\"western\">14.2 Streitigkeiten werden dem zust\u00e4ndigen Gericht in den Niederlanden vorgelegt.<\/p><p class=\"western\">&#8212;<\/p><h3 class=\"western\">Artikel 15 \u2013 Zustandekommen und Annahme<\/h3><p class=\"western\">15.1 Diese Vereinbarung kommt in dem Moment zustande, in dem sich der H\u00e4ndler bei Dinamo Besturing anmeldet und dabei dieser Vereinbarung durch eine aktive Handlung, wie das Markieren eines Kontrollk\u00e4stchens (Checkbox), ausdr\u00fccklich zustimmt.<\/p><p class=\"western\">15.2 Die digitale Annahme hat die gleiche Rechtskraft wie eine schriftliche Unterzeichnung.<\/p><p class=\"western\">15.3 Dinamo Besturing speichert Daten \u00fcber die digitale Annahme als Nachweis der Zustimmung.<\/p>\t\t\t\t\t\t\t\t<\/div>\n\t\t\t\t<\/div>\n\t\t\t\t\t<\/div>\n\t\t\t\t<\/div>\n\t\t\t\t<\/div>\n\t\t","protected":false},"excerpt":{"rendered":"<p>Inhaltsverzeichnis &#8212; H\u00c4NDLER-Bedingungen Dinamo Besturing \u2013 Vertreter &#8212; Artikel 1 \u2013 Parteien 1.1 Dinamo Besturing, mit Sitz am Telgterweg 275a, 3853 NJ Ermelo, Niederlande, eingetragen bei der Handelskammer unter der Nummer 81107595, Umsatzsteuer-Identifikationsnummer NL861934283B01, im Folgenden \u201eDinamo Besturing\u201c genannt. 1.2 H\u00e4ndler: jede nat\u00fcrliche oder juristische Person, die in Aus\u00fcbung ihres Berufs oder Gewerbes handelt und [&hellip;]<\/p>\n","protected":false},"author":1,"featured_media":0,"parent":0,"menu_order":0,"comment_status":"closed","ping_status":"closed","template":"","meta":{"_acf_changed":false,"footnotes":""},"class_list":["post-3913","page","type-page","status-publish","hentry"],"acf":[],"jetpack_sharing_enabled":true,"_links":{"self":[{"href":"https:\/\/dinamobesturing.nl\/de\/wp-json\/wp\/v2\/pages\/3913","targetHints":{"allow":["GET"]}}],"collection":[{"href":"https:\/\/dinamobesturing.nl\/de\/wp-json\/wp\/v2\/pages"}],"about":[{"href":"https:\/\/dinamobesturing.nl\/de\/wp-json\/wp\/v2\/types\/page"}],"author":[{"embeddable":true,"href":"https:\/\/dinamobesturing.nl\/de\/wp-json\/wp\/v2\/users\/1"}],"replies":[{"embeddable":true,"href":"https:\/\/dinamobesturing.nl\/de\/wp-json\/wp\/v2\/comments?post=3913"}],"version-history":[{"count":0,"href":"https:\/\/dinamobesturing.nl\/de\/wp-json\/wp\/v2\/pages\/3913\/revisions"}],"wp:attachment":[{"href":"https:\/\/dinamobesturing.nl\/de\/wp-json\/wp\/v2\/media?parent=3913"}],"curies":[{"name":"wp","href":"https:\/\/api.w.org\/{rel}","templated":true}]}}