{"id":3912,"date":"2025-12-24T13:19:25","date_gmt":"2025-12-24T12:19:25","guid":{"rendered":"https:\/\/dinamobesturing.nl\/referenzen-2\/"},"modified":"2026-04-20T21:40:41","modified_gmt":"2026-04-20T19:40:41","slug":"referenzen-2","status":"publish","type":"page","link":"https:\/\/dinamobesturing.nl\/de\/referenzen-2\/","title":{"rendered":"Referenzen"},"content":{"rendered":"\t\t<div data-elementor-type=\"wp-page\" data-elementor-id=\"3912\" class=\"elementor elementor-3912 elementor-3192\" data-elementor-post-type=\"page\">\n\t\t\t\t<div class=\"elementor-element elementor-element-692241fe e-flex e-con-boxed e-con e-parent\" data-id=\"692241fe\" data-element_type=\"container\" data-e-type=\"container\">\n\t\t\t\t\t<div class=\"e-con-inner\">\n\t\t\t\t<div class=\"elementor-element elementor-element-87b4b0e elementor-headline--style-highlight elementor-widget elementor-widget-animated-headline\" data-id=\"87b4b0e\" data-element_type=\"widget\" data-e-type=\"widget\" data-settings=\"{&quot;highlighted_text&quot;:&quot;unsere Produkte&quot;,&quot;marker&quot;:&quot;curly&quot;,&quot;headline_style&quot;:&quot;highlight&quot;,&quot;loop&quot;:&quot;yes&quot;,&quot;highlight_animation_duration&quot;:1200,&quot;highlight_iteration_delay&quot;:8000}\" data-widget_type=\"animated-headline.default\">\n\t\t\t\t\t\t\t<h3 class=\"elementor-headline\">\n\t\t\t\t\t<span class=\"elementor-headline-plain-text elementor-headline-text-wrapper\">Entdecken Sie, wo Sie unsere Produkte in Aktion sehen k\u00f6nnen<\/span>\n\t\t\t\t<span class=\"elementor-headline-dynamic-wrapper elementor-headline-text-wrapper\">\n\t\t\t\t\t<span class=\"elementor-headline-dynamic-text elementor-headline-text-active\">unsere Produkte<\/span>\n\t\t\t\t<\/span>\n\t\t\t\t\t<span class=\"elementor-headline-plain-text elementor-headline-text-wrapper\">  in Aktion sehen k\u00f6nnen<\/span>\n\t\t\t\t\t<\/h3>\n\t\t\t\t\t\t<\/div>\n\t\t\t\t\t<\/div>\n\t\t\t\t<\/div>\n\t\t<div class=\"elementor-element elementor-element-86b3533 e-flex e-con-boxed e-con e-parent\" data-id=\"86b3533\" data-element_type=\"container\" data-e-type=\"container\">\n\t\t\t\t\t<div class=\"e-con-inner\">\n\t\t\t\t<div class=\"elementor-element elementor-element-4a7ccb6 elementor-grid-1 elementor-grid-tablet-2 elementor-grid-mobile-1 elementor-widget elementor-widget-loop-grid\" data-id=\"4a7ccb6\" data-element_type=\"widget\" data-e-type=\"widget\" data-settings=\"{&quot;template_id&quot;:3975,&quot;columns&quot;:1,&quot;row_gap&quot;:{&quot;unit&quot;:&quot;px&quot;,&quot;size&quot;:100,&quot;sizes&quot;:[]},&quot;_skin&quot;:&quot;post&quot;,&quot;columns_tablet&quot;:&quot;2&quot;,&quot;columns_mobile&quot;:&quot;1&quot;,&quot;edit_handle_selector&quot;:&quot;[data-elementor-type=\\&quot;loop-item\\&quot;]&quot;,&quot;row_gap_tablet&quot;:{&quot;unit&quot;:&quot;px&quot;,&quot;size&quot;:&quot;&quot;,&quot;sizes&quot;:[]},&quot;row_gap_mobile&quot;:{&quot;unit&quot;:&quot;px&quot;,&quot;size&quot;:&quot;&quot;,&quot;sizes&quot;:[]}}\" data-widget_type=\"loop-grid.post\">\n\t\t\t\t<div class=\"elementor-widget-container\">\n\t\t\t\t\t\t\t<div class=\"elementor-loop-container elementor-grid\" role=\"list\">\n\t\t<style id=\"loop-3975\">.elementor-3975 .elementor-element.elementor-element-6aad50b{--display:flex;--flex-direction:row;--container-widget-width:calc( ( 1 - var( --container-widget-flex-grow ) ) * 100% );--container-widget-height:100%;--container-widget-flex-grow:1;--container-widget-align-self:stretch;--flex-wrap-mobile:wrap;--align-items:center;--gap:30px 30px;--row-gap:30px;--column-gap:30px;--flex-wrap:nowrap;--border-radius:25px 25px 25px 25px;box-shadow:0px 0px 10px 0px rgba(0,0,0,0.5);--margin-top:0px;--margin-bottom:0px;--margin-left:0px;--margin-right:0px;--padding-top:15px;--padding-bottom:15px;--padding-left:15px;--padding-right:15px;}.elementor-3975 .elementor-element.elementor-element-82fdad9{--display:flex;--flex-direction:column;--container-widget-width:100%;--container-widget-height:initial;--container-widget-flex-grow:0;--container-widget-align-self:initial;--flex-wrap-mobile:wrap;--justify-content:center;--gap:30px 30px;--row-gap:30px;--column-gap:30px;--margin-top:0px;--margin-bottom:0px;--margin-left:0px;--margin-right:0px;--padding-top:0px;--padding-bottom:0px;--padding-left:0px;--padding-right:0px;}.elementor-3975 .elementor-element.elementor-element-82fdad9.e-con{--align-self:center;}.elementor-3975 .elementor-element.elementor-element-60995ec{--display:flex;--flex-direction:column;--container-widget-width:100%;--container-widget-height:initial;--container-widget-flex-grow:0;--container-widget-align-self:initial;--flex-wrap-mobile:wrap;--gap:30px 30px;--row-gap:30px;--column-gap:30px;--margin-top:0px;--margin-bottom:0px;--margin-left:0px;--margin-right:0px;--padding-top:0px;--padding-bottom:0px;--padding-left:0px;--padding-right:0px;}.elementor-3975 .elementor-element.elementor-element-60995ec.e-con{--align-self:center;}.elementor-3975 .elementor-element.elementor-element-aa3a28a .elementor-button{fill:var( --e-global-color-142d57b );color:var( --e-global-color-142d57b );background-color:var( --e-global-color-c8e9795 );}.elementor-3975 .elementor-element.elementor-element-aa3a28a .elementor-button:hover, .elementor-3975 .elementor-element.elementor-element-aa3a28a .elementor-button:focus{color:var( --e-global-color-9ba9240 );background-color:var( --e-global-color-3b2b962 );border-color:var( --e-global-color-bfead34 );}.elementor-3975 .elementor-element.elementor-element-aa3a28a .elementor-button:hover svg, .elementor-3975 .elementor-element.elementor-element-aa3a28a .elementor-button:focus svg{fill:var( --e-global-color-9ba9240 );}@media(max-width:767px){.elementor-3975 .elementor-element.elementor-element-6aad50b{--content-width:100%;--flex-direction:column;--container-widget-width:100%;--container-widget-height:initial;--container-widget-flex-grow:0;--container-widget-align-self:initial;--flex-wrap-mobile:wrap;--justify-content:flex-start;--gap:0px 0px;--row-gap:0px;--column-gap:0px;--padding-top:15px;--padding-bottom:15px;--padding-left:15px;--padding-right:15px;}.elementor-3975 .elementor-element.elementor-element-82fdad9{--width:100%;--margin-top:0px;--margin-bottom:0px;--margin-left:0px;--margin-right:0px;--padding-top:0px;--padding-bottom:0px;--padding-left:0px;--padding-right:0px;}.elementor-3975 .elementor-element.elementor-element-60995ec{--width:100%;--margin-top:0px;--margin-bottom:0px;--margin-left:0px;--margin-right:0px;--padding-top:0px;--padding-bottom:0px;--padding-left:0px;--padding-right:0px;}.elementor-3975 .elementor-element.elementor-element-7f13650{text-align:center;}.elementor-3975 .elementor-element.elementor-element-7f13650 .elementor-heading-title{font-size:25px;}.elementor-3975 .elementor-element.elementor-element-aa3a28a .elementor-button{font-size:17px;}}@media(min-width:768px){.elementor-3975 .elementor-element.elementor-element-6aad50b{--content-width:100%;}.elementor-3975 .elementor-element.elementor-element-82fdad9{--width:40%;}.elementor-3975 .elementor-element.elementor-element-60995ec{--width:60%;}}<\/style>\t\t<div data-elementor-type=\"loop-item\" data-elementor-id=\"3975\" class=\"elementor elementor-3975 elementor-3191 elementor-3191 e-loop-item e-loop-item-4774 post-4774 referentie type-referentie status-publish has-post-thumbnail hentry\" data-elementor-post-type=\"elementor_library\" data-custom-edit-handle=\"1\">\n\t\t\t<div class=\"elementor-element elementor-element-6aad50b e-flex e-con-boxed e-con e-parent\" data-id=\"6aad50b\" data-element_type=\"container\" data-e-type=\"container\">\n\t\t\t\t\t<div class=\"e-con-inner\">\n\t\t<div class=\"elementor-element elementor-element-82fdad9 e-con-full e-flex e-con e-child\" data-id=\"82fdad9\" data-element_type=\"container\" data-e-type=\"container\">\n\t\t\t\t<div class=\"elementor-element elementor-element-201e693 elementor-widget elementor-widget-theme-post-featured-image elementor-widget-image\" data-id=\"201e693\" data-element_type=\"widget\" data-e-type=\"widget\" data-widget_type=\"theme-post-featured-image.default\">\n\t\t\t\t\t\t\t\t\t\t\t\t\t\t\t<img fetchpriority=\"high\" decoding=\"async\" width=\"300\" height=\"300\" src=\"https:\/\/dinamobesturing.nl\/wp-content\/uploads\/2025\/12\/MWL600-300x300.webp\" class=\"attachment-medium size-medium wp-image-4776\" alt=\"\" srcset=\"https:\/\/dinamobesturing.nl\/wp-content\/uploads\/2025\/12\/MWL600-300x300.webp 300w, https:\/\/dinamobesturing.nl\/wp-content\/uploads\/2025\/12\/MWL600-150x150.webp 150w, https:\/\/dinamobesturing.nl\/wp-content\/uploads\/2025\/12\/MWL600-100x100.webp 100w, https:\/\/dinamobesturing.nl\/wp-content\/uploads\/2025\/12\/MWL600.webp 600w\" sizes=\"(max-width: 300px) 100vw, 300px\" title=\"\">\t\t\t\t\t\t\t\t\t\t\t\t\t\t\t<\/div>\n\t\t\t\t<\/div>\n\t\t<div class=\"elementor-element elementor-element-60995ec e-con-full e-flex e-con e-child\" data-id=\"60995ec\" data-element_type=\"container\" data-e-type=\"container\">\n\t\t\t\t<div class=\"elementor-element elementor-element-7f13650 elementor-widget elementor-widget-theme-post-title elementor-page-title elementor-widget-heading\" data-id=\"7f13650\" data-element_type=\"widget\" data-e-type=\"widget\" data-widget_type=\"theme-post-title.default\">\n\t\t\t\t\t<h2 class=\"elementor-heading-title elementor-size-default\">Miniworld Rotterdam<\/h2>\t\t\t\t<\/div>\n\t\t\t\t<div class=\"elementor-element elementor-element-bf218dd elementor-widget elementor-widget-theme-post-content\" data-id=\"bf218dd\" data-element_type=\"widget\" data-e-type=\"widget\" data-widget_type=\"theme-post-content.default\">\n\t\t\t\t\t\n<p><strong>Miniworld Rotterdam<\/strong> nutzt bereits seit der Er\u00f6ffnung die Produkte von VPEB. Alle Z\u00fcge, Autos, Zubeh\u00f6rteile, Beleuchtungen und bewegten, interaktiven Szenen, kurz gesagt: <strong>alles, was Sie in der Miniaturwelt sehen<\/strong>, wird vollst\u00e4ndig mit Dinamo, OC32 und MCC gesteuert! <\/p>\n\t\t\t\t<\/div>\n\t\t\t\t<div class=\"elementor-element elementor-element-aa3a28a elementor-align-left elementor-mobile-align-justify elementor-widget elementor-widget-button\" data-id=\"aa3a28a\" data-element_type=\"widget\" data-e-type=\"widget\" data-widget_type=\"button.default\">\n\t\t\t\t\t\t\t\t\t\t<a class=\"elementor-button elementor-size-sm elementor-animation-grow\" role=\"button\">\n\t\t\t\t\t\t<span class=\"elementor-button-content-wrapper\">\n\t\t\t\t\t\t\t\t\t<span class=\"elementor-button-text\">Klicken Sie hier f\u00fcr weitere Informationen<\/span>\n\t\t\t\t\t<\/span>\n\t\t\t\t\t<\/a>\n\t\t\t\t\t\t\t\t<\/div>\n\t\t\t\t<\/div>\n\t\t\t\t\t<\/div>\n\t\t\t\t<\/div>\n\t\t\t\t<\/div>\n\t\t\t\t<div data-elementor-type=\"loop-item\" data-elementor-id=\"3975\" class=\"elementor elementor-3975 elementor-3191 elementor-3191 e-loop-item e-loop-item-4775 post-4775 referentie type-referentie status-publish has-post-thumbnail hentry\" data-elementor-post-type=\"elementor_library\" data-custom-edit-handle=\"1\">\n\t\t\t<div class=\"elementor-element elementor-element-6aad50b e-flex e-con-boxed e-con e-parent\" data-id=\"6aad50b\" data-element_type=\"container\" data-e-type=\"container\">\n\t\t\t\t\t<div class=\"e-con-inner\">\n\t\t<div class=\"elementor-element elementor-element-82fdad9 e-con-full e-flex e-con e-child\" data-id=\"82fdad9\" data-element_type=\"container\" data-e-type=\"container\">\n\t\t\t\t<div class=\"elementor-element elementor-element-201e693 elementor-widget elementor-widget-theme-post-featured-image elementor-widget-image\" data-id=\"201e693\" data-element_type=\"widget\" data-e-type=\"widget\" data-widget_type=\"theme-post-featured-image.default\">\n\t\t\t\t\t\t\t\t\t\t\t\t\t\t\t<img decoding=\"async\" width=\"300\" height=\"300\" src=\"https:\/\/dinamobesturing.nl\/wp-content\/uploads\/2026\/01\/Zwolle-300x300.webp\" class=\"attachment-medium size-medium wp-image-4777\" alt=\"\" srcset=\"https:\/\/dinamobesturing.nl\/wp-content\/uploads\/2026\/01\/Zwolle-300x300.webp 300w, https:\/\/dinamobesturing.nl\/wp-content\/uploads\/2026\/01\/Zwolle-150x150.webp 150w, https:\/\/dinamobesturing.nl\/wp-content\/uploads\/2026\/01\/Zwolle-100x100.webp 100w, https:\/\/dinamobesturing.nl\/wp-content\/uploads\/2026\/01\/Zwolle.webp 600w\" sizes=\"(max-width: 300px) 100vw, 300px\" title=\"\">\t\t\t\t\t\t\t\t\t\t\t\t\t\t\t<\/div>\n\t\t\t\t<\/div>\n\t\t<div class=\"elementor-element elementor-element-60995ec e-con-full e-flex e-con e-child\" data-id=\"60995ec\" data-element_type=\"container\" data-e-type=\"container\">\n\t\t\t\t<div class=\"elementor-element elementor-element-7f13650 elementor-widget elementor-widget-theme-post-title elementor-page-title elementor-widget-heading\" data-id=\"7f13650\" data-element_type=\"widget\" data-e-type=\"widget\" data-widget_type=\"theme-post-title.default\">\n\t\t\t\t\t<h2 class=\"elementor-heading-title elementor-size-default\">Vereinigung von Modellbauern Region Zwolle<\/h2>\t\t\t\t<\/div>\n\t\t\t\t<div class=\"elementor-element elementor-element-bf218dd elementor-widget elementor-widget-theme-post-content\" data-id=\"bf218dd\" data-element_type=\"widget\" data-e-type=\"widget\" data-widget_type=\"theme-post-content.default\">\n\t\t\t\t\t\n<p>Die Vereinigung von Modellbauern Region Zwolle verf\u00fcgt \u00fcber 2 Anlagen, die Dinamo-Hardware nutzen.<br\/>Die Zwolsche-Anlage (H0 und mittlerweile \u00fcber 45 Jahre alt) ist mit Dinamo Classic ausgestattet, die Modulanlage in H0 mit der neuen Generation der Dinamo-Hardware.<br\/><br\/>Beide Anlagen werden mit dem Programm Rocrail gesteuert.<\/p>\n\t\t\t\t<\/div>\n\t\t\t\t<div class=\"elementor-element elementor-element-aa3a28a elementor-align-left elementor-mobile-align-justify elementor-widget elementor-widget-button\" data-id=\"aa3a28a\" data-element_type=\"widget\" data-e-type=\"widget\" data-widget_type=\"button.default\">\n\t\t\t\t\t\t\t\t\t\t<a class=\"elementor-button elementor-size-sm elementor-animation-grow\" role=\"button\">\n\t\t\t\t\t\t<span class=\"elementor-button-content-wrapper\">\n\t\t\t\t\t\t\t\t\t<span class=\"elementor-button-text\">Klicken Sie hier f\u00fcr weitere Informationen<\/span>\n\t\t\t\t\t<\/span>\n\t\t\t\t\t<\/a>\n\t\t\t\t\t\t\t\t<\/div>\n\t\t\t\t<\/div>\n\t\t\t\t\t<\/div>\n\t\t\t\t<\/div>\n\t\t\t\t<\/div>\n\t\t\t\t<div data-elementor-type=\"loop-item\" data-elementor-id=\"3975\" class=\"elementor elementor-3975 elementor-3191 elementor-3191 e-loop-item e-loop-item-4786 post-4786 referentie type-referentie status-publish has-post-thumbnail hentry\" data-elementor-post-type=\"elementor_library\" data-custom-edit-handle=\"1\">\n\t\t\t<div class=\"elementor-element elementor-element-6aad50b e-flex e-con-boxed e-con e-parent\" data-id=\"6aad50b\" data-element_type=\"container\" data-e-type=\"container\">\n\t\t\t\t\t<div class=\"e-con-inner\">\n\t\t<div class=\"elementor-element elementor-element-82fdad9 e-con-full e-flex e-con e-child\" data-id=\"82fdad9\" data-element_type=\"container\" data-e-type=\"container\">\n\t\t\t\t<div class=\"elementor-element elementor-element-201e693 elementor-widget elementor-widget-theme-post-featured-image elementor-widget-image\" data-id=\"201e693\" data-element_type=\"widget\" data-e-type=\"widget\" data-widget_type=\"theme-post-featured-image.default\">\n\t\t\t\t\t\t\t\t\t\t\t\t\t\t\t<img decoding=\"async\" width=\"300\" height=\"300\" src=\"https:\/\/dinamobesturing.nl\/wp-content\/uploads\/2025\/12\/drijfstang-300x300.webp\" class=\"attachment-medium size-medium wp-image-4787\" alt=\"\" srcset=\"https:\/\/dinamobesturing.nl\/wp-content\/uploads\/2025\/12\/drijfstang-300x300.webp 300w, https:\/\/dinamobesturing.nl\/wp-content\/uploads\/2025\/12\/drijfstang-150x150.webp 150w, https:\/\/dinamobesturing.nl\/wp-content\/uploads\/2025\/12\/drijfstang-100x100.webp 100w, https:\/\/dinamobesturing.nl\/wp-content\/uploads\/2025\/12\/drijfstang.webp 400w\" sizes=\"(max-width: 300px) 100vw, 300px\" title=\"\">\t\t\t\t\t\t\t\t\t\t\t\t\t\t\t<\/div>\n\t\t\t\t<\/div>\n\t\t<div class=\"elementor-element elementor-element-60995ec e-con-full e-flex e-con e-child\" data-id=\"60995ec\" data-element_type=\"container\" data-e-type=\"container\">\n\t\t\t\t<div class=\"elementor-element elementor-element-7f13650 elementor-widget elementor-widget-theme-post-title elementor-page-title elementor-widget-heading\" data-id=\"7f13650\" data-element_type=\"widget\" data-e-type=\"widget\" data-widget_type=\"theme-post-title.default\">\n\t\t\t\t\t<h2 class=\"elementor-heading-title elementor-size-default\">Modelleisenbahnverein De Drijfstang<\/h2>\t\t\t\t<\/div>\n\t\t\t\t<div class=\"elementor-element elementor-element-bf218dd elementor-widget elementor-widget-theme-post-content\" data-id=\"bf218dd\" data-element_type=\"widget\" data-e-type=\"widget\" data-widget_type=\"theme-post-content.default\">\n\t\t\t\t\t\n<p>Dieser Verein, der bereits seit 32 Jahren besteht und \u00fcber 45 Mitglieder z\u00e4hlt, \u00fcbt ein beachtliches Hobby auf mehr als 250\u00a0m2 aus, wo die Wirklichkeit in eine Welt im Kleinen verzaubert wurde. Diese Welt ist auf drei Anlagen zu sehen: der H0-, N- und LGB-Anlage. Bei diesem Verein ist eine gro\u00dfe Sammlung von MCC-Fahrzeugen in Betrieb, deren Anzahl an Showtagen auf bis zu 20 Fahrzeuge in den Spurweiten H0 und N ansteigen kann. Zudem wird die OC32 f\u00fcr verschiedene Anwendungen eingesetzt.  <\/p>\n\t\t\t\t<\/div>\n\t\t\t\t<div class=\"elementor-element elementor-element-aa3a28a elementor-align-left elementor-mobile-align-justify elementor-widget elementor-widget-button\" data-id=\"aa3a28a\" data-element_type=\"widget\" data-e-type=\"widget\" data-widget_type=\"button.default\">\n\t\t\t\t\t\t\t\t\t\t<a class=\"elementor-button elementor-size-sm elementor-animation-grow\" role=\"button\">\n\t\t\t\t\t\t<span class=\"elementor-button-content-wrapper\">\n\t\t\t\t\t\t\t\t\t<span class=\"elementor-button-text\">Klicken Sie hier f\u00fcr weitere Informationen<\/span>\n\t\t\t\t\t<\/span>\n\t\t\t\t\t<\/a>\n\t\t\t\t\t\t\t\t<\/div>\n\t\t\t\t<\/div>\n\t\t\t\t\t<\/div>\n\t\t\t\t<\/div>\n\t\t\t\t<\/div>\n\t\t\t\t<div data-elementor-type=\"loop-item\" data-elementor-id=\"3975\" class=\"elementor elementor-3975 elementor-3191 elementor-3191 e-loop-item e-loop-item-4580 post-4580 referentie type-referentie status-publish has-post-thumbnail hentry\" data-elementor-post-type=\"elementor_library\" data-custom-edit-handle=\"1\">\n\t\t\t<div class=\"elementor-element elementor-element-6aad50b e-flex e-con-boxed e-con e-parent\" data-id=\"6aad50b\" data-element_type=\"container\" data-e-type=\"container\">\n\t\t\t\t\t<div class=\"e-con-inner\">\n\t\t<div class=\"elementor-element elementor-element-82fdad9 e-con-full e-flex e-con e-child\" data-id=\"82fdad9\" data-element_type=\"container\" data-e-type=\"container\">\n\t\t\t\t<div class=\"elementor-element elementor-element-201e693 elementor-widget elementor-widget-theme-post-featured-image elementor-widget-image\" data-id=\"201e693\" data-element_type=\"widget\" data-e-type=\"widget\" data-widget_type=\"theme-post-featured-image.default\">\n\t\t\t\t\t\t\t\t\t\t\t\t\t\t\t<img loading=\"lazy\" decoding=\"async\" width=\"300\" height=\"300\" src=\"https:\/\/dinamobesturing.nl\/wp-content\/uploads\/2026\/01\/NSV-Zuidwest-300x300.webp\" class=\"attachment-medium size-medium wp-image-4581\" alt=\"\" srcset=\"https:\/\/dinamobesturing.nl\/wp-content\/uploads\/2026\/01\/NSV-Zuidwest-300x300.webp 300w, https:\/\/dinamobesturing.nl\/wp-content\/uploads\/2026\/01\/NSV-Zuidwest-150x150.webp 150w, https:\/\/dinamobesturing.nl\/wp-content\/uploads\/2026\/01\/NSV-Zuidwest-100x100.webp 100w, https:\/\/dinamobesturing.nl\/wp-content\/uploads\/2026\/01\/NSV-Zuidwest.webp 600w\" sizes=\"(max-width: 300px) 100vw, 300px\" title=\"\">\t\t\t\t\t\t\t\t\t\t\t\t\t\t\t<\/div>\n\t\t\t\t<\/div>\n\t\t<div class=\"elementor-element elementor-element-60995ec e-con-full e-flex e-con e-child\" data-id=\"60995ec\" data-element_type=\"container\" data-e-type=\"container\">\n\t\t\t\t<div class=\"elementor-element elementor-element-7f13650 elementor-widget elementor-widget-theme-post-title elementor-page-title elementor-widget-heading\" data-id=\"7f13650\" data-element_type=\"widget\" data-e-type=\"widget\" data-widget_type=\"theme-post-title.default\">\n\t\t\t\t\t<h2 class=\"elementor-heading-title elementor-size-default\">NSV S\u00fcdwest<\/h2>\t\t\t\t<\/div>\n\t\t\t\t<div class=\"elementor-element elementor-element-bf218dd elementor-widget elementor-widget-theme-post-content\" data-id=\"bf218dd\" data-element_type=\"widget\" data-e-type=\"widget\" data-widget_type=\"theme-post-content.default\">\n\t\t\t\t\t\n<p>Unsere kleine M\u00e4rchenheim-Anlage (80 \u00d7 70 cm) l\u00e4uft mit dem Dinamo-System, gesteuert von einem Raspberry Pi mit iTrain. Die Hardware besteht aus einer RMU, drei TM44-Blockkarten (10 im Einsatz plus eine f\u00fcr das abnehmbare Programmier-\/Eichgleis), zwei OC32 und einem UCCI f\u00fcr MCC. <\/p>\n\n<p>Ein OC32 steuert die Weichen, die Tag-\/Nachtsimulation, (zuk\u00fcnftige) Signale und triggert Arduinos mit Neopixels f\u00fcr stimmungsvolle Lichteffekte. Der andere OC32 schaltet die Beleuchtung in den H\u00e4uschen. Hall-Sensoren laufen \u00fcber zwei SHdec. Kurz gesagt: kleine Anlage, aber vollgepackt mit Technik!   <\/p>\n\t\t\t\t<\/div>\n\t\t\t\t<div class=\"elementor-element elementor-element-aa3a28a elementor-align-left elementor-mobile-align-justify elementor-widget elementor-widget-button\" data-id=\"aa3a28a\" data-element_type=\"widget\" data-e-type=\"widget\" data-widget_type=\"button.default\">\n\t\t\t\t\t\t\t\t\t\t<a class=\"elementor-button elementor-size-sm elementor-animation-grow\" role=\"button\">\n\t\t\t\t\t\t<span class=\"elementor-button-content-wrapper\">\n\t\t\t\t\t\t\t\t\t<span class=\"elementor-button-text\">Klicken Sie hier f\u00fcr weitere Informationen<\/span>\n\t\t\t\t\t<\/span>\n\t\t\t\t\t<\/a>\n\t\t\t\t\t\t\t\t<\/div>\n\t\t\t\t<\/div>\n\t\t\t\t\t<\/div>\n\t\t\t\t<\/div>\n\t\t\t\t<\/div>\n\t\t\t\t<div data-elementor-type=\"loop-item\" data-elementor-id=\"3975\" class=\"elementor elementor-3975 elementor-3191 elementor-3191 e-loop-item e-loop-item-4578 post-4578 referentie type-referentie status-publish has-post-thumbnail hentry\" data-elementor-post-type=\"elementor_library\" data-custom-edit-handle=\"1\">\n\t\t\t<div class=\"elementor-element elementor-element-6aad50b e-flex e-con-boxed e-con e-parent\" data-id=\"6aad50b\" data-element_type=\"container\" data-e-type=\"container\">\n\t\t\t\t\t<div class=\"e-con-inner\">\n\t\t<div class=\"elementor-element elementor-element-82fdad9 e-con-full e-flex e-con e-child\" data-id=\"82fdad9\" data-element_type=\"container\" data-e-type=\"container\">\n\t\t\t\t<div class=\"elementor-element elementor-element-201e693 elementor-widget elementor-widget-theme-post-featured-image elementor-widget-image\" data-id=\"201e693\" data-element_type=\"widget\" data-e-type=\"widget\" data-widget_type=\"theme-post-featured-image.default\">\n\t\t\t\t\t\t\t\t\t\t\t\t\t\t\t<img loading=\"lazy\" decoding=\"async\" width=\"300\" height=\"300\" src=\"https:\/\/dinamobesturing.nl\/wp-content\/uploads\/2025\/12\/Nienoord-300x300.webp\" class=\"attachment-medium size-medium wp-image-4579\" alt=\"\" srcset=\"https:\/\/dinamobesturing.nl\/wp-content\/uploads\/2025\/12\/Nienoord-300x300.webp 300w, https:\/\/dinamobesturing.nl\/wp-content\/uploads\/2025\/12\/Nienoord-150x150.webp 150w, https:\/\/dinamobesturing.nl\/wp-content\/uploads\/2025\/12\/Nienoord-100x100.webp 100w, https:\/\/dinamobesturing.nl\/wp-content\/uploads\/2025\/12\/Nienoord.webp 600w\" sizes=\"(max-width: 300px) 100vw, 300px\" title=\"\">\t\t\t\t\t\t\t\t\t\t\t\t\t\t\t<\/div>\n\t\t\t\t<\/div>\n\t\t<div class=\"elementor-element elementor-element-60995ec e-con-full e-flex e-con e-child\" data-id=\"60995ec\" data-element_type=\"container\" data-e-type=\"container\">\n\t\t\t\t<div class=\"elementor-element elementor-element-7f13650 elementor-widget elementor-widget-theme-post-title elementor-page-title elementor-widget-heading\" data-id=\"7f13650\" data-element_type=\"widget\" data-e-type=\"widget\" data-widget_type=\"theme-post-title.default\">\n\t\t\t\t\t<h2 class=\"elementor-heading-title elementor-size-default\">Landgut Nienoord<\/h2>\t\t\t\t<\/div>\n\t\t\t\t<div class=\"elementor-element elementor-element-bf218dd elementor-widget elementor-widget-theme-post-content\" data-id=\"bf218dd\" data-element_type=\"widget\" data-e-type=\"widget\" data-widget_type=\"theme-post-content.default\">\n\t\t\t\t\t\n<p>Bewundern Sie die gro\u00dfe Miniaturwelt (innen) und die Modellbahnanlage (au\u00dfen). Diese verkleinerten Welten stecken voller Details.<br\/>Bei Nienoord verwendet man f\u00fcr die LGB-Au\u00dfengleise eine angepasste Version von Dinamo Classic. Eine Version, bei der das Classic TM-H zu einem Powerhouse f\u00fcr die Leistungsanforderungen dieser Lokomotiven umgebaut wurde.  <\/p>\n\t\t\t\t<\/div>\n\t\t\t\t<div class=\"elementor-element elementor-element-aa3a28a elementor-align-left elementor-mobile-align-justify elementor-widget elementor-widget-button\" data-id=\"aa3a28a\" data-element_type=\"widget\" data-e-type=\"widget\" data-widget_type=\"button.default\">\n\t\t\t\t\t\t\t\t\t\t<a class=\"elementor-button elementor-size-sm elementor-animation-grow\" role=\"button\">\n\t\t\t\t\t\t<span class=\"elementor-button-content-wrapper\">\n\t\t\t\t\t\t\t\t\t<span class=\"elementor-button-text\">Klicken Sie hier f\u00fcr weitere Informationen<\/span>\n\t\t\t\t\t<\/span>\n\t\t\t\t\t<\/a>\n\t\t\t\t\t\t\t\t<\/div>\n\t\t\t\t<\/div>\n\t\t\t\t\t<\/div>\n\t\t\t\t<\/div>\n\t\t\t\t<\/div>\n\t\t\t\t<\/div>\n\t\t\n\t\t\t\t\t\t<\/div>\n\t\t\t\t<\/div>\n\t\t\t\t\t<\/div>\n\t\t\t\t<\/div>\n\t\t\t\t<\/div>\n\t\t","protected":false},"excerpt":{"rendered":"<p>Entdecken Sie, wo Sie unsere Produkte in Aktion sehen k\u00f6nnen unsere Produkte in Aktion sehen k\u00f6nnen<\/p>\n","protected":false},"author":1,"featured_media":0,"parent":0,"menu_order":0,"comment_status":"closed","ping_status":"closed","template":"","meta":{"_acf_changed":false,"footnotes":""},"class_list":["post-3912","page","type-page","status-publish","hentry"],"acf":[],"jetpack_sharing_enabled":true,"_links":{"self":[{"href":"https:\/\/dinamobesturing.nl\/de\/wp-json\/wp\/v2\/pages\/3912","targetHints":{"allow":["GET"]}}],"collection":[{"href":"https:\/\/dinamobesturing.nl\/de\/wp-json\/wp\/v2\/pages"}],"about":[{"href":"https:\/\/dinamobesturing.nl\/de\/wp-json\/wp\/v2\/types\/page"}],"author":[{"embeddable":true,"href":"https:\/\/dinamobesturing.nl\/de\/wp-json\/wp\/v2\/users\/1"}],"replies":[{"embeddable":true,"href":"https:\/\/dinamobesturing.nl\/de\/wp-json\/wp\/v2\/comments?post=3912"}],"version-history":[{"count":0,"href":"https:\/\/dinamobesturing.nl\/de\/wp-json\/wp\/v2\/pages\/3912\/revisions"}],"wp:attachment":[{"href":"https:\/\/dinamobesturing.nl\/de\/wp-json\/wp\/v2\/media?parent=3912"}],"curies":[{"name":"wp","href":"https:\/\/api.w.org\/{rel}","templated":true}]}}